{"id":100,"date":"2015-08-11T23:20:56","date_gmt":"2015-08-11T23:20:56","guid":{"rendered":"http:\/\/localhost\/berrywhale\/samana\/en\/?page_id=100"},"modified":"2019-05-02T16:02:25","modified_gmt":"2019-05-02T16:02:25","slug":"invest-in-samana","status":"publish","type":"page","link":"https:\/\/gosamana.com\/en\/invest-in-samana\/","title":{"rendered":"Invest in Saman\u00e1"},"content":{"rendered":"<p>Saman\u00e1 destination endless golden beaches, turquoise waters and coconut palms swaying in a green horizon, Caribbean rhythms, rum and beer.<br \/>\nOf nice people and a contagious humor, everything is relaxed and calm.\u00a0Saman\u00e1 stress the word does not exist.<br \/>\nPeople who live here enjoy beachcombing and dishes made based on fresh seafood brought by fishermen on the shore of the beach.<br \/>\nIf your dream has always been to live in paradise, recently built several projects, some under construction and plans some more about where to find your next home.<\/p>\n","protected":false},"excerpt":{"rendered":"<p>Saman\u00e1 destination endless golden beaches, turquoise waters and coconut palms swaying in a green horizon, Caribbean rhythms, rum and beer. Of nice people and a contagious humor, everything is relaxed and calm.\u00a0Saman\u00e1 stress the word does not exist. People who live here enjoy beachcombing and dishes made based on fresh seafood brought by fishermen on [&hellip;]<\/p>\n","protected":false},"author":1,"featured_media":1301,"parent":0,"menu_order":0,"comment_status":"open","ping_status":"closed","template":"invierte.php","meta":{"footnotes":""},"class_list":["post-100","page","type-page","status-publish","has-post-thumbnail","hentry"],"yoast_head":"<!-- This site is optimized with the Yoast SEO plugin v25.8 - https:\/\/yoast.com\/wordpress\/plugins\/seo\/ -->\n<title>Invest in Saman\u00e1 - Saman\u00e1<\/title>\n<meta name=\"description\" content=\"Saman\u00e1 destination endless golden beaches, turquoise waters and coconut palms swaying in a green horizon, Caribbean rhythms, rum and beer.\u00a0\" \/>\n<meta name=\"robots\" content=\"index, follow, max-snippet:-1, max-image-preview:large, max-video-preview:-1\" \/>\n<link rel=\"canonical\" href=\"https:\/\/gosamana.com\/en\/invest-in-samana\/\" \/>\n<meta property=\"og:locale\" content=\"en_US\" \/>\n<meta property=\"og:type\" content=\"article\" \/>\n<meta property=\"og:title\" content=\"Invest in Saman\u00e1 - Saman\u00e1\" \/>\n<meta property=\"og:description\" content=\"Saman\u00e1 destination endless golden beaches, turquoise waters and coconut palms swaying in a green horizon, Caribbean rhythms, rum and beer.\u00a0\" \/>\n<meta property=\"og:url\" content=\"https:\/\/gosamana.com\/en\/invest-in-samana\/\" \/>\n<meta property=\"og:site_name\" content=\"Saman\u00e1\" \/>\n<meta property=\"article:modified_time\" content=\"2019-05-02T16:02:25+00:00\" \/>\n<meta property=\"og:image\" content=\"https:\/\/gosamana.com\/wp-content\/uploads\/2015\/08\/hotel-balcones-del-atlantico.jpg\" \/>\n\t<meta property=\"og:image:width\" content=\"1878\" \/>\n\t<meta property=\"og:image:height\" content=\"1251\" \/>\n\t<meta property=\"og:image:type\" content=\"image\/jpeg\" \/>\n<meta name=\"twitter:card\" content=\"summary_large_image\" \/>\n<script type=\"application\/ld+json\" class=\"yoast-schema-graph\">{\"@context\":\"https:\/\/schema.org\",\"@graph\":[{\"@type\":\"WebPage\",\"@id\":\"https:\/\/gosamana.com\/en\/invest-in-samana\/\",\"url\":\"https:\/\/gosamana.com\/en\/invest-in-samana\/\",\"name\":\"Invest in Saman\u00e1 - Saman\u00e1\",\"isPartOf\":{\"@id\":\"https:\/\/gosamana.com\/en\/#website\"},\"primaryImageOfPage\":{\"@id\":\"https:\/\/gosamana.com\/en\/invest-in-samana\/#primaryimage\"},\"image\":{\"@id\":\"https:\/\/gosamana.com\/en\/invest-in-samana\/#primaryimage\"},\"thumbnailUrl\":\"https:\/\/gosamana.com\/wp-content\/uploads\/2015\/08\/hotel-balcones-del-atlantico.jpg\",\"datePublished\":\"2015-08-11T23:20:56+00:00\",\"dateModified\":\"2019-05-02T16:02:25+00:00\",\"description\":\"Saman\u00e1 destination endless golden beaches, turquoise waters and coconut palms swaying in a green horizon, Caribbean rhythms, rum and beer.\u00a0\",\"breadcrumb\":{\"@id\":\"https:\/\/gosamana.com\/en\/invest-in-samana\/#breadcrumb\"},\"inLanguage\":\"en-US\",\"potentialAction\":[{\"@type\":\"ReadAction\",\"target\":[\"https:\/\/gosamana.com\/en\/invest-in-samana\/\"]}]},{\"@type\":\"ImageObject\",\"inLanguage\":\"en-US\",\"@id\":\"https:\/\/gosamana.com\/en\/invest-in-samana\/#primaryimage\",\"url\":\"https:\/\/gosamana.com\/wp-content\/uploads\/2015\/08\/hotel-balcones-del-atlantico.jpg\",\"contentUrl\":\"https:\/\/gosamana.com\/wp-content\/uploads\/2015\/08\/hotel-balcones-del-atlantico.jpg\",\"width\":1878,\"height\":1251},{\"@type\":\"BreadcrumbList\",\"@id\":\"https:\/\/gosamana.com\/en\/invest-in-samana\/#breadcrumb\",\"itemListElement\":[{\"@type\":\"ListItem\",\"position\":1,\"name\":\"Portada\",\"item\":\"https:\/\/gosamana.com\/en\/\"},{\"@type\":\"ListItem\",\"position\":2,\"name\":\"Invest in Saman\u00e1\"}]},{\"@type\":\"WebSite\",\"@id\":\"https:\/\/gosamana.com\/en\/#website\",\"url\":\"https:\/\/gosamana.com\/en\/\",\"name\":\"Saman\u00e1\",\"description\":\"Sitio oficial del destino tur\u00edstico Saman\u00e1\",\"potentialAction\":[{\"@type\":\"SearchAction\",\"target\":{\"@type\":\"EntryPoint\",\"urlTemplate\":\"https:\/\/gosamana.com\/en\/?s={search_term_string}\"},\"query-input\":{\"@type\":\"PropertyValueSpecification\",\"valueRequired\":true,\"valueName\":\"search_term_string\"}}],\"inLanguage\":\"en-US\"}]}<\/script>\n<!-- \/ Yoast SEO plugin. -->","yoast_head_json":{"title":"Invest in Saman\u00e1 - Saman\u00e1","description":"Saman\u00e1 destination endless golden beaches, turquoise waters and coconut palms swaying in a green horizon, Caribbean rhythms, rum and beer.\u00a0","robots":{"index":"index","follow":"follow","max-snippet":"max-snippet:-1","max-image-preview":"max-image-preview:large","max-video-preview":"max-video-preview:-1"},"canonical":"https:\/\/gosamana.com\/en\/invest-in-samana\/","og_locale":"en_US","og_type":"article","og_title":"Invest in Saman\u00e1 - Saman\u00e1","og_description":"Saman\u00e1 destination endless golden beaches, turquoise waters and coconut palms swaying in a green horizon, Caribbean rhythms, rum and beer.\u00a0","og_url":"https:\/\/gosamana.com\/en\/invest-in-samana\/","og_site_name":"Saman\u00e1","article_modified_time":"2019-05-02T16:02:25+00:00","og_image":[{"width":1878,"height":1251,"url":"https:\/\/gosamana.com\/wp-content\/uploads\/2015\/08\/hotel-balcones-del-atlantico.jpg","type":"image\/jpeg"}],"twitter_card":"summary_large_image","schema":{"@context":"https:\/\/schema.org","@graph":[{"@type":"WebPage","@id":"https:\/\/gosamana.com\/en\/invest-in-samana\/","url":"https:\/\/gosamana.com\/en\/invest-in-samana\/","name":"Invest in Saman\u00e1 - Saman\u00e1","isPartOf":{"@id":"https:\/\/gosamana.com\/en\/#website"},"primaryImageOfPage":{"@id":"https:\/\/gosamana.com\/en\/invest-in-samana\/#primaryimage"},"image":{"@id":"https:\/\/gosamana.com\/en\/invest-in-samana\/#primaryimage"},"thumbnailUrl":"https:\/\/gosamana.com\/wp-content\/uploads\/2015\/08\/hotel-balcones-del-atlantico.jpg","datePublished":"2015-08-11T23:20:56+00:00","dateModified":"2019-05-02T16:02:25+00:00","description":"Saman\u00e1 destination endless golden beaches, turquoise waters and coconut palms swaying in a green horizon, Caribbean rhythms, rum and beer.\u00a0","breadcrumb":{"@id":"https:\/\/gosamana.com\/en\/invest-in-samana\/#breadcrumb"},"inLanguage":"en-US","potentialAction":[{"@type":"ReadAction","target":["https:\/\/gosamana.com\/en\/invest-in-samana\/"]}]},{"@type":"ImageObject","inLanguage":"en-US","@id":"https:\/\/gosamana.com\/en\/invest-in-samana\/#primaryimage","url":"https:\/\/gosamana.com\/wp-content\/uploads\/2015\/08\/hotel-balcones-del-atlantico.jpg","contentUrl":"https:\/\/gosamana.com\/wp-content\/uploads\/2015\/08\/hotel-balcones-del-atlantico.jpg","width":1878,"height":1251},{"@type":"BreadcrumbList","@id":"https:\/\/gosamana.com\/en\/invest-in-samana\/#breadcrumb","itemListElement":[{"@type":"ListItem","position":1,"name":"Portada","item":"https:\/\/gosamana.com\/en\/"},{"@type":"ListItem","position":2,"name":"Invest in Saman\u00e1"}]},{"@type":"WebSite","@id":"https:\/\/gosamana.com\/en\/#website","url":"https:\/\/gosamana.com\/en\/","name":"Saman\u00e1","description":"Sitio oficial del destino tur\u00edstico Saman\u00e1","potentialAction":[{"@type":"SearchAction","target":{"@type":"EntryPoint","urlTemplate":"https:\/\/gosamana.com\/en\/?s={search_term_string}"},"query-input":{"@type":"PropertyValueSpecification","valueRequired":true,"valueName":"search_term_string"}}],"inLanguage":"en-US"}]}},"_links":{"self":[{"href":"https:\/\/gosamana.com\/en\/wp-json\/wp\/v2\/pages\/100","targetHints":{"allow":["GET"]}}],"collection":[{"href":"https:\/\/gosamana.com\/en\/wp-json\/wp\/v2\/pages"}],"about":[{"href":"https:\/\/gosamana.com\/en\/wp-json\/wp\/v2\/types\/page"}],"author":[{"embeddable":true,"href":"https:\/\/gosamana.com\/en\/wp-json\/wp\/v2\/users\/1"}],"replies":[{"embeddable":true,"href":"https:\/\/gosamana.com\/en\/wp-json\/wp\/v2\/comments?post=100"}],"version-history":[{"count":8,"href":"https:\/\/gosamana.com\/en\/wp-json\/wp\/v2\/pages\/100\/revisions"}],"predecessor-version":[{"id":3000,"href":"https:\/\/gosamana.com\/en\/wp-json\/wp\/v2\/pages\/100\/revisions\/3000"}],"wp:featuredmedia":[{"embeddable":true,"href":"https:\/\/gosamana.com\/en\/wp-json\/wp\/v2\/media\/1301"}],"wp:attachment":[{"href":"https:\/\/gosamana.com\/en\/wp-json\/wp\/v2\/media?parent=100"}],"curies":[{"name":"wp","href":"https:\/\/api.w.org\/{rel}","templated":true}]}}