{"id":112,"date":"2015-08-12T20:36:07","date_gmt":"2015-08-12T20:36:07","guid":{"rendered":"http:\/\/localhost\/berrywhale\/samana\/en\/?page_id=112"},"modified":"2015-12-21T15:53:21","modified_gmt":"2015-12-21T15:53:21","slug":"whats-new","status":"publish","type":"page","link":"https:\/\/gosamana.com\/en\/whats-new\/","title":{"rendered":"What&#8217;s new"},"content":{"rendered":"<p>Saman\u00e1 maintains a variety of festivals and traditions throughout the year. Search the month in which you plan to visit this place and discover what is planned for that date.<\/p>\n","protected":false},"excerpt":{"rendered":"<p>Saman\u00e1 maintains a variety of festivals and traditions throughout the year. Search the month in which you plan to visit this place and discover what is planned for that date.<\/p>\n","protected":false},"author":1,"featured_media":2753,"parent":0,"menu_order":0,"comment_status":"open","ping_status":"open","template":"quehaydenuevo.php","meta":{"footnotes":""},"class_list":["post-112","page","type-page","status-publish","has-post-thumbnail","hentry"],"yoast_head":"<!-- This site is optimized with the Yoast SEO plugin v25.8 - https:\/\/yoast.com\/wordpress\/plugins\/seo\/ -->\n<title>What&#039;s new - Saman\u00e1<\/title>\n<meta name=\"description\" content=\"Saman\u00e1 maintains a variety of festivals and traditions throughout the year.\" \/>\n<meta name=\"robots\" content=\"index, follow, max-snippet:-1, max-image-preview:large, max-video-preview:-1\" \/>\n<link rel=\"canonical\" href=\"https:\/\/gosamana.com\/en\/whats-new\/\" \/>\n<meta property=\"og:locale\" content=\"en_US\" \/>\n<meta property=\"og:type\" content=\"article\" \/>\n<meta property=\"og:title\" content=\"What&#039;s new - Saman\u00e1\" \/>\n<meta property=\"og:description\" content=\"Saman\u00e1 maintains a variety of festivals and traditions throughout the year.\" \/>\n<meta property=\"og:url\" content=\"https:\/\/gosamana.com\/en\/whats-new\/\" \/>\n<meta property=\"og:site_name\" content=\"Saman\u00e1\" \/>\n<meta property=\"article:modified_time\" content=\"2015-12-21T15:53:21+00:00\" \/>\n<meta property=\"og:image\" content=\"https:\/\/gosamana.com\/wp-content\/uploads\/2015\/08\/cosasporhacertop.jpg\" \/>\n\t<meta property=\"og:image:width\" content=\"1900\" \/>\n\t<meta property=\"og:image:height\" content=\"600\" \/>\n\t<meta property=\"og:image:type\" content=\"image\/jpeg\" \/>\n<meta name=\"twitter:card\" content=\"summary_large_image\" \/>\n<script type=\"application\/ld+json\" class=\"yoast-schema-graph\">{\"@context\":\"https:\/\/schema.org\",\"@graph\":[{\"@type\":\"WebPage\",\"@id\":\"https:\/\/gosamana.com\/en\/whats-new\/\",\"url\":\"https:\/\/gosamana.com\/en\/whats-new\/\",\"name\":\"What's new - Saman\u00e1\",\"isPartOf\":{\"@id\":\"https:\/\/gosamana.com\/en\/#website\"},\"primaryImageOfPage\":{\"@id\":\"https:\/\/gosamana.com\/en\/whats-new\/#primaryimage\"},\"image\":{\"@id\":\"https:\/\/gosamana.com\/en\/whats-new\/#primaryimage\"},\"thumbnailUrl\":\"https:\/\/gosamana.com\/wp-content\/uploads\/2015\/08\/cosasporhacertop.jpg\",\"datePublished\":\"2015-08-12T20:36:07+00:00\",\"dateModified\":\"2015-12-21T15:53:21+00:00\",\"description\":\"Saman\u00e1 maintains a variety of festivals and traditions throughout the year.\",\"breadcrumb\":{\"@id\":\"https:\/\/gosamana.com\/en\/whats-new\/#breadcrumb\"},\"inLanguage\":\"en-US\",\"potentialAction\":[{\"@type\":\"ReadAction\",\"target\":[\"https:\/\/gosamana.com\/en\/whats-new\/\"]}]},{\"@type\":\"ImageObject\",\"inLanguage\":\"en-US\",\"@id\":\"https:\/\/gosamana.com\/en\/whats-new\/#primaryimage\",\"url\":\"https:\/\/gosamana.com\/wp-content\/uploads\/2015\/08\/cosasporhacertop.jpg\",\"contentUrl\":\"https:\/\/gosamana.com\/wp-content\/uploads\/2015\/08\/cosasporhacertop.jpg\",\"width\":1900,\"height\":600},{\"@type\":\"BreadcrumbList\",\"@id\":\"https:\/\/gosamana.com\/en\/whats-new\/#breadcrumb\",\"itemListElement\":[{\"@type\":\"ListItem\",\"position\":1,\"name\":\"Portada\",\"item\":\"https:\/\/gosamana.com\/en\/\"},{\"@type\":\"ListItem\",\"position\":2,\"name\":\"What&#8217;s new\"}]},{\"@type\":\"WebSite\",\"@id\":\"https:\/\/gosamana.com\/en\/#website\",\"url\":\"https:\/\/gosamana.com\/en\/\",\"name\":\"Saman\u00e1\",\"description\":\"Sitio oficial del destino tur\u00edstico Saman\u00e1\",\"potentialAction\":[{\"@type\":\"SearchAction\",\"target\":{\"@type\":\"EntryPoint\",\"urlTemplate\":\"https:\/\/gosamana.com\/en\/?s={search_term_string}\"},\"query-input\":{\"@type\":\"PropertyValueSpecification\",\"valueRequired\":true,\"valueName\":\"search_term_string\"}}],\"inLanguage\":\"en-US\"}]}<\/script>\n<!-- \/ Yoast SEO plugin. -->","yoast_head_json":{"title":"What's new - Saman\u00e1","description":"Saman\u00e1 maintains a variety of festivals and traditions throughout the year.","robots":{"index":"index","follow":"follow","max-snippet":"max-snippet:-1","max-image-preview":"max-image-preview:large","max-video-preview":"max-video-preview:-1"},"canonical":"https:\/\/gosamana.com\/en\/whats-new\/","og_locale":"en_US","og_type":"article","og_title":"What's new - Saman\u00e1","og_description":"Saman\u00e1 maintains a variety of festivals and traditions throughout the year.","og_url":"https:\/\/gosamana.com\/en\/whats-new\/","og_site_name":"Saman\u00e1","article_modified_time":"2015-12-21T15:53:21+00:00","og_image":[{"width":1900,"height":600,"url":"https:\/\/gosamana.com\/wp-content\/uploads\/2015\/08\/cosasporhacertop.jpg","type":"image\/jpeg"}],"twitter_card":"summary_large_image","schema":{"@context":"https:\/\/schema.org","@graph":[{"@type":"WebPage","@id":"https:\/\/gosamana.com\/en\/whats-new\/","url":"https:\/\/gosamana.com\/en\/whats-new\/","name":"What's new - Saman\u00e1","isPartOf":{"@id":"https:\/\/gosamana.com\/en\/#website"},"primaryImageOfPage":{"@id":"https:\/\/gosamana.com\/en\/whats-new\/#primaryimage"},"image":{"@id":"https:\/\/gosamana.com\/en\/whats-new\/#primaryimage"},"thumbnailUrl":"https:\/\/gosamana.com\/wp-content\/uploads\/2015\/08\/cosasporhacertop.jpg","datePublished":"2015-08-12T20:36:07+00:00","dateModified":"2015-12-21T15:53:21+00:00","description":"Saman\u00e1 maintains a variety of festivals and traditions throughout the year.","breadcrumb":{"@id":"https:\/\/gosamana.com\/en\/whats-new\/#breadcrumb"},"inLanguage":"en-US","potentialAction":[{"@type":"ReadAction","target":["https:\/\/gosamana.com\/en\/whats-new\/"]}]},{"@type":"ImageObject","inLanguage":"en-US","@id":"https:\/\/gosamana.com\/en\/whats-new\/#primaryimage","url":"https:\/\/gosamana.com\/wp-content\/uploads\/2015\/08\/cosasporhacertop.jpg","contentUrl":"https:\/\/gosamana.com\/wp-content\/uploads\/2015\/08\/cosasporhacertop.jpg","width":1900,"height":600},{"@type":"BreadcrumbList","@id":"https:\/\/gosamana.com\/en\/whats-new\/#breadcrumb","itemListElement":[{"@type":"ListItem","position":1,"name":"Portada","item":"https:\/\/gosamana.com\/en\/"},{"@type":"ListItem","position":2,"name":"What&#8217;s new"}]},{"@type":"WebSite","@id":"https:\/\/gosamana.com\/en\/#website","url":"https:\/\/gosamana.com\/en\/","name":"Saman\u00e1","description":"Sitio oficial del destino tur\u00edstico Saman\u00e1","potentialAction":[{"@type":"SearchAction","target":{"@type":"EntryPoint","urlTemplate":"https:\/\/gosamana.com\/en\/?s={search_term_string}"},"query-input":{"@type":"PropertyValueSpecification","valueRequired":true,"valueName":"search_term_string"}}],"inLanguage":"en-US"}]}},"_links":{"self":[{"href":"https:\/\/gosamana.com\/en\/wp-json\/wp\/v2\/pages\/112","targetHints":{"allow":["GET"]}}],"collection":[{"href":"https:\/\/gosamana.com\/en\/wp-json\/wp\/v2\/pages"}],"about":[{"href":"https:\/\/gosamana.com\/en\/wp-json\/wp\/v2\/types\/page"}],"author":[{"embeddable":true,"href":"https:\/\/gosamana.com\/en\/wp-json\/wp\/v2\/users\/1"}],"replies":[{"embeddable":true,"href":"https:\/\/gosamana.com\/en\/wp-json\/wp\/v2\/comments?post=112"}],"version-history":[{"count":4,"href":"https:\/\/gosamana.com\/en\/wp-json\/wp\/v2\/pages\/112\/revisions"}],"predecessor-version":[{"id":3039,"href":"https:\/\/gosamana.com\/en\/wp-json\/wp\/v2\/pages\/112\/revisions\/3039"}],"wp:featuredmedia":[{"embeddable":true,"href":"https:\/\/gosamana.com\/en\/wp-json\/wp\/v2\/media\/2753"}],"wp:attachment":[{"href":"https:\/\/gosamana.com\/en\/wp-json\/wp\/v2\/media?parent=112"}],"curies":[{"name":"wp","href":"https:\/\/api.w.org\/{rel}","templated":true}]}}