{"id":273,"date":"2015-09-15T02:33:27","date_gmt":"2015-09-15T02:33:27","guid":{"rendered":"http:\/\/localhost\/berrywhale\/samana\/en\/?page_id=273"},"modified":"2019-05-02T16:18:49","modified_gmt":"2019-05-02T16:18:49","slug":"privacy-policy","status":"publish","type":"page","link":"https:\/\/gosamana.com\/en\/privacy-policy\/","title":{"rendered":"Privacy policy"},"content":{"rendered":"<p><span style=\"font-weight: 400;\">We use cookies to improve the browsing experience.<\/span><\/p>\n<p><span style=\"font-weight: 400;\">By continuing we understand that accept our cookies policy<\/span><\/p>\n<ol>\n<li><span style=\"font-weight: 400;\"> GOSAMANA, as owner for all purposes of this website and responsible for computer files derived from it ensures the integrity and full compliance with the obligations provided for by the laws on Personal Data Protection<\/span><\/li>\n<li><span style=\"font-weight: 400;\"> This statement is intended to inform users of the policy of protection of personal data followed by GOSAMANA. It shall apply if users decide to fill any form REPORTUR where personal data are collected, subject as indicated in the privacy policy applicable to each specific form.<\/span><\/li>\n<li><span style=\"font-weight: 400;\"> GOSAMANA may change this Privacy Policy based on legislative requirements or self, so users who visit regularly advised.<\/span><\/li>\n<li><span style=\"font-weight: 400;\"> GOSAMANA is fully aware of the use and treatment that should be given to personal data that may be required or that may be obtained by users on its websites for the purpose of managing the services offered or referring them products or commercial communications services that may be of interest.<\/span><\/li>\n<li><span style=\"font-weight: 400;\"> GOSAMANA take the measures necessary technical and organizational nature to guarantee the security of personal data and thus avoid its alteration, loss, or unauthorized access. However, GOSAMANA can not guarantee the absolute infallibility of the Internet and therefore the violation of data through fraudulent access to them by third parties.<\/span><\/li>\n<li><span style=\"font-weight: 400;\"> Part of services offers users GOSAMANA use cookies. A cookie is a small text file that the server can store on the hard disk of a computer to store some information about the user. The cookie can only be read by the website that sent the team. There is an executable file can neither propagate nor contain a virus. GOSAMANA uses this data with the ultimate aim of improving its services. The information stored GOSAMANA through this mechanism allows the user to recognize different website visits. The user can configure your browser to accept or decline cookies however GOSAMANA advises and thank you activate the acceptance of cookies in order to obtain more accurate data for improving the content and adapt to user preferences. GOSAMANA not responsible for the deactivation of cookies impede the smooth functioning of the page.<\/span><\/li>\n<li><span style=\"font-weight: 400;\"> The users will respond in any case, the veracity of the information provided and GOSAMANA responsible for communicating any changes in them, being exempted from any liability in this regard GOSAMANA are made.<\/span><\/li>\n<li><span style=\"font-weight: 400;\"> Users have and may exercise rights of access, cancellation, rectification and opposition by writing to the addresses indicated in each case or the address indicated in paragraph 1, identifying and specifying the application communication. In their case, they must provide a photocopy of an official identification document.<\/span><\/li>\n<li><span style=\"font-weight: 400;\"> GOSAMANA informs users that if you have applied for sending commercial messages or alerts may unsubscribe from such communications by following the instructions in each case or by writing to the following address: info @ gosamana.com<\/span><\/li>\n<li><span style=\"font-weight: 400;\"> With regard to the personal data of children under 14 years GOSAMANA never use this information for improper purposes for the child&#8217;s age. GOSAMANA provide parents or guardians the possibility that they may exercise their rights of access, cancellation, rectification and opposition of the data of their children or wards and encourage children to consult with them before providing data.<\/span><\/li>\n<\/ol>\n<p>&nbsp;<\/p>\n<p>&nbsp;<\/p>\n<p>&nbsp;<\/p>\n","protected":false},"excerpt":{"rendered":"<p>We use cookies to improve the browsing experience. By continuing we understand that accept our cookies policy GOSAMANA, as owner for all purposes of this website and responsible for computer files derived from it ensures the integrity and full compliance with the obligations provided for by the laws on Personal Data Protection This statement is [&hellip;]<\/p>\n","protected":false},"author":1,"featured_media":0,"parent":0,"menu_order":0,"comment_status":"closed","ping_status":"closed","template":"politicas.php","meta":{"footnotes":""},"class_list":["post-273","page","type-page","status-publish","hentry"],"yoast_head":"<!-- This site is optimized with the Yoast SEO plugin v25.8 - https:\/\/yoast.com\/wordpress\/plugins\/seo\/ -->\n<title>Privacy policy - Saman\u00e1<\/title>\n<meta name=\"robots\" content=\"index, follow, max-snippet:-1, max-image-preview:large, max-video-preview:-1\" \/>\n<link rel=\"canonical\" href=\"https:\/\/gosamana.com\/en\/privacy-policy\/\" \/>\n<meta property=\"og:locale\" content=\"en_US\" \/>\n<meta property=\"og:type\" content=\"article\" \/>\n<meta property=\"og:title\" content=\"Privacy policy - Saman\u00e1\" \/>\n<meta property=\"og:description\" content=\"We use cookies to improve the browsing experience. By continuing we understand that accept our cookies policy GOSAMANA, as owner for all purposes of this website and responsible for computer files derived from it ensures the integrity and full compliance with the obligations provided for by the laws on Personal Data Protection This statement is [&hellip;]\" \/>\n<meta property=\"og:url\" content=\"https:\/\/gosamana.com\/en\/privacy-policy\/\" \/>\n<meta property=\"og:site_name\" content=\"Saman\u00e1\" \/>\n<meta property=\"article:modified_time\" content=\"2019-05-02T16:18:49+00:00\" \/>\n<meta name=\"twitter:card\" content=\"summary_large_image\" \/>\n<meta name=\"twitter:label1\" content=\"Est. reading time\" \/>\n\t<meta name=\"twitter:data1\" content=\"3 minutes\" \/>\n<script type=\"application\/ld+json\" class=\"yoast-schema-graph\">{\"@context\":\"https:\/\/schema.org\",\"@graph\":[{\"@type\":\"WebPage\",\"@id\":\"https:\/\/gosamana.com\/en\/privacy-policy\/\",\"url\":\"https:\/\/gosamana.com\/en\/privacy-policy\/\",\"name\":\"Privacy policy - Saman\u00e1\",\"isPartOf\":{\"@id\":\"https:\/\/gosamana.com\/en\/#website\"},\"datePublished\":\"2015-09-15T02:33:27+00:00\",\"dateModified\":\"2019-05-02T16:18:49+00:00\",\"breadcrumb\":{\"@id\":\"https:\/\/gosamana.com\/en\/privacy-policy\/#breadcrumb\"},\"inLanguage\":\"en-US\",\"potentialAction\":[{\"@type\":\"ReadAction\",\"target\":[\"https:\/\/gosamana.com\/en\/privacy-policy\/\"]}]},{\"@type\":\"BreadcrumbList\",\"@id\":\"https:\/\/gosamana.com\/en\/privacy-policy\/#breadcrumb\",\"itemListElement\":[{\"@type\":\"ListItem\",\"position\":1,\"name\":\"Portada\",\"item\":\"https:\/\/gosamana.com\/en\/\"},{\"@type\":\"ListItem\",\"position\":2,\"name\":\"Privacy policy\"}]},{\"@type\":\"WebSite\",\"@id\":\"https:\/\/gosamana.com\/en\/#website\",\"url\":\"https:\/\/gosamana.com\/en\/\",\"name\":\"Saman\u00e1\",\"description\":\"Sitio oficial del destino tur\u00edstico Saman\u00e1\",\"potentialAction\":[{\"@type\":\"SearchAction\",\"target\":{\"@type\":\"EntryPoint\",\"urlTemplate\":\"https:\/\/gosamana.com\/en\/?s={search_term_string}\"},\"query-input\":{\"@type\":\"PropertyValueSpecification\",\"valueRequired\":true,\"valueName\":\"search_term_string\"}}],\"inLanguage\":\"en-US\"}]}<\/script>\n<!-- \/ Yoast SEO plugin. -->","yoast_head_json":{"title":"Privacy policy - Saman\u00e1","robots":{"index":"index","follow":"follow","max-snippet":"max-snippet:-1","max-image-preview":"max-image-preview:large","max-video-preview":"max-video-preview:-1"},"canonical":"https:\/\/gosamana.com\/en\/privacy-policy\/","og_locale":"en_US","og_type":"article","og_title":"Privacy policy - Saman\u00e1","og_description":"We use cookies to improve the browsing experience. By continuing we understand that accept our cookies policy GOSAMANA, as owner for all purposes of this website and responsible for computer files derived from it ensures the integrity and full compliance with the obligations provided for by the laws on Personal Data Protection This statement is [&hellip;]","og_url":"https:\/\/gosamana.com\/en\/privacy-policy\/","og_site_name":"Saman\u00e1","article_modified_time":"2019-05-02T16:18:49+00:00","twitter_card":"summary_large_image","twitter_misc":{"Est. reading time":"3 minutes"},"schema":{"@context":"https:\/\/schema.org","@graph":[{"@type":"WebPage","@id":"https:\/\/gosamana.com\/en\/privacy-policy\/","url":"https:\/\/gosamana.com\/en\/privacy-policy\/","name":"Privacy policy - Saman\u00e1","isPartOf":{"@id":"https:\/\/gosamana.com\/en\/#website"},"datePublished":"2015-09-15T02:33:27+00:00","dateModified":"2019-05-02T16:18:49+00:00","breadcrumb":{"@id":"https:\/\/gosamana.com\/en\/privacy-policy\/#breadcrumb"},"inLanguage":"en-US","potentialAction":[{"@type":"ReadAction","target":["https:\/\/gosamana.com\/en\/privacy-policy\/"]}]},{"@type":"BreadcrumbList","@id":"https:\/\/gosamana.com\/en\/privacy-policy\/#breadcrumb","itemListElement":[{"@type":"ListItem","position":1,"name":"Portada","item":"https:\/\/gosamana.com\/en\/"},{"@type":"ListItem","position":2,"name":"Privacy policy"}]},{"@type":"WebSite","@id":"https:\/\/gosamana.com\/en\/#website","url":"https:\/\/gosamana.com\/en\/","name":"Saman\u00e1","description":"Sitio oficial del destino tur\u00edstico Saman\u00e1","potentialAction":[{"@type":"SearchAction","target":{"@type":"EntryPoint","urlTemplate":"https:\/\/gosamana.com\/en\/?s={search_term_string}"},"query-input":{"@type":"PropertyValueSpecification","valueRequired":true,"valueName":"search_term_string"}}],"inLanguage":"en-US"}]}},"_links":{"self":[{"href":"https:\/\/gosamana.com\/en\/wp-json\/wp\/v2\/pages\/273","targetHints":{"allow":["GET"]}}],"collection":[{"href":"https:\/\/gosamana.com\/en\/wp-json\/wp\/v2\/pages"}],"about":[{"href":"https:\/\/gosamana.com\/en\/wp-json\/wp\/v2\/types\/page"}],"author":[{"embeddable":true,"href":"https:\/\/gosamana.com\/en\/wp-json\/wp\/v2\/users\/1"}],"replies":[{"embeddable":true,"href":"https:\/\/gosamana.com\/en\/wp-json\/wp\/v2\/comments?post=273"}],"version-history":[{"count":6,"href":"https:\/\/gosamana.com\/en\/wp-json\/wp\/v2\/pages\/273\/revisions"}],"predecessor-version":[{"id":4215,"href":"https:\/\/gosamana.com\/en\/wp-json\/wp\/v2\/pages\/273\/revisions\/4215"}],"wp:attachment":[{"href":"https:\/\/gosamana.com\/en\/wp-json\/wp\/v2\/media?parent=273"}],"curies":[{"name":"wp","href":"https:\/\/api.w.org\/{rel}","templated":true}]}}