{"id":701,"date":"2015-09-18T14:06:00","date_gmt":"2015-09-18T14:06:00","guid":{"rendered":"http:\/\/localhost\/berrywhale\/samana\/en\/destinations\/las-galeras\/"},"modified":"2015-12-21T15:14:29","modified_gmt":"2015-12-21T15:14:29","slug":"las-galeras-en","status":"publish","type":"page","link":"https:\/\/gosamana.com\/en\/destinations\/las-galeras-en\/","title":{"rendered":"Las Galeras"},"content":{"rendered":"\n\t\t<style type=\"text\/css\">\n\t\t\t#gallery-1 {\n\t\t\t\tmargin: auto;\n\t\t\t}\n\t\t\t#gallery-1 .gallery-item {\n\t\t\t\tfloat: left;\n\t\t\t\tmargin-top: 10px;\n\t\t\t\ttext-align: center;\n\t\t\t\twidth: 11%;\n\t\t\t}\n\t\t\t#gallery-1 img {\n\t\t\t\tborder: 2px solid #cfcfcf;\n\t\t\t}\n\t\t\t#gallery-1 .gallery-caption {\n\t\t\t\tmargin-left: 0;\n\t\t\t}\n\t\t\t\/* see gallery_shortcode() in wp-includes\/media.php *\/\n\t\t<\/style>\n\t\t<div id='gallery-1' class='gallery galleryid-701 gallery-columns-9 gallery-size-thumbnail'><dl class='gallery-item'>\n\t\t\t<dt class='gallery-icon landscape'>\n\t\t\t\t<img loading=\"lazy\" decoding=\"async\" width=\"150\" height=\"150\" src=\"https:\/\/gosamana.com\/wp-content\/uploads\/2015\/09\/las-galeras-5-150x150.jpg\" class=\"attachment-thumbnail size-thumbnail\" alt=\"\" \/>\n\t\t\t<\/dt><\/dl><dl class='gallery-item'>\n\t\t\t<dt class='gallery-icon landscape'>\n\t\t\t\t<img loading=\"lazy\" decoding=\"async\" width=\"150\" height=\"150\" src=\"https:\/\/gosamana.com\/wp-content\/uploads\/2015\/09\/las-galeras-3-150x150.jpg\" class=\"attachment-thumbnail size-thumbnail\" alt=\"\" \/>\n\t\t\t<\/dt><\/dl><dl class='gallery-item'>\n\t\t\t<dt class='gallery-icon landscape'>\n\t\t\t\t<img loading=\"lazy\" decoding=\"async\" width=\"150\" height=\"150\" src=\"https:\/\/gosamana.com\/wp-content\/uploads\/2015\/09\/las-galeras-4-150x150.jpg\" class=\"attachment-thumbnail size-thumbnail\" alt=\"\" \/>\n\t\t\t<\/dt><\/dl><dl class='gallery-item'>\n\t\t\t<dt class='gallery-icon landscape'>\n\t\t\t\t<img loading=\"lazy\" decoding=\"async\" width=\"150\" height=\"150\" src=\"https:\/\/gosamana.com\/wp-content\/uploads\/2015\/09\/las-galeras-2-150x150.jpg\" class=\"attachment-thumbnail size-thumbnail\" alt=\"\" \/>\n\t\t\t<\/dt><\/dl><dl class='gallery-item'>\n\t\t\t<dt class='gallery-icon portrait'>\n\t\t\t\t<img loading=\"lazy\" decoding=\"async\" width=\"150\" height=\"150\" src=\"https:\/\/gosamana.com\/wp-content\/uploads\/2015\/09\/las-galeras-1-150x150.jpg\" class=\"attachment-thumbnail size-thumbnail\" alt=\"\" \/>\n\t\t\t<\/dt><\/dl><dl class='gallery-item'>\n\t\t\t<dt class='gallery-icon portrait'>\n\t\t\t\t<img loading=\"lazy\" decoding=\"async\" width=\"150\" height=\"150\" src=\"https:\/\/gosamana.com\/wp-content\/uploads\/2015\/09\/Las-galeras-7-150x150.jpg\" class=\"attachment-thumbnail size-thumbnail\" alt=\"\" \/>\n\t\t\t<\/dt><\/dl><dl class='gallery-item'>\n\t\t\t<dt class='gallery-icon landscape'>\n\t\t\t\t<img loading=\"lazy\" decoding=\"async\" width=\"150\" height=\"150\" src=\"https:\/\/gosamana.com\/wp-content\/uploads\/2015\/09\/LasGaleras-14-150x150.jpg\" class=\"attachment-thumbnail size-thumbnail\" alt=\"\" \/>\n\t\t\t<\/dt><\/dl><dl class='gallery-item'>\n\t\t\t<dt class='gallery-icon landscape'>\n\t\t\t\t<img loading=\"lazy\" decoding=\"async\" width=\"150\" height=\"150\" src=\"https:\/\/gosamana.com\/wp-content\/uploads\/2015\/09\/LasGaleras-18-150x150.jpg\" class=\"attachment-thumbnail size-thumbnail\" alt=\"\" \/>\n\t\t\t<\/dt><\/dl><dl class='gallery-item'>\n\t\t\t<dt class='gallery-icon landscape'>\n\t\t\t\t<img loading=\"lazy\" decoding=\"async\" width=\"150\" height=\"150\" src=\"https:\/\/gosamana.com\/wp-content\/uploads\/2015\/09\/LasGaleras-10-150x150.jpg\" class=\"attachment-thumbnail size-thumbnail\" alt=\"\" \/>\n\t\t\t<\/dt><\/dl><br style=\"clear: both\" \/><dl class='gallery-item'>\n\t\t\t<dt class='gallery-icon landscape'>\n\t\t\t\t<img loading=\"lazy\" decoding=\"async\" width=\"150\" height=\"150\" src=\"https:\/\/gosamana.com\/wp-content\/uploads\/2015\/09\/las-galeras-6-150x150.jpg\" class=\"attachment-thumbnail size-thumbnail\" alt=\"\" \/>\n\t\t\t<\/dt><\/dl><dl class='gallery-item'>\n\t\t\t<dt class='gallery-icon landscape'>\n\t\t\t\t<img loading=\"lazy\" decoding=\"async\" width=\"150\" height=\"150\" src=\"https:\/\/gosamana.com\/wp-content\/uploads\/2015\/09\/LasGaleras-17-150x150.jpg\" class=\"attachment-thumbnail size-thumbnail\" alt=\"\" \/>\n\t\t\t<\/dt><\/dl><dl class='gallery-item'>\n\t\t\t<dt class='gallery-icon landscape'>\n\t\t\t\t<img loading=\"lazy\" decoding=\"async\" width=\"150\" height=\"150\" src=\"https:\/\/gosamana.com\/wp-content\/uploads\/2015\/09\/LasGaleras-9-150x150.jpg\" class=\"attachment-thumbnail size-thumbnail\" alt=\"\" \/>\n\t\t\t<\/dt><\/dl><dl class='gallery-item'>\n\t\t\t<dt class='gallery-icon landscape'>\n\t\t\t\t<img loading=\"lazy\" decoding=\"async\" width=\"150\" height=\"150\" src=\"https:\/\/gosamana.com\/wp-content\/uploads\/2015\/09\/Samana-Sunset-924749880-O-150x150.jpg\" class=\"attachment-thumbnail size-thumbnail\" alt=\"\" \/>\n\t\t\t<\/dt><\/dl><dl class='gallery-item'>\n\t\t\t<dt class='gallery-icon landscape'>\n\t\t\t\t<img loading=\"lazy\" decoding=\"async\" width=\"150\" height=\"150\" src=\"https:\/\/gosamana.com\/wp-content\/uploads\/2015\/09\/LasGaleras-5_0-150x150.jpg\" class=\"attachment-thumbnail size-thumbnail\" alt=\"\" \/>\n\t\t\t<\/dt><\/dl><dl class='gallery-item'>\n\t\t\t<dt class='gallery-icon landscape'>\n\t\t\t\t<img loading=\"lazy\" decoding=\"async\" width=\"150\" height=\"150\" src=\"https:\/\/gosamana.com\/wp-content\/uploads\/2015\/09\/LasGaleras-21-150x150.jpg\" class=\"attachment-thumbnail size-thumbnail\" alt=\"\" \/>\n\t\t\t<\/dt><\/dl><dl class='gallery-item'>\n\t\t\t<dt class='gallery-icon landscape'>\n\t\t\t\t<img loading=\"lazy\" decoding=\"async\" width=\"150\" height=\"150\" src=\"https:\/\/gosamana.com\/wp-content\/uploads\/2015\/09\/LasGaleras-15-150x150.jpg\" class=\"attachment-thumbnail size-thumbnail\" alt=\"\" \/>\n\t\t\t<\/dt><\/dl><dl class='gallery-item'>\n\t\t\t<dt class='gallery-icon landscape'>\n\t\t\t\t<img loading=\"lazy\" decoding=\"async\" width=\"150\" height=\"150\" src=\"https:\/\/gosamana.com\/wp-content\/uploads\/2015\/09\/LasGaleras-8-150x150.jpg\" class=\"attachment-thumbnail size-thumbnail\" alt=\"\" \/>\n\t\t\t<\/dt><\/dl><dl class='gallery-item'>\n\t\t\t<dt class='gallery-icon landscape'>\n\t\t\t\t<img loading=\"lazy\" decoding=\"async\" width=\"150\" height=\"150\" src=\"https:\/\/gosamana.com\/wp-content\/uploads\/2015\/09\/LasGaleras-16-150x150.jpg\" class=\"attachment-thumbnail size-thumbnail\" alt=\"\" \/>\n\t\t\t<\/dt><\/dl><br style=\"clear: both\" \/><dl class='gallery-item'>\n\t\t\t<dt class='gallery-icon landscape'>\n\t\t\t\t<img loading=\"lazy\" decoding=\"async\" width=\"150\" height=\"150\" src=\"https:\/\/gosamana.com\/wp-content\/uploads\/2015\/09\/las-galeras-150x150.jpg\" class=\"attachment-thumbnail size-thumbnail\" alt=\"\" \/>\n\t\t\t<\/dt><\/dl>\n\t\t\t<br style='clear: both' \/>\n\t\t<\/div>\n\n","protected":false},"excerpt":{"rendered":"","protected":false},"author":1,"featured_media":2813,"parent":97,"menu_order":0,"comment_status":"closed","ping_status":"closed","template":"","meta":{"footnotes":""},"class_list":["post-701","page","type-page","status-publish","has-post-thumbnail","hentry"],"yoast_head":"<!-- This site is optimized with the Yoast SEO plugin v25.8 - https:\/\/yoast.com\/wordpress\/plugins\/seo\/ -->\n<title>Las Galeras - Saman\u00e1<\/title>\n<meta name=\"description\" content=\"Las Galeras cuenta con una oferta tur\u00edstica de peque\u00f1os hoteles y cuenta con espacios privilegiados como Bah\u00eda Rinc\u00f3n.\" \/>\n<meta name=\"robots\" content=\"index, follow, max-snippet:-1, max-image-preview:large, max-video-preview:-1\" \/>\n<link rel=\"canonical\" href=\"https:\/\/gosamana.com\/en\/destinations\/las-galeras-en\/\" \/>\n<meta property=\"og:locale\" content=\"en_US\" \/>\n<meta property=\"og:type\" content=\"article\" \/>\n<meta property=\"og:title\" content=\"Las Galeras - Saman\u00e1\" \/>\n<meta property=\"og:description\" content=\"Las Galeras cuenta con una oferta tur\u00edstica de peque\u00f1os hoteles y cuenta con espacios privilegiados como Bah\u00eda Rinc\u00f3n.\" \/>\n<meta property=\"og:url\" content=\"https:\/\/gosamana.com\/en\/destinations\/las-galeras-en\/\" \/>\n<meta property=\"og:site_name\" content=\"Saman\u00e1\" \/>\n<meta property=\"article:modified_time\" content=\"2015-12-21T15:14:29+00:00\" \/>\n<meta property=\"og:image\" content=\"https:\/\/gosamana.com\/wp-content\/uploads\/2015\/09\/Sunset.jpg\" \/>\n\t<meta property=\"og:image:width\" content=\"1900\" \/>\n\t<meta property=\"og:image:height\" content=\"600\" \/>\n\t<meta property=\"og:image:type\" content=\"image\/jpeg\" \/>\n<meta name=\"twitter:card\" content=\"summary_large_image\" \/>\n<script type=\"application\/ld+json\" class=\"yoast-schema-graph\">{\"@context\":\"https:\/\/schema.org\",\"@graph\":[{\"@type\":\"WebPage\",\"@id\":\"https:\/\/gosamana.com\/en\/destinations\/las-galeras-en\/\",\"url\":\"https:\/\/gosamana.com\/en\/destinations\/las-galeras-en\/\",\"name\":\"Las Galeras - Saman\u00e1\",\"isPartOf\":{\"@id\":\"https:\/\/gosamana.com\/en\/#website\"},\"primaryImageOfPage\":{\"@id\":\"https:\/\/gosamana.com\/en\/destinations\/las-galeras-en\/#primaryimage\"},\"image\":{\"@id\":\"https:\/\/gosamana.com\/en\/destinations\/las-galeras-en\/#primaryimage\"},\"thumbnailUrl\":\"https:\/\/gosamana.com\/wp-content\/uploads\/2015\/09\/Sunset.jpg\",\"datePublished\":\"2015-09-18T14:06:00+00:00\",\"dateModified\":\"2015-12-21T15:14:29+00:00\",\"description\":\"Las Galeras cuenta con una oferta tur\u00edstica de peque\u00f1os hoteles y cuenta con espacios privilegiados como Bah\u00eda Rinc\u00f3n.\",\"breadcrumb\":{\"@id\":\"https:\/\/gosamana.com\/en\/destinations\/las-galeras-en\/#breadcrumb\"},\"inLanguage\":\"en-US\",\"potentialAction\":[{\"@type\":\"ReadAction\",\"target\":[\"https:\/\/gosamana.com\/en\/destinations\/las-galeras-en\/\"]}]},{\"@type\":\"ImageObject\",\"inLanguage\":\"en-US\",\"@id\":\"https:\/\/gosamana.com\/en\/destinations\/las-galeras-en\/#primaryimage\",\"url\":\"https:\/\/gosamana.com\/wp-content\/uploads\/2015\/09\/Sunset.jpg\",\"contentUrl\":\"https:\/\/gosamana.com\/wp-content\/uploads\/2015\/09\/Sunset.jpg\",\"width\":1900,\"height\":600},{\"@type\":\"BreadcrumbList\",\"@id\":\"https:\/\/gosamana.com\/en\/destinations\/las-galeras-en\/#breadcrumb\",\"itemListElement\":[{\"@type\":\"ListItem\",\"position\":1,\"name\":\"Portada\",\"item\":\"https:\/\/gosamana.com\/en\/\"},{\"@type\":\"ListItem\",\"position\":2,\"name\":\"Destinations\",\"item\":\"https:\/\/gosamana.com\/en\/destinations\/\"},{\"@type\":\"ListItem\",\"position\":3,\"name\":\"Las Galeras\"}]},{\"@type\":\"WebSite\",\"@id\":\"https:\/\/gosamana.com\/en\/#website\",\"url\":\"https:\/\/gosamana.com\/en\/\",\"name\":\"Saman\u00e1\",\"description\":\"Sitio oficial del destino tur\u00edstico Saman\u00e1\",\"potentialAction\":[{\"@type\":\"SearchAction\",\"target\":{\"@type\":\"EntryPoint\",\"urlTemplate\":\"https:\/\/gosamana.com\/en\/?s={search_term_string}\"},\"query-input\":{\"@type\":\"PropertyValueSpecification\",\"valueRequired\":true,\"valueName\":\"search_term_string\"}}],\"inLanguage\":\"en-US\"}]}<\/script>\n<!-- \/ Yoast SEO plugin. -->","yoast_head_json":{"title":"Las Galeras - Saman\u00e1","description":"Las Galeras cuenta con una oferta tur\u00edstica de peque\u00f1os hoteles y cuenta con espacios privilegiados como Bah\u00eda Rinc\u00f3n.","robots":{"index":"index","follow":"follow","max-snippet":"max-snippet:-1","max-image-preview":"max-image-preview:large","max-video-preview":"max-video-preview:-1"},"canonical":"https:\/\/gosamana.com\/en\/destinations\/las-galeras-en\/","og_locale":"en_US","og_type":"article","og_title":"Las Galeras - Saman\u00e1","og_description":"Las Galeras cuenta con una oferta tur\u00edstica de peque\u00f1os hoteles y cuenta con espacios privilegiados como Bah\u00eda Rinc\u00f3n.","og_url":"https:\/\/gosamana.com\/en\/destinations\/las-galeras-en\/","og_site_name":"Saman\u00e1","article_modified_time":"2015-12-21T15:14:29+00:00","og_image":[{"width":1900,"height":600,"url":"https:\/\/gosamana.com\/wp-content\/uploads\/2015\/09\/Sunset.jpg","type":"image\/jpeg"}],"twitter_card":"summary_large_image","schema":{"@context":"https:\/\/schema.org","@graph":[{"@type":"WebPage","@id":"https:\/\/gosamana.com\/en\/destinations\/las-galeras-en\/","url":"https:\/\/gosamana.com\/en\/destinations\/las-galeras-en\/","name":"Las Galeras - Saman\u00e1","isPartOf":{"@id":"https:\/\/gosamana.com\/en\/#website"},"primaryImageOfPage":{"@id":"https:\/\/gosamana.com\/en\/destinations\/las-galeras-en\/#primaryimage"},"image":{"@id":"https:\/\/gosamana.com\/en\/destinations\/las-galeras-en\/#primaryimage"},"thumbnailUrl":"https:\/\/gosamana.com\/wp-content\/uploads\/2015\/09\/Sunset.jpg","datePublished":"2015-09-18T14:06:00+00:00","dateModified":"2015-12-21T15:14:29+00:00","description":"Las Galeras cuenta con una oferta tur\u00edstica de peque\u00f1os hoteles y cuenta con espacios privilegiados como Bah\u00eda Rinc\u00f3n.","breadcrumb":{"@id":"https:\/\/gosamana.com\/en\/destinations\/las-galeras-en\/#breadcrumb"},"inLanguage":"en-US","potentialAction":[{"@type":"ReadAction","target":["https:\/\/gosamana.com\/en\/destinations\/las-galeras-en\/"]}]},{"@type":"ImageObject","inLanguage":"en-US","@id":"https:\/\/gosamana.com\/en\/destinations\/las-galeras-en\/#primaryimage","url":"https:\/\/gosamana.com\/wp-content\/uploads\/2015\/09\/Sunset.jpg","contentUrl":"https:\/\/gosamana.com\/wp-content\/uploads\/2015\/09\/Sunset.jpg","width":1900,"height":600},{"@type":"BreadcrumbList","@id":"https:\/\/gosamana.com\/en\/destinations\/las-galeras-en\/#breadcrumb","itemListElement":[{"@type":"ListItem","position":1,"name":"Portada","item":"https:\/\/gosamana.com\/en\/"},{"@type":"ListItem","position":2,"name":"Destinations","item":"https:\/\/gosamana.com\/en\/destinations\/"},{"@type":"ListItem","position":3,"name":"Las Galeras"}]},{"@type":"WebSite","@id":"https:\/\/gosamana.com\/en\/#website","url":"https:\/\/gosamana.com\/en\/","name":"Saman\u00e1","description":"Sitio oficial del destino tur\u00edstico Saman\u00e1","potentialAction":[{"@type":"SearchAction","target":{"@type":"EntryPoint","urlTemplate":"https:\/\/gosamana.com\/en\/?s={search_term_string}"},"query-input":{"@type":"PropertyValueSpecification","valueRequired":true,"valueName":"search_term_string"}}],"inLanguage":"en-US"}]}},"_links":{"self":[{"href":"https:\/\/gosamana.com\/en\/wp-json\/wp\/v2\/pages\/701","targetHints":{"allow":["GET"]}}],"collection":[{"href":"https:\/\/gosamana.com\/en\/wp-json\/wp\/v2\/pages"}],"about":[{"href":"https:\/\/gosamana.com\/en\/wp-json\/wp\/v2\/types\/page"}],"author":[{"embeddable":true,"href":"https:\/\/gosamana.com\/en\/wp-json\/wp\/v2\/users\/1"}],"replies":[{"embeddable":true,"href":"https:\/\/gosamana.com\/en\/wp-json\/wp\/v2\/comments?post=701"}],"version-history":[{"count":6,"href":"https:\/\/gosamana.com\/en\/wp-json\/wp\/v2\/pages\/701\/revisions"}],"predecessor-version":[{"id":3119,"href":"https:\/\/gosamana.com\/en\/wp-json\/wp\/v2\/pages\/701\/revisions\/3119"}],"up":[{"embeddable":true,"href":"https:\/\/gosamana.com\/en\/wp-json\/wp\/v2\/pages\/97"}],"wp:featuredmedia":[{"embeddable":true,"href":"https:\/\/gosamana.com\/en\/wp-json\/wp\/v2\/media\/2813"}],"wp:attachment":[{"href":"https:\/\/gosamana.com\/en\/wp-json\/wp\/v2\/media?parent=701"}],"curies":[{"name":"wp","href":"https:\/\/api.w.org\/{rel}","templated":true}]}}