{"id":705,"date":"2015-09-28T19:32:13","date_gmt":"2015-09-28T19:32:13","guid":{"rendered":"http:\/\/localhost\/berrywhale\/samana\/en\/sobre-el-cluster-turistico-de-samana\/"},"modified":"2026-02-03T18:55:36","modified_gmt":"2026-02-03T18:55:36","slug":"about-samana-tourism-cluster","status":"publish","type":"page","link":"https:\/\/gosamana.com\/en\/hablame-de-samana\/about-samana-tourism-cluster\/","title":{"rendered":"About Saman\u00e1 Tourism Cluster"},"content":{"rendered":"<p><span style=\"font-weight: 400;\">The Saman\u00e1 Tourism Cluster \u00a0(CTS) is an apolitical, non-profit organization that brings together public and private institutions related to the tourism sector, underpinned by a strategic plan to promote sustainable development in the province of Samana organization.<\/span><\/p>\n<p><span style=\"font-weight: 400;\">The Saman\u00e1 Tourism Cluster \u00a0(CTS) is governed by the law No.122-05 February 7, 2005, concerning the regulation and promotion of non-profit associations and the provisions of its statutes and laws of the Dominican Republic.<\/span><\/p>\n<p><strong>Vission<br \/>\n<\/strong><span style=\"font-weight: 400;\">Samana Province convert into a tourist destination with high quality sustainable growth, promoting sustainable human development and the rescue of our cultural values in conservation and protection of natural resources and the environment continuously.<\/span><\/p>\n<p><strong>Mission<br \/>\n<\/strong><span style=\"font-weight: 400;\">Promote the cluster concept, that is, the association through a chain of trust to consolidate our tourism products to an increasingly competitive tourism.<\/span><\/p>\n<p><strong>Goals<\/strong><\/p>\n<p><span style=\"font-weight: 400;\">&#8211; The competitive destination development<br \/>\n<\/span><span style=\"font-weight: 400;\">&#8211; Destination management<br \/>\n<\/span><span style=\"font-weight: 400;\">&#8211; Social inclusion and sustainable human development<br \/>\n<\/span><span style=\"font-weight: 400;\">&#8211; Assessment of environment and resources<br \/>\n<\/span><span style=\"font-weight: 400;\">&#8211; Support both public and private investments in infrastructure and job creation and creating a climate for sustainable business in the area of influence of the institution<br \/>\n<\/span><span style=\"font-weight: 400;\">&#8211; Provide updated information to all its members and the general public and facilitate the exchange of experiences and lessons learned<\/span><\/p>\n<p><strong>Sustainability<\/strong><\/p>\n<p><a href=\"https:\/\/gosamana.com\/wp-content\/uploads\/2021\/06\/1.3.-Biodiversity-Check-Destino-Samana-Ingles.pdf\">Biodiversity Check Destino Samana<\/a><\/p>\n<p><strong>Institutional memories<\/strong><\/p>\n<p><a href=\"https:\/\/gosamana.com\/wp-content\/uploads\/2024\/10\/Memoria-2022-2024-Cluster-Turistico-Samana-AHETSA.pdf\" target=\"_blank\" rel=\"noopener noreferrer\">Institutional Reports Saman\u00e1 Tourism Cluster &#038; AHETSA 2022-2024<\/a><br \/>\n<a href=\"https:\/\/gosamana.com\/wp-content\/uploads\/2024\/07\/CTS-AHETSA-Memorias-2020-2022-Final.pdf\" target=\"_blank\" rel=\"noopener noreferrer\">Institutional Reports Saman\u00e1 Tourism Cluster &#038; AHETSA 2020-2022<\/a><br \/>\n<a href=\"https:\/\/gosamana.com\/wp-content\/uploads\/2024\/07\/Memorias-2018-2020-CTSAHETSA-Final.pdf\" target=\"_blank\" rel=\"noopener noreferrer\">Institutional Reports Saman\u00e1 Tourism Cluster &#038; AHETSA 2018-2020<\/a><br \/>\n<a href=\"https:\/\/issuu.com\/gosamana\/docs\/memorias_2016-2018\" target=\"_blank\" rel=\"noopener noreferrer\">Institutional Reports Saman\u00e1 Tourism Cluster &#038; AHETSA 2016-2018<\/a><br \/>\n<a href=\"https:\/\/issuu.com\/gosamana\/docs\/memorias_2011-2015\" target=\"_blank\" rel=\"noopener noreferrer\">Institutional Reports Saman\u00e1 Tourism Cluster &#038; AHETSA 2011-2015<\/a><\/p>\n<p><strong>Newsletter about\u00a0Turistic Cluster of Saman\u00e1<\/strong><\/p>\n<ul>\n<li><a href=\"https:\/\/gosamana.com\/wp-content\/uploads\/2026\/02\/Boletin-CTS-AHETSA-Octubre-Diciembre-2025.pdf\" target=\"_blank\" rel=\"noopener noreferrer\">Newsletter October 2025 &#8211; December 2025<\/a><\/li>\n<li><a href=\"https:\/\/gosamana.com\/wp-content\/uploads\/2025\/11\/Boletin-CTS-Enero-Septiembre-2025.pdf\" target=\"_blank\" rel=\"noopener noreferrer\">Newsletter January 2025 &#8211; September 2025<\/a><\/li>\n<li><a href=\"https:\/\/gosamana.com\/wp-content\/uploads\/2025\/03\/Boleti\u0301n-Marzo-2025-Edicio\u0301n-Especial-X-Encuentro-Anual.pdf\" target=\"_blank\" rel=\"noopener noreferrer\">Newsletter March 2025<\/a><\/li>\n<li><a href=\"\/\/gosamana.com\/wp-content\/uploads\/2024\/12\/Boleti\u0301n-Noviembre-2024.pdf\" target=\"_blank\" rel=\"noopener noreferrer\">Newsletter November 2024<\/a><\/li>\n<li><a href=\"https:\/\/gosamana.com\/wp-content\/uploads\/2024\/11\/Boleti\u0301n-Octubre-2024.pdf\" target=\"_blank\" rel=\"noopener noreferrer\">Newsletter October 2024<\/a><\/li>\n<li><a href=\"https:\/\/gosamana.com\/wp-content\/uploads\/2024\/11\/Boleti\u0301n-Agosto-2024.pdf\" target=\"_blank\" rel=\"noopener noreferrer\">Newsletter August 2024<\/a><\/li>\n<li><a href=\"https:\/\/gosamana.com\/wp-content\/uploads\/2024\/07\/Boletin-Mayo-2024-Samana.pdf\" target=\"_blank\" rel=\"noopener noreferrer\">Newsletter May 2024<\/a><\/li>\n<li><a href=\"https:\/\/gosamana.com\/wp-content\/uploads\/2024\/07\/Boleti\u0301n-Especial-9no-Encuentro-Anual-Febrero-2024-Samana.pdf\" target=\"_blank\" rel=\"noopener noreferrer\">Newsletter February 2024<\/a><\/li>\n<li><a href=\"https:\/\/gosamana.com\/wp-content\/uploads\/2023\/10\/Boletin-Julio-2023.pdf\" target=\"_blank\" rel=\"noopener noreferrer\">Newsletter July 2023<\/a><\/li>\n<li><a href=\"https:\/\/gosamana.com\/wp-content\/uploads\/2023\/10\/Boletin-Junio-2023.pdf\" target=\"_blank\" rel=\"noopener noreferrer\">Newsletter June 2023<\/a><\/li>\n<li><a href=\"https:\/\/gosamana.com\/wp-content\/uploads\/2023\/06\/Boletin-Mayo-2023.pdf\" target=\"_blank\" rel=\"noopener noreferrer\">Newsletter May 2023<\/a><\/li>\n<li><a href=\"https:\/\/gosamana.com\/wp-content\/uploads\/2023\/06\/Boleti\u0301n-Abril-2023.pdf\" target=\"_blank\" rel=\"noopener noreferrer\">Newsletter April 2023<\/a><\/li>\n<li><a href=\"https:\/\/gosamana.com\/wp-content\/uploads\/2023\/06\/Boletin-Marzo-2023.pdf\" target=\"_blank\" rel=\"noopener noreferrer\">Newsletter March 2023<\/a><\/li>\n<li><a href=\"https:\/\/gosamana.com\/wp-content\/uploads\/2023\/06\/Boletin-Febrero-2023.pdf\" target=\"_blank\" rel=\"noopener noreferrer\">Newsletter February 2023<\/a><\/li>\n<li><a href=\"https:\/\/gosamana.com\/wp-content\/uploads\/2022\/11\/Boletiin-noviembre-2022-Edicioin-especial-VIII-Encuentro-Anual.pdf\" target=\"_blank\" rel=\"noopener noreferrer\">Newsletter November 2022.<\/a><\/li>\n<li><a href=\"https:\/\/gosamana.com\/wp-content\/uploads\/2022\/11\/Boletin-Octubre-2022.pdf\" target=\"_blank\" rel=\"noopener noreferrer\">Newsletter October 2022.<\/a><\/li>\n<li><a href=\"https:\/\/gosamana.com\/wp-content\/uploads\/2022\/10\/Boletin-Septiembre-2022.pdf\" target=\"_blank\" rel=\"noopener noreferrer\">Newsletter September 2022.<\/a><\/li>\n<li><a href=\"https:\/\/gosamana.com\/wp-content\/uploads\/2022\/09\/Boletin-Agosto-2022-goSamana.pdf\" target=\"_blank\" rel=\"noopener noreferrer\">Newsletter August 2022.<\/a><\/li>\n<li><a href=\"http:\/\/gosamana.com\/wp-content\/uploads\/2017\/12\/Boletin-Diciembre-2017-Cluster-Turistico-de-Saman\u00e1-4.pdf\" target=\"_blank\" rel=\"noopener noreferrer\">Newsletter December 2017.<\/a><\/li>\n<li><a href=\"http:\/\/gosamana.com\/wp-content\/uploads\/2017\/11\/Boletin-Cl\u00faster-Tur\u00edstico-de-Saman\u00e1-Octubre17-3.pdf\" target=\"_blank\" rel=\"noopener noreferrer\">Newsletter November 2017.<\/a><\/li>\n<li><a href=\"http:\/\/gosamana.com\/wp-content\/uploads\/2017\/10\/Boletin-Cuarto-Encuentro-Anual-para-el-Desarrollo-Tur\u00edstico-de-Saman\u00e1-28-Septiembre.pdf\" target=\"_blank\" rel=\"noopener noreferrer\">Newsletter October 2017.<\/a><\/li>\n<li><a href=\"http:\/\/gosamana.com\/wp-content\/uploads\/2017\/09\/Boletin-Cl\u00faster-Tur\u00edstico-de-Saman\u00e1-Septiembre17-3-1.pdf\" target=\"_blank\" rel=\"noopener noreferrer\">Newsletter September 2017.<\/a><\/li>\n<li><a href=\"http:\/\/gosamana.com\/wp-content\/uploads\/2017\/08\/Boletin-Cl\u00faster-Tur\u00edstico-de-Saman\u00e1-Agosto17-3.pdf\" target=\"_blank\" rel=\"noopener noreferrer\">Newsletter August 2017.<\/a><\/li>\n<li><a href=\"http:\/\/gosamana.com\/wp-content\/uploads\/2017\/07\/Boletin-Cl\u00faster-Tur\u00edstico-de-Saman\u00e1-Julio17-4-1.pdf\" target=\"_blank\" rel=\"noopener noreferrer\">Newsletter July 2017.<\/a><\/li>\n<li><a href=\"http:\/\/gosamana.com\/wp-content\/uploads\/2017\/06\/Boletin-Cl\u00faster-Tur\u00edstico-de-Saman\u00e1-Junio17-5.pdf\" target=\"_blank\" rel=\"noopener noreferrer\">Newsletter June 2017.<\/a><\/li>\n<li><a href=\"http:\/\/gosamana.com\/wp-content\/uploads\/2017\/05\/Boletin-Cl\u00faster-Tur\u00edstico-de-Saman\u00e1-Mayo17.pdf\" target=\"_blank\" rel=\"noopener noreferrer\">Newsletter May 2017.<\/a><\/li>\n<li><a href=\"http:\/\/gosamana.com\/wp-content\/uploads\/2017\/04\/Boletin-Cl\u00faster-Tur\u00edstico-de-Saman\u00e1-Abril17.pdf\" target=\"_blank\" rel=\"noopener noreferrer\">Newsletter April 2017.<\/a><\/li>\n<li><a href=\"http:\/\/gosamana.com\/wp-content\/uploads\/2017\/03\/Boletin-Cl\u00faster-Tur\u00edstico-de-Saman\u00e1-Marzo17.pdf\" target=\"_blank\" rel=\"noopener noreferrer\">Newsletter March 2017.<\/a><\/li>\n<li><a href=\"http:\/\/gosamana.com\/wp-content\/uploads\/2017\/02\/Boletin-Cl\u00faster-Tur\u00edstico-de-Saman\u00e1-Febrero17.pdf\" target=\"_blank\" rel=\"noopener noreferrer\">Newsletter February 2017.<\/a><\/li>\n<li><a href=\"http:\/\/gosamana.com\/wp-content\/uploads\/2017\/01\/Boletin-Cl\u00faster-Tur\u00edstico-de-Saman\u00e1-Enero-17.pdf\" target=\"_blank\" rel=\"noopener noreferrer\">Newsletter January 2017.<\/a><\/li>\n<li><a href=\"http:\/\/gosamana.com\/wp-content\/uploads\/2016\/12\/Boletin-Cluster-Turistico-de-Samana-Diciembre-2016.pdf\" target=\"_blank\" rel=\"noopener noreferrer\">Newsletter December 2016.<\/a><\/li>\n<li><a href=\"http:\/\/gosamana.com\/wp-content\/uploads\/2016\/11\/Boletin-Cluster-Turistico-de-Samana-Noviembre-2016.pdf\" target=\"_blank\" rel=\"noopener noreferrer\">Newsletter November 2016.<\/a><\/li>\n<li><a href=\"http:\/\/gosamana.com\/wp-content\/uploads\/2016\/10\/Boletin-Cluster-Turistico-de-Samana-Octubre-2016.pdf\" target=\"_blank\" rel=\"noopener noreferrer\">Newsletter October 2016.<\/a><\/li>\n<li><a href=\"http:\/\/gosamana.com\/wp-content\/uploads\/2016\/10\/boletin-septiembre.pdf\">Newsletter September 2016.<\/a><\/li>\n<li><a href=\"http:\/\/gosamana.com\/wp-content\/uploads\/2016\/10\/Boletin-Cluster-Turistico-de-Samana-Agosto-2016.pdf\" target=\"_blank\" rel=\"noopener noreferrer\">Newsletter August 2016.<\/a><\/li>\n<li><a href=\"http:\/\/gosamana.com\/wp-content\/uploads\/2017\/12\/Boletin-Cl\u00faster-Tur\u00edstico-de-Saman\u00e1-Julio-2016.pdf\" target=\"_blank\" rel=\"noopener noreferrer\">Newsletter July 2016.<\/a><\/li>\n<li><a href=\"http:\/\/gosamana.com\/wp-content\/uploads\/2015\/09\/Boletin-Cluster-Turistico-de-Samana-Junio-2016.pdf\" target=\"_blank\" rel=\"noopener noreferrer\">Newsletter June 2016.<\/a><\/li>\n<li><a href=\"http:\/\/gosamana.com\/wp-content\/uploads\/2015\/09\/Boletin-Cl\u00faster-Tur\u00edstico-de-Saman\u00e1-Mayo-2016.pdf\" target=\"_blank\" rel=\"noopener noreferrer\">Newsletter\u00a0May 2016.<\/a><\/li>\n<li><a href=\"http:\/\/gosamana.com\/wp-content\/uploads\/2016\/04\/Boletin-Cluster-Turistico-de-Samana-Abril-2016.pdf\" target=\"_blank\" rel=\"noopener noreferrer\">Newsletter April 2016.<\/a><\/li>\n<li><a href=\"http:\/\/gosamana.com\/wp-content\/uploads\/2016\/03\/Boletin-Cl\u00faster-Tur\u00edstico-de-Saman\u00e1-marzo-2016.pdf\" target=\"_blank\" rel=\"noopener noreferrer\">Newsletter March 2016.<\/a><\/li>\n<li><a href=\"http:\/\/gosamana.com\/wp-content\/uploads\/2016\/02\/boletin_CTS_febrero2016.pdf\" target=\"_blank\" rel=\"noopener noreferrer\">Newsletter February 2016.<\/a><\/li>\n<li><a href=\"http:\/\/gosamana.com\/wp-content\/uploads\/2016\/01\/boletin_cts_enero_2016.pdf\" target=\"_blank\" rel=\"noopener noreferrer\">Newsletter January 2016.<\/a><\/li>\n<li><a href=\"http:\/\/gosamana.com\/wp-content\/uploads\/2015\/12\/boletin_especial_1er_encuentro_junio_2013.pdf\" target=\"_blank\" rel=\"noopener noreferrer\">Special newsletter 1rst. meeting June 2013.<\/a><\/li>\n<li><a href=\"http:\/\/gosamana.com\/wp-content\/uploads\/2015\/12\/boletin_especial_2do_encuentro_septiembre_2014.pdf\" target=\"_blank\" rel=\"noopener noreferrer\">Special newsletter 2do. meeting September 2014.<\/a><\/li>\n<li><a href=\"http:\/\/gosamana.com\/wp-content\/uploads\/2015\/12\/boletin_cts_enero_2015.pdf\" target=\"_blank\" rel=\"noopener noreferrer\">Newsletter January 2015.<\/a><\/li>\n<li><a href=\"http:\/\/gosamana.com\/wp-content\/uploads\/2016\/01\/boletin_cts_febrero_2015.pdf\" target=\"_blank\" rel=\"noopener noreferrer\">Newsletter February 2015.<\/a><\/li>\n<li><a href=\"http:\/\/gosamana.com\/wp-content\/uploads\/2016\/01\/boletin_cts_marzo_2015.pdf\" target=\"_blank\" rel=\"noopener noreferrer\">Newsletter March 2015.<\/a><\/li>\n<li><a href=\"http:\/\/gosamana.com\/wp-content\/uploads\/2015\/12\/boletin_cts_abril_2015.pdf\" target=\"_blank\" rel=\"noopener noreferrer\">Newsletter April 2015.<\/a><\/li>\n<li><a href=\"http:\/\/gosamana.com\/wp-content\/uploads\/2015\/12\/boletin_cts_mayo_2015.pdf\" target=\"_blank\" rel=\"noopener noreferrer\">Newsletter May 2015.<\/a><\/li>\n<li><a href=\"http:\/\/gosamana.com\/wp-content\/uploads\/2015\/12\/boletin_cts_junio_2015.pdf\" target=\"_blank\" rel=\"noopener noreferrer\">Newsletter June 2015.<\/a><\/li>\n<li><a href=\"http:\/\/gosamana.com\/wp-content\/uploads\/2015\/12\/boletin_cts_julio_2015.pdf\" target=\"_blank\" rel=\"noopener noreferrer\">Newsletter July 2015.<\/a><\/li>\n<li><a href=\"http:\/\/gosamana.com\/wp-content\/uploads\/2015\/12\/boletin_cts_agosto_2015.pdf\" target=\"_blank\" rel=\"noopener noreferrer\">Newsletter August 2015.<\/a><\/li>\n<li><a href=\"http:\/\/gosamana.com\/wp-content\/uploads\/2015\/12\/boletin_cts_septiembre_2015.pdf\" target=\"_blank\" rel=\"noopener noreferrer\">Newsletter September 2015.<\/a><\/li>\n<li><a href=\"http:\/\/gosamana.com\/wp-content\/uploads\/2015\/12\/boletin_cts_octubre_2015.pdf\" target=\"_blank\" rel=\"noopener noreferrer\">Newsletter October 2015.<\/a><\/li>\n<li><a href=\"http:\/\/gosamana.com\/wp-content\/uploads\/2016\/01\/boletin_cts_noviembre_2015.pdf\" target=\"_blank\" rel=\"noopener noreferrer\">Newsletter November 2015.<\/a><\/li>\n<li><a href=\"http:\/\/gosamana.com\/wp-content\/uploads\/2015\/12\/boletin_cts_diciembre_2015.pdf\" target=\"_blank\" rel=\"noopener noreferrer\">Newsletter December 2015.<\/a><\/li>\n<\/ul>\n","protected":false},"excerpt":{"rendered":"<p>The Saman\u00e1 Tourism Cluster \u00a0(CTS) is an apolitical, non-profit organization that brings together public and private institutions related to the tourism sector, underpinned by a strategic plan to promote sustainable development in the province of Samana organization. The Saman\u00e1 Tourism Cluster \u00a0(CTS) is governed by the law No.122-05 February 7, 2005, concerning the regulation and [&hellip;]<\/p>\n","protected":false},"author":1,"featured_media":431,"parent":99,"menu_order":0,"comment_status":"closed","ping_status":"closed","template":"sobrenosotros.php","meta":{"footnotes":""},"class_list":["post-705","page","type-page","status-publish","has-post-thumbnail","hentry"],"yoast_head":"<!-- This site is optimized with the Yoast SEO plugin v25.8 - https:\/\/yoast.com\/wordpress\/plugins\/seo\/ -->\n<title>About Saman\u00e1 Tourism Cluster - Saman\u00e1<\/title>\n<meta name=\"description\" content=\"The\u00a0Saman\u00e1 Tourism Cluster is an apolitical, non-profit organization that brings together public and private institutions related to the tourism sector.\" \/>\n<meta name=\"robots\" content=\"index, follow, max-snippet:-1, max-image-preview:large, max-video-preview:-1\" \/>\n<link rel=\"canonical\" href=\"https:\/\/gosamana.com\/en\/hablame-de-samana\/about-samana-tourism-cluster\/\" \/>\n<meta property=\"og:locale\" content=\"en_US\" \/>\n<meta property=\"og:type\" content=\"article\" \/>\n<meta property=\"og:title\" content=\"About Saman\u00e1 Tourism Cluster - Saman\u00e1\" \/>\n<meta property=\"og:description\" content=\"The\u00a0Saman\u00e1 Tourism Cluster is an apolitical, non-profit organization that brings together public and private institutions related to the tourism sector.\" \/>\n<meta property=\"og:url\" content=\"https:\/\/gosamana.com\/en\/hablame-de-samana\/about-samana-tourism-cluster\/\" \/>\n<meta property=\"og:site_name\" content=\"Saman\u00e1\" \/>\n<meta property=\"article:modified_time\" content=\"2026-02-03T18:55:36+00:00\" \/>\n<meta property=\"og:image\" content=\"https:\/\/gosamana.com\/wp-content\/uploads\/2015\/09\/lindo.jpg\" \/>\n\t<meta property=\"og:image:width\" content=\"1900\" \/>\n\t<meta property=\"og:image:height\" content=\"609\" \/>\n\t<meta property=\"og:image:type\" content=\"image\/jpeg\" \/>\n<meta name=\"twitter:card\" content=\"summary_large_image\" \/>\n<meta name=\"twitter:label1\" content=\"Est. reading time\" \/>\n\t<meta name=\"twitter:data1\" content=\"3 minutes\" \/>\n<script type=\"application\/ld+json\" class=\"yoast-schema-graph\">{\"@context\":\"https:\/\/schema.org\",\"@graph\":[{\"@type\":\"WebPage\",\"@id\":\"https:\/\/gosamana.com\/en\/hablame-de-samana\/about-samana-tourism-cluster\/\",\"url\":\"https:\/\/gosamana.com\/en\/hablame-de-samana\/about-samana-tourism-cluster\/\",\"name\":\"About Saman\u00e1 Tourism Cluster - Saman\u00e1\",\"isPartOf\":{\"@id\":\"https:\/\/gosamana.com\/en\/#website\"},\"primaryImageOfPage\":{\"@id\":\"https:\/\/gosamana.com\/en\/hablame-de-samana\/about-samana-tourism-cluster\/#primaryimage\"},\"image\":{\"@id\":\"https:\/\/gosamana.com\/en\/hablame-de-samana\/about-samana-tourism-cluster\/#primaryimage\"},\"thumbnailUrl\":\"https:\/\/gosamana.com\/wp-content\/uploads\/2015\/09\/lindo.jpg\",\"datePublished\":\"2015-09-28T19:32:13+00:00\",\"dateModified\":\"2026-02-03T18:55:36+00:00\",\"description\":\"The\u00a0Saman\u00e1 Tourism Cluster is an apolitical, non-profit organization that brings together public and private institutions related to the tourism sector.\",\"breadcrumb\":{\"@id\":\"https:\/\/gosamana.com\/en\/hablame-de-samana\/about-samana-tourism-cluster\/#breadcrumb\"},\"inLanguage\":\"en-US\",\"potentialAction\":[{\"@type\":\"ReadAction\",\"target\":[\"https:\/\/gosamana.com\/en\/hablame-de-samana\/about-samana-tourism-cluster\/\"]}]},{\"@type\":\"ImageObject\",\"inLanguage\":\"en-US\",\"@id\":\"https:\/\/gosamana.com\/en\/hablame-de-samana\/about-samana-tourism-cluster\/#primaryimage\",\"url\":\"https:\/\/gosamana.com\/wp-content\/uploads\/2015\/09\/lindo.jpg\",\"contentUrl\":\"https:\/\/gosamana.com\/wp-content\/uploads\/2015\/09\/lindo.jpg\",\"width\":1900,\"height\":609},{\"@type\":\"BreadcrumbList\",\"@id\":\"https:\/\/gosamana.com\/en\/hablame-de-samana\/about-samana-tourism-cluster\/#breadcrumb\",\"itemListElement\":[{\"@type\":\"ListItem\",\"position\":1,\"name\":\"Portada\",\"item\":\"https:\/\/gosamana.com\/en\/\"},{\"@type\":\"ListItem\",\"position\":2,\"name\":\"H\u00e1blame de Saman\u00e1\",\"item\":\"https:\/\/gosamana.com\/en\/hablame-de-samana\/\"},{\"@type\":\"ListItem\",\"position\":3,\"name\":\"About Saman\u00e1 Tourism Cluster\"}]},{\"@type\":\"WebSite\",\"@id\":\"https:\/\/gosamana.com\/en\/#website\",\"url\":\"https:\/\/gosamana.com\/en\/\",\"name\":\"Saman\u00e1\",\"description\":\"Sitio oficial del destino tur\u00edstico Saman\u00e1\",\"potentialAction\":[{\"@type\":\"SearchAction\",\"target\":{\"@type\":\"EntryPoint\",\"urlTemplate\":\"https:\/\/gosamana.com\/en\/?s={search_term_string}\"},\"query-input\":{\"@type\":\"PropertyValueSpecification\",\"valueRequired\":true,\"valueName\":\"search_term_string\"}}],\"inLanguage\":\"en-US\"}]}<\/script>\n<!-- \/ Yoast SEO plugin. -->","yoast_head_json":{"title":"About Saman\u00e1 Tourism Cluster - Saman\u00e1","description":"The\u00a0Saman\u00e1 Tourism Cluster is an apolitical, non-profit organization that brings together public and private institutions related to the tourism sector.","robots":{"index":"index","follow":"follow","max-snippet":"max-snippet:-1","max-image-preview":"max-image-preview:large","max-video-preview":"max-video-preview:-1"},"canonical":"https:\/\/gosamana.com\/en\/hablame-de-samana\/about-samana-tourism-cluster\/","og_locale":"en_US","og_type":"article","og_title":"About Saman\u00e1 Tourism Cluster - Saman\u00e1","og_description":"The\u00a0Saman\u00e1 Tourism Cluster is an apolitical, non-profit organization that brings together public and private institutions related to the tourism sector.","og_url":"https:\/\/gosamana.com\/en\/hablame-de-samana\/about-samana-tourism-cluster\/","og_site_name":"Saman\u00e1","article_modified_time":"2026-02-03T18:55:36+00:00","og_image":[{"width":1900,"height":609,"url":"https:\/\/gosamana.com\/wp-content\/uploads\/2015\/09\/lindo.jpg","type":"image\/jpeg"}],"twitter_card":"summary_large_image","twitter_misc":{"Est. reading time":"3 minutes"},"schema":{"@context":"https:\/\/schema.org","@graph":[{"@type":"WebPage","@id":"https:\/\/gosamana.com\/en\/hablame-de-samana\/about-samana-tourism-cluster\/","url":"https:\/\/gosamana.com\/en\/hablame-de-samana\/about-samana-tourism-cluster\/","name":"About Saman\u00e1 Tourism Cluster - Saman\u00e1","isPartOf":{"@id":"https:\/\/gosamana.com\/en\/#website"},"primaryImageOfPage":{"@id":"https:\/\/gosamana.com\/en\/hablame-de-samana\/about-samana-tourism-cluster\/#primaryimage"},"image":{"@id":"https:\/\/gosamana.com\/en\/hablame-de-samana\/about-samana-tourism-cluster\/#primaryimage"},"thumbnailUrl":"https:\/\/gosamana.com\/wp-content\/uploads\/2015\/09\/lindo.jpg","datePublished":"2015-09-28T19:32:13+00:00","dateModified":"2026-02-03T18:55:36+00:00","description":"The\u00a0Saman\u00e1 Tourism Cluster is an apolitical, non-profit organization that brings together public and private institutions related to the tourism sector.","breadcrumb":{"@id":"https:\/\/gosamana.com\/en\/hablame-de-samana\/about-samana-tourism-cluster\/#breadcrumb"},"inLanguage":"en-US","potentialAction":[{"@type":"ReadAction","target":["https:\/\/gosamana.com\/en\/hablame-de-samana\/about-samana-tourism-cluster\/"]}]},{"@type":"ImageObject","inLanguage":"en-US","@id":"https:\/\/gosamana.com\/en\/hablame-de-samana\/about-samana-tourism-cluster\/#primaryimage","url":"https:\/\/gosamana.com\/wp-content\/uploads\/2015\/09\/lindo.jpg","contentUrl":"https:\/\/gosamana.com\/wp-content\/uploads\/2015\/09\/lindo.jpg","width":1900,"height":609},{"@type":"BreadcrumbList","@id":"https:\/\/gosamana.com\/en\/hablame-de-samana\/about-samana-tourism-cluster\/#breadcrumb","itemListElement":[{"@type":"ListItem","position":1,"name":"Portada","item":"https:\/\/gosamana.com\/en\/"},{"@type":"ListItem","position":2,"name":"H\u00e1blame de Saman\u00e1","item":"https:\/\/gosamana.com\/en\/hablame-de-samana\/"},{"@type":"ListItem","position":3,"name":"About Saman\u00e1 Tourism Cluster"}]},{"@type":"WebSite","@id":"https:\/\/gosamana.com\/en\/#website","url":"https:\/\/gosamana.com\/en\/","name":"Saman\u00e1","description":"Sitio oficial del destino tur\u00edstico Saman\u00e1","potentialAction":[{"@type":"SearchAction","target":{"@type":"EntryPoint","urlTemplate":"https:\/\/gosamana.com\/en\/?s={search_term_string}"},"query-input":{"@type":"PropertyValueSpecification","valueRequired":true,"valueName":"search_term_string"}}],"inLanguage":"en-US"}]}},"_links":{"self":[{"href":"https:\/\/gosamana.com\/en\/wp-json\/wp\/v2\/pages\/705","targetHints":{"allow":["GET"]}}],"collection":[{"href":"https:\/\/gosamana.com\/en\/wp-json\/wp\/v2\/pages"}],"about":[{"href":"https:\/\/gosamana.com\/en\/wp-json\/wp\/v2\/types\/page"}],"author":[{"embeddable":true,"href":"https:\/\/gosamana.com\/en\/wp-json\/wp\/v2\/users\/1"}],"replies":[{"embeddable":true,"href":"https:\/\/gosamana.com\/en\/wp-json\/wp\/v2\/comments?post=705"}],"version-history":[{"count":53,"href":"https:\/\/gosamana.com\/en\/wp-json\/wp\/v2\/pages\/705\/revisions"}],"predecessor-version":[{"id":5140,"href":"https:\/\/gosamana.com\/en\/wp-json\/wp\/v2\/pages\/705\/revisions\/5140"}],"up":[{"embeddable":true,"href":"https:\/\/gosamana.com\/en\/wp-json\/wp\/v2\/pages\/99"}],"wp:featuredmedia":[{"embeddable":true,"href":"https:\/\/gosamana.com\/en\/wp-json\/wp\/v2\/media\/431"}],"wp:attachment":[{"href":"https:\/\/gosamana.com\/en\/wp-json\/wp\/v2\/media?parent=705"}],"curies":[{"name":"wp","href":"https:\/\/api.w.org\/{rel}","templated":true}]}}