{"id":94,"date":"2015-08-11T23:19:12","date_gmt":"2015-08-11T23:19:12","guid":{"rendered":"http:\/\/localhost\/berrywhale\/samana\/en\/?page_id=94"},"modified":"2019-05-02T16:18:24","modified_gmt":"2019-05-02T16:18:24","slug":"eat-well","status":"publish","type":"page","link":"https:\/\/gosamana.com\/en\/eat-well\/","title":{"rendered":"Eat well"},"content":{"rendered":"\n\t\t<style type=\"text\/css\">\n\t\t\t#gallery-1 {\n\t\t\t\tmargin: auto;\n\t\t\t}\n\t\t\t#gallery-1 .gallery-item {\n\t\t\t\tfloat: left;\n\t\t\t\tmargin-top: 10px;\n\t\t\t\ttext-align: center;\n\t\t\t\twidth: 11%;\n\t\t\t}\n\t\t\t#gallery-1 img {\n\t\t\t\tborder: 2px solid #cfcfcf;\n\t\t\t}\n\t\t\t#gallery-1 .gallery-caption {\n\t\t\t\tmargin-left: 0;\n\t\t\t}\n\t\t\t\/* see gallery_shortcode() in wp-includes\/media.php *\/\n\t\t<\/style>\n\t\t<div id='gallery-1' class='gallery galleryid-94 gallery-columns-9 gallery-size-thumbnail'><dl class='gallery-item'>\n\t\t\t<dt class='gallery-icon landscape'>\n\t\t\t\t<a href='https:\/\/gosamana.com\/en\/comer-bien\/restaurante-mi-corazon-2\/'><img loading=\"lazy\" decoding=\"async\" width=\"150\" height=\"150\" src=\"https:\/\/gosamana.com\/wp-content\/uploads\/2015\/08\/Restaurante-Mi-Corazon-150x150.jpg\" class=\"attachment-thumbnail size-thumbnail\" alt=\"\" \/><\/a>\n\t\t\t<\/dt><\/dl><dl class='gallery-item'>\n\t\t\t<dt class='gallery-icon landscape'>\n\t\t\t\t<a href='https:\/\/gosamana.com\/en\/comer-bien\/paco-cabana\/'><img loading=\"lazy\" decoding=\"async\" width=\"150\" height=\"150\" src=\"https:\/\/gosamana.com\/wp-content\/uploads\/2015\/08\/paco-cabana-150x150.jpg\" class=\"attachment-thumbnail size-thumbnail\" alt=\"\" \/><\/a>\n\t\t\t<\/dt><\/dl><dl class='gallery-item'>\n\t\t\t<dt class='gallery-icon landscape'>\n\t\t\t\t<a href='https:\/\/gosamana.com\/en\/comer-bien\/pizza-coco\/'><img loading=\"lazy\" decoding=\"async\" width=\"150\" height=\"150\" src=\"https:\/\/gosamana.com\/wp-content\/uploads\/2015\/08\/pizza-coco-150x150.jpg\" class=\"attachment-thumbnail size-thumbnail\" alt=\"\" srcset=\"https:\/\/gosamana.com\/wp-content\/uploads\/2015\/08\/pizza-coco-150x150.jpg 150w, https:\/\/gosamana.com\/wp-content\/uploads\/2015\/08\/pizza-coco-300x300.jpg 300w, https:\/\/gosamana.com\/wp-content\/uploads\/2015\/08\/pizza-coco.jpg 640w\" sizes=\"auto, (max-width: 150px) 100vw, 150px\" \/><\/a>\n\t\t\t<\/dt><\/dl><dl class='gallery-item'>\n\t\t\t<dt class='gallery-icon landscape'>\n\t\t\t\t<a href='https:\/\/gosamana.com\/en\/comer-bien\/cayenas-del-mar\/'><img loading=\"lazy\" decoding=\"async\" width=\"150\" height=\"150\" src=\"https:\/\/gosamana.com\/wp-content\/uploads\/2015\/08\/cayenas-del-mar-150x150.jpg\" class=\"attachment-thumbnail size-thumbnail\" alt=\"\" \/><\/a>\n\t\t\t<\/dt><\/dl><dl class='gallery-item'>\n\t\t\t<dt class='gallery-icon landscape'>\n\t\t\t\t<a href='https:\/\/gosamana.com\/en\/comer-bien\/la-terrasse\/'><img loading=\"lazy\" decoding=\"async\" width=\"150\" height=\"150\" src=\"https:\/\/gosamana.com\/wp-content\/uploads\/2015\/08\/la-terrasse-150x150.jpg\" class=\"attachment-thumbnail size-thumbnail\" alt=\"\" \/><\/a>\n\t\t\t<\/dt><\/dl><dl class='gallery-item'>\n\t\t\t<dt class='gallery-icon landscape'>\n\t\t\t\t<a href='https:\/\/gosamana.com\/en\/comer-bien\/chez-sandro\/'><img loading=\"lazy\" decoding=\"async\" width=\"150\" height=\"150\" src=\"https:\/\/gosamana.com\/wp-content\/uploads\/2015\/08\/chez-sandro-150x150.jpg\" class=\"attachment-thumbnail size-thumbnail\" alt=\"\" \/><\/a>\n\t\t\t<\/dt><\/dl><dl class='gallery-item'>\n\t\t\t<dt class='gallery-icon landscape'>\n\t\t\t\t<a href='https:\/\/gosamana.com\/en\/comer-bien\/el-cayuco\/'><img loading=\"lazy\" decoding=\"async\" width=\"150\" height=\"150\" src=\"https:\/\/gosamana.com\/wp-content\/uploads\/2015\/08\/el-cayuco-150x150.jpg\" class=\"attachment-thumbnail size-thumbnail\" alt=\"\" srcset=\"https:\/\/gosamana.com\/wp-content\/uploads\/2015\/08\/el-cayuco-150x150.jpg 150w, https:\/\/gosamana.com\/wp-content\/uploads\/2015\/08\/el-cayuco-300x300.jpg 300w, https:\/\/gosamana.com\/wp-content\/uploads\/2015\/08\/el-cayuco.jpg 320w\" sizes=\"auto, (max-width: 150px) 100vw, 150px\" \/><\/a>\n\t\t\t<\/dt><\/dl><dl class='gallery-item'>\n\t\t\t<dt class='gallery-icon landscape'>\n\t\t\t\t<a href='https:\/\/gosamana.com\/en\/comer-bien\/attachment\/91\/'><img loading=\"lazy\" decoding=\"async\" width=\"150\" height=\"150\" src=\"https:\/\/gosamana.com\/wp-content\/uploads\/2015\/08\/91-150x150.jpg\" class=\"attachment-thumbnail size-thumbnail\" alt=\"\" srcset=\"https:\/\/gosamana.com\/wp-content\/uploads\/2015\/08\/91-150x150.jpg 150w, https:\/\/gosamana.com\/wp-content\/uploads\/2015\/08\/91-300x300.jpg 300w, https:\/\/gosamana.com\/wp-content\/uploads\/2015\/08\/91-768x768.jpg 768w, https:\/\/gosamana.com\/wp-content\/uploads\/2015\/08\/91.jpg 800w\" sizes=\"auto, (max-width: 150px) 100vw, 150px\" \/><\/a>\n\t\t\t<\/dt><\/dl><dl class='gallery-item'>\n\t\t\t<dt class='gallery-icon landscape'>\n\t\t\t\t<a href='https:\/\/gosamana.com\/en\/comer-bien\/attachment\/90\/'><img loading=\"lazy\" decoding=\"async\" width=\"150\" height=\"150\" src=\"https:\/\/gosamana.com\/wp-content\/uploads\/2015\/08\/90-150x150.jpg\" class=\"attachment-thumbnail size-thumbnail\" alt=\"\" srcset=\"https:\/\/gosamana.com\/wp-content\/uploads\/2015\/08\/90-150x150.jpg 150w, https:\/\/gosamana.com\/wp-content\/uploads\/2015\/08\/90-300x300.jpg 300w, https:\/\/gosamana.com\/wp-content\/uploads\/2015\/08\/90-768x768.jpg 768w, https:\/\/gosamana.com\/wp-content\/uploads\/2015\/08\/90.jpg 800w\" sizes=\"auto, (max-width: 150px) 100vw, 150px\" \/><\/a>\n\t\t\t<\/dt><\/dl><br style=\"clear: both\" \/>\n\t\t<\/div>\n\n","protected":false},"excerpt":{"rendered":"","protected":false},"author":1,"featured_media":1542,"parent":0,"menu_order":0,"comment_status":"open","ping_status":"closed","template":"comerbien.php","meta":{"footnotes":""},"class_list":["post-94","page","type-page","status-publish","has-post-thumbnail","hentry"],"yoast_head":"<!-- This site is optimized with the Yoast SEO plugin v25.8 - https:\/\/yoast.com\/wordpress\/plugins\/seo\/ -->\n<title>comer bien<\/title>\n<meta name=\"description\" content=\"Saman\u00e1, the main gastronomic destination in the Dominican Republic.\" \/>\n<meta name=\"robots\" content=\"index, follow, max-snippet:-1, max-image-preview:large, max-video-preview:-1\" \/>\n<link rel=\"canonical\" href=\"https:\/\/gosamana.com\/en\/eat-well\/\" \/>\n<meta property=\"og:locale\" content=\"en_US\" \/>\n<meta property=\"og:type\" content=\"article\" \/>\n<meta property=\"og:title\" content=\"comer bien\" \/>\n<meta property=\"og:description\" content=\"Saman\u00e1, the main gastronomic destination in the Dominican Republic.\" \/>\n<meta property=\"og:url\" content=\"https:\/\/gosamana.com\/en\/eat-well\/\" \/>\n<meta property=\"og:site_name\" content=\"Saman\u00e1\" \/>\n<meta property=\"article:modified_time\" content=\"2019-05-02T16:18:24+00:00\" \/>\n<meta property=\"og:image\" content=\"https:\/\/gosamana.com\/wp-content\/uploads\/2015\/08\/restaurant_micorazon.png\" \/>\n\t<meta property=\"og:image:width\" content=\"1900\" \/>\n\t<meta property=\"og:image:height\" content=\"633\" \/>\n\t<meta property=\"og:image:type\" content=\"image\/png\" \/>\n<meta name=\"twitter:card\" content=\"summary_large_image\" \/>\n<script type=\"application\/ld+json\" class=\"yoast-schema-graph\">{\"@context\":\"https:\/\/schema.org\",\"@graph\":[{\"@type\":\"WebPage\",\"@id\":\"https:\/\/gosamana.com\/en\/eat-well\/\",\"url\":\"https:\/\/gosamana.com\/en\/eat-well\/\",\"name\":\"comer bien\",\"isPartOf\":{\"@id\":\"https:\/\/gosamana.com\/en\/#website\"},\"primaryImageOfPage\":{\"@id\":\"https:\/\/gosamana.com\/en\/eat-well\/#primaryimage\"},\"image\":{\"@id\":\"https:\/\/gosamana.com\/en\/eat-well\/#primaryimage\"},\"thumbnailUrl\":\"https:\/\/gosamana.com\/wp-content\/uploads\/2015\/08\/restaurant_micorazon.png\",\"datePublished\":\"2015-08-11T23:19:12+00:00\",\"dateModified\":\"2019-05-02T16:18:24+00:00\",\"description\":\"Saman\u00e1, the main gastronomic destination in the Dominican Republic.\",\"breadcrumb\":{\"@id\":\"https:\/\/gosamana.com\/en\/eat-well\/#breadcrumb\"},\"inLanguage\":\"en-US\",\"potentialAction\":[{\"@type\":\"ReadAction\",\"target\":[\"https:\/\/gosamana.com\/en\/eat-well\/\"]}]},{\"@type\":\"ImageObject\",\"inLanguage\":\"en-US\",\"@id\":\"https:\/\/gosamana.com\/en\/eat-well\/#primaryimage\",\"url\":\"https:\/\/gosamana.com\/wp-content\/uploads\/2015\/08\/restaurant_micorazon.png\",\"contentUrl\":\"https:\/\/gosamana.com\/wp-content\/uploads\/2015\/08\/restaurant_micorazon.png\",\"width\":1900,\"height\":633},{\"@type\":\"BreadcrumbList\",\"@id\":\"https:\/\/gosamana.com\/en\/eat-well\/#breadcrumb\",\"itemListElement\":[{\"@type\":\"ListItem\",\"position\":1,\"name\":\"Portada\",\"item\":\"https:\/\/gosamana.com\/en\/\"},{\"@type\":\"ListItem\",\"position\":2,\"name\":\"Eat well\"}]},{\"@type\":\"WebSite\",\"@id\":\"https:\/\/gosamana.com\/en\/#website\",\"url\":\"https:\/\/gosamana.com\/en\/\",\"name\":\"Saman\u00e1\",\"description\":\"Sitio oficial del destino tur\u00edstico Saman\u00e1\",\"potentialAction\":[{\"@type\":\"SearchAction\",\"target\":{\"@type\":\"EntryPoint\",\"urlTemplate\":\"https:\/\/gosamana.com\/en\/?s={search_term_string}\"},\"query-input\":{\"@type\":\"PropertyValueSpecification\",\"valueRequired\":true,\"valueName\":\"search_term_string\"}}],\"inLanguage\":\"en-US\"}]}<\/script>\n<!-- \/ Yoast SEO plugin. -->","yoast_head_json":{"title":"comer bien","description":"Saman\u00e1, the main gastronomic destination in the Dominican Republic.","robots":{"index":"index","follow":"follow","max-snippet":"max-snippet:-1","max-image-preview":"max-image-preview:large","max-video-preview":"max-video-preview:-1"},"canonical":"https:\/\/gosamana.com\/en\/eat-well\/","og_locale":"en_US","og_type":"article","og_title":"comer bien","og_description":"Saman\u00e1, the main gastronomic destination in the Dominican Republic.","og_url":"https:\/\/gosamana.com\/en\/eat-well\/","og_site_name":"Saman\u00e1","article_modified_time":"2019-05-02T16:18:24+00:00","og_image":[{"width":1900,"height":633,"url":"https:\/\/gosamana.com\/wp-content\/uploads\/2015\/08\/restaurant_micorazon.png","type":"image\/png"}],"twitter_card":"summary_large_image","schema":{"@context":"https:\/\/schema.org","@graph":[{"@type":"WebPage","@id":"https:\/\/gosamana.com\/en\/eat-well\/","url":"https:\/\/gosamana.com\/en\/eat-well\/","name":"comer bien","isPartOf":{"@id":"https:\/\/gosamana.com\/en\/#website"},"primaryImageOfPage":{"@id":"https:\/\/gosamana.com\/en\/eat-well\/#primaryimage"},"image":{"@id":"https:\/\/gosamana.com\/en\/eat-well\/#primaryimage"},"thumbnailUrl":"https:\/\/gosamana.com\/wp-content\/uploads\/2015\/08\/restaurant_micorazon.png","datePublished":"2015-08-11T23:19:12+00:00","dateModified":"2019-05-02T16:18:24+00:00","description":"Saman\u00e1, the main gastronomic destination in the Dominican Republic.","breadcrumb":{"@id":"https:\/\/gosamana.com\/en\/eat-well\/#breadcrumb"},"inLanguage":"en-US","potentialAction":[{"@type":"ReadAction","target":["https:\/\/gosamana.com\/en\/eat-well\/"]}]},{"@type":"ImageObject","inLanguage":"en-US","@id":"https:\/\/gosamana.com\/en\/eat-well\/#primaryimage","url":"https:\/\/gosamana.com\/wp-content\/uploads\/2015\/08\/restaurant_micorazon.png","contentUrl":"https:\/\/gosamana.com\/wp-content\/uploads\/2015\/08\/restaurant_micorazon.png","width":1900,"height":633},{"@type":"BreadcrumbList","@id":"https:\/\/gosamana.com\/en\/eat-well\/#breadcrumb","itemListElement":[{"@type":"ListItem","position":1,"name":"Portada","item":"https:\/\/gosamana.com\/en\/"},{"@type":"ListItem","position":2,"name":"Eat well"}]},{"@type":"WebSite","@id":"https:\/\/gosamana.com\/en\/#website","url":"https:\/\/gosamana.com\/en\/","name":"Saman\u00e1","description":"Sitio oficial del destino tur\u00edstico Saman\u00e1","potentialAction":[{"@type":"SearchAction","target":{"@type":"EntryPoint","urlTemplate":"https:\/\/gosamana.com\/en\/?s={search_term_string}"},"query-input":{"@type":"PropertyValueSpecification","valueRequired":true,"valueName":"search_term_string"}}],"inLanguage":"en-US"}]}},"_links":{"self":[{"href":"https:\/\/gosamana.com\/en\/wp-json\/wp\/v2\/pages\/94","targetHints":{"allow":["GET"]}}],"collection":[{"href":"https:\/\/gosamana.com\/en\/wp-json\/wp\/v2\/pages"}],"about":[{"href":"https:\/\/gosamana.com\/en\/wp-json\/wp\/v2\/types\/page"}],"author":[{"embeddable":true,"href":"https:\/\/gosamana.com\/en\/wp-json\/wp\/v2\/users\/1"}],"replies":[{"embeddable":true,"href":"https:\/\/gosamana.com\/en\/wp-json\/wp\/v2\/comments?post=94"}],"version-history":[{"count":12,"href":"https:\/\/gosamana.com\/en\/wp-json\/wp\/v2\/pages\/94\/revisions"}],"predecessor-version":[{"id":4212,"href":"https:\/\/gosamana.com\/en\/wp-json\/wp\/v2\/pages\/94\/revisions\/4212"}],"wp:featuredmedia":[{"embeddable":true,"href":"https:\/\/gosamana.com\/en\/wp-json\/wp\/v2\/media\/1542"}],"wp:attachment":[{"href":"https:\/\/gosamana.com\/en\/wp-json\/wp\/v2\/media?parent=94"}],"curies":[{"name":"wp","href":"https:\/\/api.w.org\/{rel}","templated":true}]}}