{"id":98,"date":"2015-08-11T23:18:49","date_gmt":"2015-08-11T23:18:49","guid":{"rendered":"http:\/\/localhost\/berrywhale\/samana\/en\/?page_id=98"},"modified":"2019-05-02T16:18:42","modified_gmt":"2019-05-02T16:18:42","slug":"sleep-well","status":"publish","type":"page","link":"https:\/\/gosamana.com\/en\/sleep-well\/","title":{"rendered":"Sleep well"},"content":{"rendered":"\n\t\t<style type=\"text\/css\">\n\t\t\t#gallery-1 {\n\t\t\t\tmargin: auto;\n\t\t\t}\n\t\t\t#gallery-1 .gallery-item {\n\t\t\t\tfloat: left;\n\t\t\t\tmargin-top: 10px;\n\t\t\t\ttext-align: center;\n\t\t\t\twidth: 11%;\n\t\t\t}\n\t\t\t#gallery-1 img {\n\t\t\t\tborder: 2px solid #cfcfcf;\n\t\t\t}\n\t\t\t#gallery-1 .gallery-caption {\n\t\t\t\tmargin-left: 0;\n\t\t\t}\n\t\t\t\/* see gallery_shortcode() in wp-includes\/media.php *\/\n\t\t<\/style>\n\t\t<div id='gallery-1' class='gallery galleryid-98 gallery-columns-9 gallery-size-thumbnail'><dl class='gallery-item'>\n\t\t\t<dt class='gallery-icon landscape'>\n\t\t\t\t<a href='https:\/\/gosamana.com\/en\/dormir-bien\/bahia-principe-el-portillo-2\/'><img loading=\"lazy\" decoding=\"async\" width=\"150\" height=\"150\" src=\"https:\/\/gosamana.com\/wp-content\/uploads\/2015\/08\/bahia-principe-el-portillo-150x150.jpg\" class=\"attachment-thumbnail size-thumbnail\" alt=\"\" \/><\/a>\n\t\t\t<\/dt><\/dl><dl class='gallery-item'>\n\t\t\t<dt class='gallery-icon landscape'>\n\t\t\t\t<a href='https:\/\/gosamana.com\/en\/dormir-bien\/grand-bahia-principe-portillo-2\/'><img loading=\"lazy\" decoding=\"async\" width=\"150\" height=\"150\" src=\"https:\/\/gosamana.com\/wp-content\/uploads\/2015\/08\/grand-bahia-principe-portillo-150x150.jpg\" class=\"attachment-thumbnail size-thumbnail\" alt=\"\" \/><\/a>\n\t\t\t<\/dt><\/dl><dl class='gallery-item'>\n\t\t\t<dt class='gallery-icon landscape'>\n\t\t\t\t<a href='https:\/\/gosamana.com\/en\/dormir-bien\/bahia-principe-el-portillo-1-2\/'><img loading=\"lazy\" decoding=\"async\" width=\"150\" height=\"150\" src=\"https:\/\/gosamana.com\/wp-content\/uploads\/2015\/08\/bahia-principe-el-portillo-1-150x150.jpg\" class=\"attachment-thumbnail size-thumbnail\" alt=\"\" \/><\/a>\n\t\t\t<\/dt><\/dl><dl class='gallery-item'>\n\t\t\t<dt class='gallery-icon landscape'>\n\t\t\t\t<a href='https:\/\/gosamana.com\/en\/dormir-bien\/sublime-samana-2\/'><img loading=\"lazy\" decoding=\"async\" width=\"150\" height=\"150\" src=\"https:\/\/gosamana.com\/wp-content\/uploads\/2015\/08\/sublime-samana-150x150.jpg\" class=\"attachment-thumbnail size-thumbnail\" alt=\"\" \/><\/a>\n\t\t\t<\/dt><\/dl><dl class='gallery-item'>\n\t\t\t<dt class='gallery-icon landscape'>\n\t\t\t\t<a href='https:\/\/gosamana.com\/en\/dormir-bien\/grand-paradise-samana-2\/'><img loading=\"lazy\" decoding=\"async\" width=\"150\" height=\"150\" src=\"https:\/\/gosamana.com\/wp-content\/uploads\/2015\/08\/grand-paradise-samana-150x150.jpg\" class=\"attachment-thumbnail size-thumbnail\" alt=\"\" \/><\/a>\n\t\t\t<\/dt><\/dl><dl class='gallery-item'>\n\t\t\t<dt class='gallery-icon landscape'>\n\t\t\t\t<a href='https:\/\/gosamana.com\/en\/dormir-bien\/grand-bahia-principe-el-portillo-3\/'><img loading=\"lazy\" decoding=\"async\" width=\"150\" height=\"150\" src=\"https:\/\/gosamana.com\/wp-content\/uploads\/2015\/08\/Grand-Bahia-Principe-El-Portillo1-150x150.jpg\" class=\"attachment-thumbnail size-thumbnail\" alt=\"\" \/><\/a>\n\t\t\t<\/dt><\/dl><dl class='gallery-item'>\n\t\t\t<dt class='gallery-icon landscape'>\n\t\t\t\t<a href='https:\/\/gosamana.com\/en\/dormir-bien\/sublime-samana-3\/'><img loading=\"lazy\" decoding=\"async\" width=\"150\" height=\"150\" src=\"https:\/\/gosamana.com\/wp-content\/uploads\/2015\/08\/Sublime-Samana-150x150.jpg\" class=\"attachment-thumbnail size-thumbnail\" alt=\"\" \/><\/a>\n\t\t\t<\/dt><\/dl><dl class='gallery-item'>\n\t\t\t<dt class='gallery-icon landscape'>\n\t\t\t\t<a href='https:\/\/gosamana.com\/en\/dormir-bien\/hotel-balcones-del-atlantico\/'><img loading=\"lazy\" decoding=\"async\" width=\"150\" height=\"150\" src=\"https:\/\/gosamana.com\/wp-content\/uploads\/2015\/08\/hotel-balcones-del-atlantico-150x150.jpg\" class=\"attachment-thumbnail size-thumbnail\" alt=\"\" \/><\/a>\n\t\t\t<\/dt><\/dl><dl class='gallery-item'>\n\t\t\t<dt class='gallery-icon landscape'>\n\t\t\t\t<a href='https:\/\/gosamana.com\/en\/dormir-bien\/hotel-alisei\/'><img loading=\"lazy\" decoding=\"async\" width=\"150\" height=\"150\" src=\"https:\/\/gosamana.com\/wp-content\/uploads\/2015\/08\/hotel-alisei-150x150.jpg\" class=\"attachment-thumbnail size-thumbnail\" alt=\"\" \/><\/a>\n\t\t\t<\/dt><\/dl><br style=\"clear: both\" \/><dl class='gallery-item'>\n\t\t\t<dt class='gallery-icon landscape'>\n\t\t\t\t<a href='https:\/\/gosamana.com\/en\/dormir-bien\/hotel-cano-hondo\/'><img loading=\"lazy\" decoding=\"async\" width=\"150\" height=\"150\" src=\"https:\/\/gosamana.com\/wp-content\/uploads\/2015\/08\/hotel-cano-hondo-150x150.jpg\" class=\"attachment-thumbnail size-thumbnail\" alt=\"\" \/><\/a>\n\t\t\t<\/dt><\/dl>\n\t\t\t<br style='clear: both' \/>\n\t\t<\/div>\n\n","protected":false},"excerpt":{"rendered":"","protected":false},"author":1,"featured_media":1336,"parent":0,"menu_order":0,"comment_status":"open","ping_status":"closed","template":"dormirbien.php","meta":{"footnotes":""},"class_list":["post-98","page","type-page","status-publish","has-post-thumbnail","hentry"],"yoast_head":"<!-- This site is optimized with the Yoast SEO plugin v25.8 - https:\/\/yoast.com\/wordpress\/plugins\/seo\/ -->\n<title>Sleep well - Saman\u00e1<\/title>\n<meta name=\"description\" content=\"Saman\u00e1 is full of alternatives from which to choose bedtime, enjoy charming hotels where to spend an unforgettable stay.\" \/>\n<meta name=\"robots\" content=\"index, follow, max-snippet:-1, max-image-preview:large, max-video-preview:-1\" \/>\n<link rel=\"canonical\" href=\"https:\/\/gosamana.com\/en\/sleep-well\/\" \/>\n<meta property=\"og:locale\" content=\"en_US\" \/>\n<meta property=\"og:type\" content=\"article\" \/>\n<meta property=\"og:title\" content=\"Sleep well - Saman\u00e1\" \/>\n<meta property=\"og:description\" content=\"Saman\u00e1 is full of alternatives from which to choose bedtime, enjoy charming hotels where to spend an unforgettable stay.\" \/>\n<meta property=\"og:url\" content=\"https:\/\/gosamana.com\/en\/sleep-well\/\" \/>\n<meta property=\"og:site_name\" content=\"Saman\u00e1\" \/>\n<meta property=\"article:modified_time\" content=\"2019-05-02T16:18:42+00:00\" \/>\n<meta property=\"og:image\" content=\"https:\/\/gosamana.com\/wp-content\/uploads\/2015\/08\/domir.jpg\" \/>\n\t<meta property=\"og:image:width\" content=\"2363\" \/>\n\t<meta property=\"og:image:height\" content=\"1572\" \/>\n\t<meta property=\"og:image:type\" content=\"image\/jpeg\" \/>\n<meta name=\"twitter:card\" content=\"summary_large_image\" \/>\n<script type=\"application\/ld+json\" class=\"yoast-schema-graph\">{\"@context\":\"https:\/\/schema.org\",\"@graph\":[{\"@type\":\"WebPage\",\"@id\":\"https:\/\/gosamana.com\/en\/sleep-well\/\",\"url\":\"https:\/\/gosamana.com\/en\/sleep-well\/\",\"name\":\"Sleep well - Saman\u00e1\",\"isPartOf\":{\"@id\":\"https:\/\/gosamana.com\/en\/#website\"},\"primaryImageOfPage\":{\"@id\":\"https:\/\/gosamana.com\/en\/sleep-well\/#primaryimage\"},\"image\":{\"@id\":\"https:\/\/gosamana.com\/en\/sleep-well\/#primaryimage\"},\"thumbnailUrl\":\"https:\/\/gosamana.com\/wp-content\/uploads\/2015\/08\/domir.jpg\",\"datePublished\":\"2015-08-11T23:18:49+00:00\",\"dateModified\":\"2019-05-02T16:18:42+00:00\",\"description\":\"Saman\u00e1 is full of alternatives from which to choose bedtime, enjoy charming hotels where to spend an unforgettable stay.\",\"breadcrumb\":{\"@id\":\"https:\/\/gosamana.com\/en\/sleep-well\/#breadcrumb\"},\"inLanguage\":\"en-US\",\"potentialAction\":[{\"@type\":\"ReadAction\",\"target\":[\"https:\/\/gosamana.com\/en\/sleep-well\/\"]}]},{\"@type\":\"ImageObject\",\"inLanguage\":\"en-US\",\"@id\":\"https:\/\/gosamana.com\/en\/sleep-well\/#primaryimage\",\"url\":\"https:\/\/gosamana.com\/wp-content\/uploads\/2015\/08\/domir.jpg\",\"contentUrl\":\"https:\/\/gosamana.com\/wp-content\/uploads\/2015\/08\/domir.jpg\",\"width\":2363,\"height\":1572},{\"@type\":\"BreadcrumbList\",\"@id\":\"https:\/\/gosamana.com\/en\/sleep-well\/#breadcrumb\",\"itemListElement\":[{\"@type\":\"ListItem\",\"position\":1,\"name\":\"Portada\",\"item\":\"https:\/\/gosamana.com\/en\/\"},{\"@type\":\"ListItem\",\"position\":2,\"name\":\"Sleep well\"}]},{\"@type\":\"WebSite\",\"@id\":\"https:\/\/gosamana.com\/en\/#website\",\"url\":\"https:\/\/gosamana.com\/en\/\",\"name\":\"Saman\u00e1\",\"description\":\"Sitio oficial del destino tur\u00edstico Saman\u00e1\",\"potentialAction\":[{\"@type\":\"SearchAction\",\"target\":{\"@type\":\"EntryPoint\",\"urlTemplate\":\"https:\/\/gosamana.com\/en\/?s={search_term_string}\"},\"query-input\":{\"@type\":\"PropertyValueSpecification\",\"valueRequired\":true,\"valueName\":\"search_term_string\"}}],\"inLanguage\":\"en-US\"}]}<\/script>\n<!-- \/ Yoast SEO plugin. -->","yoast_head_json":{"title":"Sleep well - Saman\u00e1","description":"Saman\u00e1 is full of alternatives from which to choose bedtime, enjoy charming hotels where to spend an unforgettable stay.","robots":{"index":"index","follow":"follow","max-snippet":"max-snippet:-1","max-image-preview":"max-image-preview:large","max-video-preview":"max-video-preview:-1"},"canonical":"https:\/\/gosamana.com\/en\/sleep-well\/","og_locale":"en_US","og_type":"article","og_title":"Sleep well - Saman\u00e1","og_description":"Saman\u00e1 is full of alternatives from which to choose bedtime, enjoy charming hotels where to spend an unforgettable stay.","og_url":"https:\/\/gosamana.com\/en\/sleep-well\/","og_site_name":"Saman\u00e1","article_modified_time":"2019-05-02T16:18:42+00:00","og_image":[{"width":2363,"height":1572,"url":"https:\/\/gosamana.com\/wp-content\/uploads\/2015\/08\/domir.jpg","type":"image\/jpeg"}],"twitter_card":"summary_large_image","schema":{"@context":"https:\/\/schema.org","@graph":[{"@type":"WebPage","@id":"https:\/\/gosamana.com\/en\/sleep-well\/","url":"https:\/\/gosamana.com\/en\/sleep-well\/","name":"Sleep well - Saman\u00e1","isPartOf":{"@id":"https:\/\/gosamana.com\/en\/#website"},"primaryImageOfPage":{"@id":"https:\/\/gosamana.com\/en\/sleep-well\/#primaryimage"},"image":{"@id":"https:\/\/gosamana.com\/en\/sleep-well\/#primaryimage"},"thumbnailUrl":"https:\/\/gosamana.com\/wp-content\/uploads\/2015\/08\/domir.jpg","datePublished":"2015-08-11T23:18:49+00:00","dateModified":"2019-05-02T16:18:42+00:00","description":"Saman\u00e1 is full of alternatives from which to choose bedtime, enjoy charming hotels where to spend an unforgettable stay.","breadcrumb":{"@id":"https:\/\/gosamana.com\/en\/sleep-well\/#breadcrumb"},"inLanguage":"en-US","potentialAction":[{"@type":"ReadAction","target":["https:\/\/gosamana.com\/en\/sleep-well\/"]}]},{"@type":"ImageObject","inLanguage":"en-US","@id":"https:\/\/gosamana.com\/en\/sleep-well\/#primaryimage","url":"https:\/\/gosamana.com\/wp-content\/uploads\/2015\/08\/domir.jpg","contentUrl":"https:\/\/gosamana.com\/wp-content\/uploads\/2015\/08\/domir.jpg","width":2363,"height":1572},{"@type":"BreadcrumbList","@id":"https:\/\/gosamana.com\/en\/sleep-well\/#breadcrumb","itemListElement":[{"@type":"ListItem","position":1,"name":"Portada","item":"https:\/\/gosamana.com\/en\/"},{"@type":"ListItem","position":2,"name":"Sleep well"}]},{"@type":"WebSite","@id":"https:\/\/gosamana.com\/en\/#website","url":"https:\/\/gosamana.com\/en\/","name":"Saman\u00e1","description":"Sitio oficial del destino tur\u00edstico Saman\u00e1","potentialAction":[{"@type":"SearchAction","target":{"@type":"EntryPoint","urlTemplate":"https:\/\/gosamana.com\/en\/?s={search_term_string}"},"query-input":{"@type":"PropertyValueSpecification","valueRequired":true,"valueName":"search_term_string"}}],"inLanguage":"en-US"}]}},"_links":{"self":[{"href":"https:\/\/gosamana.com\/en\/wp-json\/wp\/v2\/pages\/98","targetHints":{"allow":["GET"]}}],"collection":[{"href":"https:\/\/gosamana.com\/en\/wp-json\/wp\/v2\/pages"}],"about":[{"href":"https:\/\/gosamana.com\/en\/wp-json\/wp\/v2\/types\/page"}],"author":[{"embeddable":true,"href":"https:\/\/gosamana.com\/en\/wp-json\/wp\/v2\/users\/1"}],"replies":[{"embeddable":true,"href":"https:\/\/gosamana.com\/en\/wp-json\/wp\/v2\/comments?post=98"}],"version-history":[{"count":9,"href":"https:\/\/gosamana.com\/en\/wp-json\/wp\/v2\/pages\/98\/revisions"}],"predecessor-version":[{"id":4214,"href":"https:\/\/gosamana.com\/en\/wp-json\/wp\/v2\/pages\/98\/revisions\/4214"}],"wp:featuredmedia":[{"embeddable":true,"href":"https:\/\/gosamana.com\/en\/wp-json\/wp\/v2\/media\/1336"}],"wp:attachment":[{"href":"https:\/\/gosamana.com\/en\/wp-json\/wp\/v2\/media?parent=98"}],"curies":[{"name":"wp","href":"https:\/\/api.w.org\/{rel}","templated":true}]}}