{"id":99,"date":"2015-08-11T23:20:10","date_gmt":"2015-08-11T23:20:10","guid":{"rendered":"http:\/\/localhost\/berrywhale\/samana\/en\/?page_id=99"},"modified":"2019-05-02T16:10:12","modified_gmt":"2019-05-02T16:10:12","slug":"hablame-de-samana","status":"publish","type":"page","link":"https:\/\/gosamana.com\/en\/hablame-de-samana\/","title":{"rendered":"H\u00e1blame de Saman\u00e1"},"content":{"rendered":"<p><span style=\"font-weight: 400;\">Knowing the history of a place you visit, you can turn a vacation into a profitable cultural exchange.<\/span><\/p>\n<p><span style=\"font-weight: 400;\">The rich and colorful history Samana began as a Taino domain, centuries before the arrival of Columbus in 1493.\u00a0<\/span><span style=\"font-weight: 400;\">The seaside town of Saman\u00e1 was founded in 1756 by Spanish families and in 1802 was invaded by the French fleet of Napoleon Bonaparte with instructions of being the colony capital, with the name of Napoleon City.\u00a0<\/span>French settlers who fled from Haiti joined the Spanish in the development of plantations of sugarcane, coffee, cocoa and coconut.<\/p>\n<p><span style=\"font-weight: 400;\">The formation of the racial melting pot migration continued in 1824 with the arrival of 300 families of freed slaves from the United States, through agreements with the African Methodist Episcopal Church in America.<\/span><\/p>\n<p><span style=\"font-weight: 400;\">In the early 20th century, the United States were involved in several negotiations to lease the Peninsula.<\/span><\/p>\n<p>Samana has been an important part of the history of the Dominican Republic and to contribute to tourism development in the country as one of the leaders of the Caribbean region and the world.<br \/>\n<b><br \/>\n<\/b><\/p>\n","protected":false},"excerpt":{"rendered":"<p>Knowing the history of a place you visit, you can turn a vacation into a profitable cultural exchange. The rich and colorful history Samana began as a Taino domain, centuries before the arrival of Columbus in 1493.\u00a0The seaside town of Saman\u00e1 was founded in 1756 by Spanish families and in 1802 was invaded by the [&hellip;]<\/p>\n","protected":false},"author":1,"featured_media":0,"parent":0,"menu_order":0,"comment_status":"open","ping_status":"closed","template":"hablamedesamana.php","meta":{"footnotes":""},"class_list":["post-99","page","type-page","status-publish","hentry"],"yoast_head":"<!-- This site is optimized with the Yoast SEO plugin v25.8 - https:\/\/yoast.com\/wordpress\/plugins\/seo\/ -->\n<title>Historia de Saman\u00e1<\/title>\n<meta name=\"description\" content=\"La historia de Saman\u00e1 ha sido parte importante de la Rep\u00fablica Dominicana y al desarrollo del turismo en el pa\u00eds como uno de los l\u00edderes de del Caribe.\" \/>\n<meta name=\"robots\" content=\"index, follow, max-snippet:-1, max-image-preview:large, max-video-preview:-1\" \/>\n<link rel=\"canonical\" href=\"https:\/\/gosamana.com\/en\/hablame-de-samana\/\" \/>\n<meta property=\"og:locale\" content=\"en_US\" \/>\n<meta property=\"og:type\" content=\"article\" \/>\n<meta property=\"og:title\" content=\"Historia de Saman\u00e1\" \/>\n<meta property=\"og:description\" content=\"La historia de Saman\u00e1 ha sido parte importante de la Rep\u00fablica Dominicana y al desarrollo del turismo en el pa\u00eds como uno de los l\u00edderes de del Caribe.\" \/>\n<meta property=\"og:url\" content=\"https:\/\/gosamana.com\/en\/hablame-de-samana\/\" \/>\n<meta property=\"og:site_name\" content=\"Saman\u00e1\" \/>\n<meta property=\"article:modified_time\" content=\"2019-05-02T16:10:12+00:00\" \/>\n<meta name=\"twitter:card\" content=\"summary_large_image\" \/>\n<meta name=\"twitter:label1\" content=\"Est. reading time\" \/>\n\t<meta name=\"twitter:data1\" content=\"1 minute\" \/>\n<script type=\"application\/ld+json\" class=\"yoast-schema-graph\">{\"@context\":\"https:\/\/schema.org\",\"@graph\":[{\"@type\":\"WebPage\",\"@id\":\"https:\/\/gosamana.com\/en\/hablame-de-samana\/\",\"url\":\"https:\/\/gosamana.com\/en\/hablame-de-samana\/\",\"name\":\"Historia de Saman\u00e1\",\"isPartOf\":{\"@id\":\"https:\/\/gosamana.com\/en\/#website\"},\"datePublished\":\"2015-08-11T23:20:10+00:00\",\"dateModified\":\"2019-05-02T16:10:12+00:00\",\"description\":\"La historia de Saman\u00e1 ha sido parte importante de la Rep\u00fablica Dominicana y al desarrollo del turismo en el pa\u00eds como uno de los l\u00edderes de del Caribe.\",\"breadcrumb\":{\"@id\":\"https:\/\/gosamana.com\/en\/hablame-de-samana\/#breadcrumb\"},\"inLanguage\":\"en-US\",\"potentialAction\":[{\"@type\":\"ReadAction\",\"target\":[\"https:\/\/gosamana.com\/en\/hablame-de-samana\/\"]}]},{\"@type\":\"BreadcrumbList\",\"@id\":\"https:\/\/gosamana.com\/en\/hablame-de-samana\/#breadcrumb\",\"itemListElement\":[{\"@type\":\"ListItem\",\"position\":1,\"name\":\"Portada\",\"item\":\"https:\/\/gosamana.com\/en\/\"},{\"@type\":\"ListItem\",\"position\":2,\"name\":\"H\u00e1blame de Saman\u00e1\"}]},{\"@type\":\"WebSite\",\"@id\":\"https:\/\/gosamana.com\/en\/#website\",\"url\":\"https:\/\/gosamana.com\/en\/\",\"name\":\"Saman\u00e1\",\"description\":\"Sitio oficial del destino tur\u00edstico Saman\u00e1\",\"potentialAction\":[{\"@type\":\"SearchAction\",\"target\":{\"@type\":\"EntryPoint\",\"urlTemplate\":\"https:\/\/gosamana.com\/en\/?s={search_term_string}\"},\"query-input\":{\"@type\":\"PropertyValueSpecification\",\"valueRequired\":true,\"valueName\":\"search_term_string\"}}],\"inLanguage\":\"en-US\"}]}<\/script>\n<!-- \/ Yoast SEO plugin. -->","yoast_head_json":{"title":"Historia de Saman\u00e1","description":"La historia de Saman\u00e1 ha sido parte importante de la Rep\u00fablica Dominicana y al desarrollo del turismo en el pa\u00eds como uno de los l\u00edderes de del Caribe.","robots":{"index":"index","follow":"follow","max-snippet":"max-snippet:-1","max-image-preview":"max-image-preview:large","max-video-preview":"max-video-preview:-1"},"canonical":"https:\/\/gosamana.com\/en\/hablame-de-samana\/","og_locale":"en_US","og_type":"article","og_title":"Historia de Saman\u00e1","og_description":"La historia de Saman\u00e1 ha sido parte importante de la Rep\u00fablica Dominicana y al desarrollo del turismo en el pa\u00eds como uno de los l\u00edderes de del Caribe.","og_url":"https:\/\/gosamana.com\/en\/hablame-de-samana\/","og_site_name":"Saman\u00e1","article_modified_time":"2019-05-02T16:10:12+00:00","twitter_card":"summary_large_image","twitter_misc":{"Est. reading time":"1 minute"},"schema":{"@context":"https:\/\/schema.org","@graph":[{"@type":"WebPage","@id":"https:\/\/gosamana.com\/en\/hablame-de-samana\/","url":"https:\/\/gosamana.com\/en\/hablame-de-samana\/","name":"Historia de Saman\u00e1","isPartOf":{"@id":"https:\/\/gosamana.com\/en\/#website"},"datePublished":"2015-08-11T23:20:10+00:00","dateModified":"2019-05-02T16:10:12+00:00","description":"La historia de Saman\u00e1 ha sido parte importante de la Rep\u00fablica Dominicana y al desarrollo del turismo en el pa\u00eds como uno de los l\u00edderes de del Caribe.","breadcrumb":{"@id":"https:\/\/gosamana.com\/en\/hablame-de-samana\/#breadcrumb"},"inLanguage":"en-US","potentialAction":[{"@type":"ReadAction","target":["https:\/\/gosamana.com\/en\/hablame-de-samana\/"]}]},{"@type":"BreadcrumbList","@id":"https:\/\/gosamana.com\/en\/hablame-de-samana\/#breadcrumb","itemListElement":[{"@type":"ListItem","position":1,"name":"Portada","item":"https:\/\/gosamana.com\/en\/"},{"@type":"ListItem","position":2,"name":"H\u00e1blame de Saman\u00e1"}]},{"@type":"WebSite","@id":"https:\/\/gosamana.com\/en\/#website","url":"https:\/\/gosamana.com\/en\/","name":"Saman\u00e1","description":"Sitio oficial del destino tur\u00edstico Saman\u00e1","potentialAction":[{"@type":"SearchAction","target":{"@type":"EntryPoint","urlTemplate":"https:\/\/gosamana.com\/en\/?s={search_term_string}"},"query-input":{"@type":"PropertyValueSpecification","valueRequired":true,"valueName":"search_term_string"}}],"inLanguage":"en-US"}]}},"_links":{"self":[{"href":"https:\/\/gosamana.com\/en\/wp-json\/wp\/v2\/pages\/99","targetHints":{"allow":["GET"]}}],"collection":[{"href":"https:\/\/gosamana.com\/en\/wp-json\/wp\/v2\/pages"}],"about":[{"href":"https:\/\/gosamana.com\/en\/wp-json\/wp\/v2\/types\/page"}],"author":[{"embeddable":true,"href":"https:\/\/gosamana.com\/en\/wp-json\/wp\/v2\/users\/1"}],"replies":[{"embeddable":true,"href":"https:\/\/gosamana.com\/en\/wp-json\/wp\/v2\/comments?post=99"}],"version-history":[{"count":8,"href":"https:\/\/gosamana.com\/en\/wp-json\/wp\/v2\/pages\/99\/revisions"}],"predecessor-version":[{"id":3360,"href":"https:\/\/gosamana.com\/en\/wp-json\/wp\/v2\/pages\/99\/revisions\/3360"}],"wp:attachment":[{"href":"https:\/\/gosamana.com\/en\/wp-json\/wp\/v2\/media?parent=99"}],"curies":[{"name":"wp","href":"https:\/\/api.w.org\/{rel}","templated":true}]}}