{"id":281,"date":"2015-09-15T02:32:23","date_gmt":"2015-09-15T02:32:23","guid":{"rendered":"http:\/\/localhost\/berrywhale\/samana\/fr\/?page_id=281"},"modified":"2015-12-23T18:59:44","modified_gmt":"2015-12-23T18:59:44","slug":"conditions-dutilisation","status":"publish","type":"page","link":"https:\/\/gosamana.com\/fr\/conditions-dutilisation\/","title":{"rendered":"Conditions d&rsquo;utilisation"},"content":{"rendered":"<p>1. Les suivantes conditions g\u00e9n\u00e9rales d&rsquo;utilisation du portail r\u00e9gissent l&rsquo;acc\u00e8s et l&rsquo;utilisation du portail, y compris les contenus et les services mis \u00e0 la disposition des utilisateurs et\/ou par l&rsquo;interm\u00e9diaire du portail, soit par le portail, soit par ses utilisateurs, soit par des tiers. Toutefois, l&rsquo;acc\u00e8s et l&rsquo;utilisation de certains contenus et\/ou de services peut \u00eatre soumis \u00e0 certaines conditions sp\u00e9cifiques.<\/p>\n<p>2. Modifications<br \/>\nL&rsquo;entreprise se r\u00e9serve la facult\u00e9 de modifier \u00e0 tout moment les conditions g\u00e9n\u00e9rales d&rsquo;utilisation du portail. En tout cas, il est recommand\u00e9 de consulter p\u00e9riodiquement les pr\u00e9sents termes d&rsquo;utilisation du portail, car ils peuvent \u00eatre modifi\u00e9s.<\/p>\n<p>3. Obligations de l&rsquo;utilisateur<br \/>\nL&rsquo;utilisateur doit respecter \u00e0 tout moment les termes et conditions fix\u00e9es dans les pr\u00e9sentes conditions g\u00e9n\u00e9rales d&rsquo;utilisation du portail car elles peuvent \u00eatre modifi\u00e9s.<br \/>\nDe cette fa\u00e7on l&rsquo;utilisateur manifeste qu&rsquo;utilisera le portail de mani\u00e8re diligente et en assumant toute responsabilit\u00e9 qui pourrait r\u00e9sulter de la violation des r\u00e8gles.<br \/>\nDe m\u00eame, l&rsquo;utilisateur ne peut pas utiliser le portail pour transmettre, stocker, diffuser ou promouvoir des donn\u00e9es ou contenus que soient porteurs de virus ou tout autre code informatique, fichiers ou programmes con\u00e7us pour perturber, d\u00e9truire le fonctionnement de tout programme ou mat\u00e9riel informatique ou de t\u00e9l\u00e9communications.<\/p>\n<p>4.Responsabilit\u00e9 du portail<br \/>\nL\u2019utilisateur conna\u00eet et accepte que le portail n&rsquo;accorde aucune garantie de toute nature, soit expresse ou implicite, sur les donn\u00e9es, contenus, de l&rsquo;information et des services reprenant et offrent depuis le portail.<br \/>\nSauf dans les cas o\u00f9 la loi impose express\u00e9ment le cas contraire, et exclusivement \u00e0 la mesure et de vulgarisation dans qui l&rsquo;impose, le portail ne garantit pas et n\u2019assume pas aucune responsabilit\u00e9 concernant les \u00e9ventuels dommages caus\u00e9s par l&rsquo;utilisation et l&rsquo;utilisation de l&rsquo;information, donn\u00e9es et des services du portail.<br \/>\nEn tout cas, le portail exclut toute responsabilit\u00e9 pour les dommages et int\u00e9r\u00eats pouvant r\u00e9sulter de l&rsquo;information et\/ou de services fournis ou fournis par des tiers diff\u00e9rents de l&rsquo;entreprise. Toute responsabilit\u00e9 est du tiers soit fournisseur ou collaborateur.<\/p>\n<p>5.Propri\u00e9t\u00e9 intellectuelle et industrielle<br \/>\nTous les contenus, marques, logos, dessins, documentation, logiciels ou tout d\u2019autres \u00e9l\u00e9ments susceptibles de protection par la l\u00e9gislation de propri\u00e9t\u00e9 intellectuelle ou industrielle, qui sont accessibles dans le portail rel\u00e8vent exclusivement de l&rsquo;entreprise ou \u00e0 leurs l\u00e9gitimes titulaires et sont tous les droits r\u00e9serv\u00e9s sur les m\u00eames. Est explicitement interdite la cr\u00e9ation de liens hypertexte (links) \u00e0 toute partie int\u00e9grante des pages web du portail sans l&rsquo;autorisation de l&rsquo;entreprise, qui n&rsquo;est pas \u00e0 une page web du portail qui n&rsquo;exige identification ou l&rsquo;authentification pour son acc\u00e8s, ou le m\u00eame est restreint.<br \/>\nEn tout cas, le portail r\u00e9serve tous les droits sur les contenus, les informations donn\u00e9es et des services qui exerce sur les m\u00eames. Le portail n&rsquo;accorde aucune licence ou autorisation d&rsquo;usage \u00e0 l&rsquo;utilisateur sur ses contenus, donn\u00e9es ou de services, diff\u00e9rente de celle qui express\u00e9ment le d\u00e9tail des pr\u00e9sentes conditions g\u00e9n\u00e9rales d&rsquo;utilisation du portail.<\/p>\n<p>6. L\u00e9gislation applicable, juridiction comp\u00e9tente et notifications<br \/>\nLes pr\u00e9sentes conditions s&rsquo;r\u00e9gissent et interpr\u00e9tent conform\u00e9ment aux lois de la R\u00e9publique Dominicaine. Pour toute r\u00e9clamation sont comp\u00e9tents les tribunaux de Saint-Domingue. Toutes les notifications, injonctions, demandes et les autres communications que l&rsquo;utilisateur souhaitant effectuer \u00e0 l&rsquo;entreprise titulaire du portail doivent \u00eatre pr\u00e9sent\u00e9s par \u00e9crit et on entend qui ont \u00e9t\u00e9 correctement effectu\u00e9es lorsqu&rsquo;ils ont \u00e9t\u00e9 re\u00e7ues \u00e0 l&rsquo;adresse suivante info@gosamana.com<\/p>\n","protected":false},"excerpt":{"rendered":"<p>1. Les suivantes conditions g\u00e9n\u00e9rales d&rsquo;utilisation du portail r\u00e9gissent l&rsquo;acc\u00e8s et l&rsquo;utilisation du portail, y compris les contenus et les services mis \u00e0 la disposition des utilisateurs et\/ou par l&rsquo;interm\u00e9diaire du portail, soit par le portail, soit par ses utilisateurs, soit par des tiers. Toutefois, l&rsquo;acc\u00e8s et l&rsquo;utilisation de certains contenus et\/ou de services peut [&hellip;]<\/p>\n","protected":false},"author":1,"featured_media":0,"parent":0,"menu_order":0,"comment_status":"closed","ping_status":"closed","template":"politicas.php","meta":{"footnotes":""},"class_list":["post-281","page","type-page","status-publish","hentry"],"yoast_head":"<!-- This site is optimized with the Yoast SEO plugin v25.8 - https:\/\/yoast.com\/wordpress\/plugins\/seo\/ -->\n<title>Conditions d&#039;utilisation - Saman\u00e1<\/title>\n<meta name=\"description\" content=\"Les suivantes conditions g\u00e9n\u00e9rales d&#039;utilisation du portail r\u00e9gissent l&#039;acc\u00e8s et l&#039;utilisation du portail.\" \/>\n<meta name=\"robots\" content=\"index, follow, max-snippet:-1, max-image-preview:large, max-video-preview:-1\" \/>\n<link rel=\"canonical\" href=\"https:\/\/gosamana.com\/fr\/conditions-dutilisation\/\" \/>\n<meta property=\"og:locale\" content=\"fr_FR\" \/>\n<meta property=\"og:type\" content=\"article\" \/>\n<meta property=\"og:title\" content=\"Conditions d&#039;utilisation - Saman\u00e1\" \/>\n<meta property=\"og:description\" content=\"Les suivantes conditions g\u00e9n\u00e9rales d&#039;utilisation du portail r\u00e9gissent l&#039;acc\u00e8s et l&#039;utilisation du portail.\" \/>\n<meta property=\"og:url\" content=\"https:\/\/gosamana.com\/fr\/conditions-dutilisation\/\" \/>\n<meta property=\"og:site_name\" content=\"Saman\u00e1\" \/>\n<meta property=\"article:modified_time\" content=\"2015-12-23T18:59:44+00:00\" \/>\n<meta name=\"twitter:card\" content=\"summary_large_image\" \/>\n<meta name=\"twitter:label1\" content=\"Dur\u00e9e de lecture estim\u00e9e\" \/>\n\t<meta name=\"twitter:data1\" content=\"3 minutes\" \/>\n<script type=\"application\/ld+json\" class=\"yoast-schema-graph\">{\"@context\":\"https:\/\/schema.org\",\"@graph\":[{\"@type\":\"WebPage\",\"@id\":\"https:\/\/gosamana.com\/fr\/conditions-dutilisation\/\",\"url\":\"https:\/\/gosamana.com\/fr\/conditions-dutilisation\/\",\"name\":\"Conditions d'utilisation - Saman\u00e1\",\"isPartOf\":{\"@id\":\"https:\/\/gosamana.com\/fr\/#website\"},\"datePublished\":\"2015-09-15T02:32:23+00:00\",\"dateModified\":\"2015-12-23T18:59:44+00:00\",\"description\":\"Les suivantes conditions g\u00e9n\u00e9rales d'utilisation du portail r\u00e9gissent l'acc\u00e8s et l'utilisation du portail.\",\"breadcrumb\":{\"@id\":\"https:\/\/gosamana.com\/fr\/conditions-dutilisation\/#breadcrumb\"},\"inLanguage\":\"fr-FR\",\"potentialAction\":[{\"@type\":\"ReadAction\",\"target\":[\"https:\/\/gosamana.com\/fr\/conditions-dutilisation\/\"]}]},{\"@type\":\"BreadcrumbList\",\"@id\":\"https:\/\/gosamana.com\/fr\/conditions-dutilisation\/#breadcrumb\",\"itemListElement\":[{\"@type\":\"ListItem\",\"position\":1,\"name\":\"Portada\",\"item\":\"https:\/\/gosamana.com\/fr\/\"},{\"@type\":\"ListItem\",\"position\":2,\"name\":\"Conditions d&rsquo;utilisation\"}]},{\"@type\":\"WebSite\",\"@id\":\"https:\/\/gosamana.com\/fr\/#website\",\"url\":\"https:\/\/gosamana.com\/fr\/\",\"name\":\"Saman\u00e1\",\"description\":\"Sitio oficial del destino tur\u00edstico Saman\u00e1\",\"potentialAction\":[{\"@type\":\"SearchAction\",\"target\":{\"@type\":\"EntryPoint\",\"urlTemplate\":\"https:\/\/gosamana.com\/fr\/?s={search_term_string}\"},\"query-input\":{\"@type\":\"PropertyValueSpecification\",\"valueRequired\":true,\"valueName\":\"search_term_string\"}}],\"inLanguage\":\"fr-FR\"}]}<\/script>\n<!-- \/ Yoast SEO plugin. -->","yoast_head_json":{"title":"Conditions d'utilisation - Saman\u00e1","description":"Les suivantes conditions g\u00e9n\u00e9rales d'utilisation du portail r\u00e9gissent l'acc\u00e8s et l'utilisation du portail.","robots":{"index":"index","follow":"follow","max-snippet":"max-snippet:-1","max-image-preview":"max-image-preview:large","max-video-preview":"max-video-preview:-1"},"canonical":"https:\/\/gosamana.com\/fr\/conditions-dutilisation\/","og_locale":"fr_FR","og_type":"article","og_title":"Conditions d'utilisation - Saman\u00e1","og_description":"Les suivantes conditions g\u00e9n\u00e9rales d'utilisation du portail r\u00e9gissent l'acc\u00e8s et l'utilisation du portail.","og_url":"https:\/\/gosamana.com\/fr\/conditions-dutilisation\/","og_site_name":"Saman\u00e1","article_modified_time":"2015-12-23T18:59:44+00:00","twitter_card":"summary_large_image","twitter_misc":{"Dur\u00e9e de lecture estim\u00e9e":"3 minutes"},"schema":{"@context":"https:\/\/schema.org","@graph":[{"@type":"WebPage","@id":"https:\/\/gosamana.com\/fr\/conditions-dutilisation\/","url":"https:\/\/gosamana.com\/fr\/conditions-dutilisation\/","name":"Conditions d'utilisation - Saman\u00e1","isPartOf":{"@id":"https:\/\/gosamana.com\/fr\/#website"},"datePublished":"2015-09-15T02:32:23+00:00","dateModified":"2015-12-23T18:59:44+00:00","description":"Les suivantes conditions g\u00e9n\u00e9rales d'utilisation du portail r\u00e9gissent l'acc\u00e8s et l'utilisation du portail.","breadcrumb":{"@id":"https:\/\/gosamana.com\/fr\/conditions-dutilisation\/#breadcrumb"},"inLanguage":"fr-FR","potentialAction":[{"@type":"ReadAction","target":["https:\/\/gosamana.com\/fr\/conditions-dutilisation\/"]}]},{"@type":"BreadcrumbList","@id":"https:\/\/gosamana.com\/fr\/conditions-dutilisation\/#breadcrumb","itemListElement":[{"@type":"ListItem","position":1,"name":"Portada","item":"https:\/\/gosamana.com\/fr\/"},{"@type":"ListItem","position":2,"name":"Conditions d&rsquo;utilisation"}]},{"@type":"WebSite","@id":"https:\/\/gosamana.com\/fr\/#website","url":"https:\/\/gosamana.com\/fr\/","name":"Saman\u00e1","description":"Sitio oficial del destino tur\u00edstico Saman\u00e1","potentialAction":[{"@type":"SearchAction","target":{"@type":"EntryPoint","urlTemplate":"https:\/\/gosamana.com\/fr\/?s={search_term_string}"},"query-input":{"@type":"PropertyValueSpecification","valueRequired":true,"valueName":"search_term_string"}}],"inLanguage":"fr-FR"}]}},"_links":{"self":[{"href":"https:\/\/gosamana.com\/fr\/wp-json\/wp\/v2\/pages\/281","targetHints":{"allow":["GET"]}}],"collection":[{"href":"https:\/\/gosamana.com\/fr\/wp-json\/wp\/v2\/pages"}],"about":[{"href":"https:\/\/gosamana.com\/fr\/wp-json\/wp\/v2\/types\/page"}],"author":[{"embeddable":true,"href":"https:\/\/gosamana.com\/fr\/wp-json\/wp\/v2\/users\/1"}],"replies":[{"embeddable":true,"href":"https:\/\/gosamana.com\/fr\/wp-json\/wp\/v2\/comments?post=281"}],"version-history":[{"count":4,"href":"https:\/\/gosamana.com\/fr\/wp-json\/wp\/v2\/pages\/281\/revisions"}],"predecessor-version":[{"id":3150,"href":"https:\/\/gosamana.com\/fr\/wp-json\/wp\/v2\/pages\/281\/revisions\/3150"}],"wp:attachment":[{"href":"https:\/\/gosamana.com\/fr\/wp-json\/wp\/v2\/media?parent=281"}],"curies":[{"name":"wp","href":"https:\/\/api.w.org\/{rel}","templated":true}]}}