{"id":696,"date":"2015-09-18T14:01:27","date_gmt":"2015-09-18T14:01:27","guid":{"rendered":"http:\/\/localhost\/berrywhale\/samana\/fr\/endroits\/santa-barbara\/"},"modified":"2015-12-23T20:27:59","modified_gmt":"2015-12-23T20:27:59","slug":"santa-barbara-fr","status":"publish","type":"page","link":"https:\/\/gosamana.com\/fr\/destinations\/santa-barbara-fr\/","title":{"rendered":"Santa B\u00e1rbara de Saman\u00e1"},"content":{"rendered":"\n\t\t<style type=\"text\/css\">\n\t\t\t#gallery-1 {\n\t\t\t\tmargin: auto;\n\t\t\t}\n\t\t\t#gallery-1 .gallery-item {\n\t\t\t\tfloat: left;\n\t\t\t\tmargin-top: 10px;\n\t\t\t\ttext-align: center;\n\t\t\t\twidth: 11%;\n\t\t\t}\n\t\t\t#gallery-1 img {\n\t\t\t\tborder: 2px solid #cfcfcf;\n\t\t\t}\n\t\t\t#gallery-1 .gallery-caption {\n\t\t\t\tmargin-left: 0;\n\t\t\t}\n\t\t\t\/* see gallery_shortcode() in wp-includes\/media.php *\/\n\t\t<\/style>\n\t\t<div id='gallery-1' class='gallery galleryid-696 gallery-columns-9 gallery-size-thumbnail'><dl class='gallery-item'>\n\t\t\t<dt class='gallery-icon portrait'>\n\t\t\t\t<img loading=\"lazy\" decoding=\"async\" width=\"150\" height=\"150\" src=\"https:\/\/gosamana.com\/wp-content\/uploads\/2015\/09\/santa-barbara-5-150x150.jpg\" class=\"attachment-thumbnail size-thumbnail\" alt=\"\" \/>\n\t\t\t<\/dt><\/dl><dl class='gallery-item'>\n\t\t\t<dt class='gallery-icon landscape'>\n\t\t\t\t<img loading=\"lazy\" decoding=\"async\" width=\"150\" height=\"150\" src=\"https:\/\/gosamana.com\/wp-content\/uploads\/2015\/09\/santa-barbara-4-150x150.jpg\" class=\"attachment-thumbnail size-thumbnail\" alt=\"\" \/>\n\t\t\t<\/dt><\/dl><dl class='gallery-item'>\n\t\t\t<dt class='gallery-icon landscape'>\n\t\t\t\t<img loading=\"lazy\" decoding=\"async\" width=\"150\" height=\"150\" src=\"https:\/\/gosamana.com\/wp-content\/uploads\/2015\/09\/santa-barbara-3-150x150.jpg\" class=\"attachment-thumbnail size-thumbnail\" alt=\"\" \/>\n\t\t\t<\/dt><\/dl><dl class='gallery-item'>\n\t\t\t<dt class='gallery-icon landscape'>\n\t\t\t\t<img loading=\"lazy\" decoding=\"async\" width=\"150\" height=\"150\" src=\"https:\/\/gosamana.com\/wp-content\/uploads\/2015\/09\/santa-barbara-2-150x150.jpg\" class=\"attachment-thumbnail size-thumbnail\" alt=\"\" \/>\n\t\t\t<\/dt><\/dl><dl class='gallery-item'>\n\t\t\t<dt class='gallery-icon landscape'>\n\t\t\t\t<img loading=\"lazy\" decoding=\"async\" width=\"150\" height=\"150\" src=\"https:\/\/gosamana.com\/wp-content\/uploads\/2015\/09\/santa-barbara-1-150x150.jpg\" class=\"attachment-thumbnail size-thumbnail\" alt=\"\" \/>\n\t\t\t<\/dt><\/dl><dl class='gallery-item'>\n\t\t\t<dt class='gallery-icon landscape'>\n\t\t\t\t<img loading=\"lazy\" decoding=\"async\" width=\"150\" height=\"150\" src=\"https:\/\/gosamana.com\/wp-content\/uploads\/2015\/09\/samana-40-150x150.jpg\" class=\"attachment-thumbnail size-thumbnail\" alt=\"\" \/>\n\t\t\t<\/dt><\/dl><dl class='gallery-item'>\n\t\t\t<dt class='gallery-icon landscape'>\n\t\t\t\t<img loading=\"lazy\" decoding=\"async\" width=\"150\" height=\"150\" src=\"https:\/\/gosamana.com\/wp-content\/uploads\/2015\/09\/samana-41-150x150.jpg\" class=\"attachment-thumbnail size-thumbnail\" alt=\"\" \/>\n\t\t\t<\/dt><\/dl><dl class='gallery-item'>\n\t\t\t<dt class='gallery-icon landscape'>\n\t\t\t\t<img loading=\"lazy\" decoding=\"async\" width=\"150\" height=\"150\" src=\"https:\/\/gosamana.com\/wp-content\/uploads\/2015\/09\/samana-42-150x150.jpg\" class=\"attachment-thumbnail size-thumbnail\" alt=\"\" \/>\n\t\t\t<\/dt><\/dl><dl class='gallery-item'>\n\t\t\t<dt class='gallery-icon landscape'>\n\t\t\t\t<img loading=\"lazy\" decoding=\"async\" width=\"150\" height=\"150\" src=\"https:\/\/gosamana.com\/wp-content\/uploads\/2015\/09\/samana-44-150x150.jpg\" class=\"attachment-thumbnail size-thumbnail\" alt=\"\" \/>\n\t\t\t<\/dt><\/dl><br style=\"clear: both\" \/><dl class='gallery-item'>\n\t\t\t<dt class='gallery-icon landscape'>\n\t\t\t\t<img loading=\"lazy\" decoding=\"async\" width=\"150\" height=\"150\" src=\"https:\/\/gosamana.com\/wp-content\/uploads\/2015\/09\/samana-45-150x150.jpg\" class=\"attachment-thumbnail size-thumbnail\" alt=\"\" \/>\n\t\t\t<\/dt><\/dl><dl class='gallery-item'>\n\t\t\t<dt class='gallery-icon landscape'>\n\t\t\t\t<img loading=\"lazy\" decoding=\"async\" width=\"150\" height=\"150\" src=\"https:\/\/gosamana.com\/wp-content\/uploads\/2015\/09\/samana-46-150x150.jpg\" class=\"attachment-thumbnail size-thumbnail\" alt=\"\" \/>\n\t\t\t<\/dt><\/dl><dl class='gallery-item'>\n\t\t\t<dt class='gallery-icon landscape'>\n\t\t\t\t<img loading=\"lazy\" decoding=\"async\" width=\"150\" height=\"150\" src=\"https:\/\/gosamana.com\/wp-content\/uploads\/2015\/09\/samana-47-150x150.jpg\" class=\"attachment-thumbnail size-thumbnail\" alt=\"\" \/>\n\t\t\t<\/dt><\/dl><dl class='gallery-item'>\n\t\t\t<dt class='gallery-icon landscape'>\n\t\t\t\t<img loading=\"lazy\" decoding=\"async\" width=\"150\" height=\"150\" src=\"https:\/\/gosamana.com\/wp-content\/uploads\/2015\/09\/samana-48-150x150.jpg\" class=\"attachment-thumbnail size-thumbnail\" alt=\"\" \/>\n\t\t\t<\/dt><\/dl><dl class='gallery-item'>\n\t\t\t<dt class='gallery-icon landscape'>\n\t\t\t\t<img loading=\"lazy\" decoding=\"async\" width=\"150\" height=\"150\" src=\"https:\/\/gosamana.com\/wp-content\/uploads\/2015\/09\/samana-49-150x150.jpg\" class=\"attachment-thumbnail size-thumbnail\" alt=\"\" \/>\n\t\t\t<\/dt><\/dl><dl class='gallery-item'>\n\t\t\t<dt class='gallery-icon landscape'>\n\t\t\t\t<img loading=\"lazy\" decoding=\"async\" width=\"150\" height=\"150\" src=\"https:\/\/gosamana.com\/wp-content\/uploads\/2015\/09\/samana-50-150x150.jpg\" class=\"attachment-thumbnail size-thumbnail\" alt=\"\" \/>\n\t\t\t<\/dt><\/dl><dl class='gallery-item'>\n\t\t\t<dt class='gallery-icon landscape'>\n\t\t\t\t<img loading=\"lazy\" decoding=\"async\" width=\"150\" height=\"150\" src=\"https:\/\/gosamana.com\/wp-content\/uploads\/2015\/09\/samana-51-150x150.jpg\" class=\"attachment-thumbnail size-thumbnail\" alt=\"\" \/>\n\t\t\t<\/dt><\/dl><dl class='gallery-item'>\n\t\t\t<dt class='gallery-icon landscape'>\n\t\t\t\t<img loading=\"lazy\" decoding=\"async\" width=\"150\" height=\"150\" src=\"https:\/\/gosamana.com\/wp-content\/uploads\/2015\/09\/samana-55-150x150.jpg\" class=\"attachment-thumbnail size-thumbnail\" alt=\"\" \/>\n\t\t\t<\/dt><\/dl><dl class='gallery-item'>\n\t\t\t<dt class='gallery-icon landscape'>\n\t\t\t\t<img loading=\"lazy\" decoding=\"async\" width=\"150\" height=\"150\" src=\"https:\/\/gosamana.com\/wp-content\/uploads\/2015\/09\/samana-56-150x150.jpg\" class=\"attachment-thumbnail size-thumbnail\" alt=\"\" \/>\n\t\t\t<\/dt><\/dl><br style=\"clear: both\" \/><dl class='gallery-item'>\n\t\t\t<dt class='gallery-icon landscape'>\n\t\t\t\t<img loading=\"lazy\" decoding=\"async\" width=\"150\" height=\"150\" src=\"https:\/\/gosamana.com\/wp-content\/uploads\/2015\/09\/samana-57-150x150.jpg\" class=\"attachment-thumbnail size-thumbnail\" alt=\"\" \/>\n\t\t\t<\/dt><\/dl><dl class='gallery-item'>\n\t\t\t<dt class='gallery-icon landscape'>\n\t\t\t\t<img loading=\"lazy\" decoding=\"async\" width=\"150\" height=\"150\" src=\"https:\/\/gosamana.com\/wp-content\/uploads\/2015\/09\/samana-58-150x150.jpg\" class=\"attachment-thumbnail size-thumbnail\" alt=\"\" \/>\n\t\t\t<\/dt><\/dl><dl class='gallery-item'>\n\t\t\t<dt class='gallery-icon landscape'>\n\t\t\t\t<img loading=\"lazy\" decoding=\"async\" width=\"150\" height=\"150\" src=\"https:\/\/gosamana.com\/wp-content\/uploads\/2015\/09\/samana-59-150x150.jpg\" class=\"attachment-thumbnail size-thumbnail\" alt=\"\" \/>\n\t\t\t<\/dt><\/dl><dl class='gallery-item'>\n\t\t\t<dt class='gallery-icon landscape'>\n\t\t\t\t<img loading=\"lazy\" decoding=\"async\" width=\"150\" height=\"150\" src=\"https:\/\/gosamana.com\/wp-content\/uploads\/2015\/09\/samana-69-150x150.jpg\" class=\"attachment-thumbnail size-thumbnail\" alt=\"\" \/>\n\t\t\t<\/dt><\/dl><dl class='gallery-item'>\n\t\t\t<dt class='gallery-icon landscape'>\n\t\t\t\t<img loading=\"lazy\" decoding=\"async\" width=\"150\" height=\"150\" src=\"https:\/\/gosamana.com\/wp-content\/uploads\/2015\/09\/samana-71-150x150.jpg\" class=\"attachment-thumbnail size-thumbnail\" alt=\"\" \/>\n\t\t\t<\/dt><\/dl><dl class='gallery-item'>\n\t\t\t<dt class='gallery-icon landscape'>\n\t\t\t\t<img loading=\"lazy\" decoding=\"async\" width=\"150\" height=\"150\" src=\"https:\/\/gosamana.com\/wp-content\/uploads\/2015\/09\/samana-72-150x150.jpg\" class=\"attachment-thumbnail size-thumbnail\" alt=\"\" \/>\n\t\t\t<\/dt><\/dl><dl class='gallery-item'>\n\t\t\t<dt class='gallery-icon landscape'>\n\t\t\t\t<img loading=\"lazy\" decoding=\"async\" width=\"150\" height=\"150\" src=\"https:\/\/gosamana.com\/wp-content\/uploads\/2015\/09\/samana-73-150x150.jpg\" class=\"attachment-thumbnail size-thumbnail\" alt=\"\" \/>\n\t\t\t<\/dt><\/dl><dl class='gallery-item'>\n\t\t\t<dt class='gallery-icon landscape'>\n\t\t\t\t<img loading=\"lazy\" decoding=\"async\" width=\"150\" height=\"150\" src=\"https:\/\/gosamana.com\/wp-content\/uploads\/2015\/09\/samana-75-150x150.jpg\" class=\"attachment-thumbnail size-thumbnail\" alt=\"\" \/>\n\t\t\t<\/dt><\/dl><dl class='gallery-item'>\n\t\t\t<dt class='gallery-icon landscape'>\n\t\t\t\t<img loading=\"lazy\" decoding=\"async\" width=\"150\" height=\"150\" src=\"https:\/\/gosamana.com\/wp-content\/uploads\/2015\/09\/samana-76-150x150.jpg\" class=\"attachment-thumbnail size-thumbnail\" alt=\"\" \/>\n\t\t\t<\/dt><\/dl><br style=\"clear: both\" \/><dl class='gallery-item'>\n\t\t\t<dt class='gallery-icon landscape'>\n\t\t\t\t<img loading=\"lazy\" decoding=\"async\" width=\"150\" height=\"150\" src=\"https:\/\/gosamana.com\/wp-content\/uploads\/2015\/09\/samana-77-150x150.jpg\" class=\"attachment-thumbnail size-thumbnail\" alt=\"\" \/>\n\t\t\t<\/dt><\/dl><dl class='gallery-item'>\n\t\t\t<dt class='gallery-icon landscape'>\n\t\t\t\t<img loading=\"lazy\" decoding=\"async\" width=\"150\" height=\"150\" src=\"https:\/\/gosamana.com\/wp-content\/uploads\/2015\/08\/foto_samana_4-150x150.jpg\" class=\"attachment-thumbnail size-thumbnail\" alt=\"\" \/>\n\t\t\t<\/dt><\/dl><dl class='gallery-item'>\n\t\t\t<dt class='gallery-icon landscape'>\n\t\t\t\t<img loading=\"lazy\" decoding=\"async\" width=\"150\" height=\"150\" src=\"https:\/\/gosamana.com\/wp-content\/uploads\/2015\/10\/52-150x150.jpg\" class=\"attachment-thumbnail size-thumbnail\" alt=\"\" srcset=\"https:\/\/gosamana.com\/wp-content\/uploads\/2015\/10\/52-150x150.jpg 150w, https:\/\/gosamana.com\/wp-content\/uploads\/2015\/10\/52-300x300.jpg 300w, https:\/\/gosamana.com\/wp-content\/uploads\/2015\/10\/52-768x768.jpg 768w, https:\/\/gosamana.com\/wp-content\/uploads\/2015\/10\/52.jpg 800w\" sizes=\"auto, (max-width: 150px) 100vw, 150px\" \/>\n\t\t\t<\/dt><\/dl><dl class='gallery-item'>\n\t\t\t<dt class='gallery-icon landscape'>\n\t\t\t\t<img loading=\"lazy\" decoding=\"async\" width=\"150\" height=\"150\" src=\"https:\/\/gosamana.com\/wp-content\/uploads\/2015\/10\/53-150x150.jpg\" class=\"attachment-thumbnail size-thumbnail\" alt=\"\" srcset=\"https:\/\/gosamana.com\/wp-content\/uploads\/2015\/10\/53-150x150.jpg 150w, https:\/\/gosamana.com\/wp-content\/uploads\/2015\/10\/53-300x300.jpg 300w, https:\/\/gosamana.com\/wp-content\/uploads\/2015\/10\/53-768x768.jpg 768w, https:\/\/gosamana.com\/wp-content\/uploads\/2015\/10\/53.jpg 800w\" sizes=\"auto, (max-width: 150px) 100vw, 150px\" \/>\n\t\t\t<\/dt><\/dl>\n\t\t\t<br style='clear: both' \/>\n\t\t<\/div>\n\n","protected":false},"excerpt":{"rendered":"","protected":false},"author":1,"featured_media":2546,"parent":74,"menu_order":0,"comment_status":"closed","ping_status":"closed","template":"","meta":{"footnotes":""},"class_list":["post-696","page","type-page","status-publish","has-post-thumbnail","hentry"],"yoast_head":"<!-- This site is optimized with the Yoast SEO plugin v25.8 - https:\/\/yoast.com\/wordpress\/plugins\/seo\/ -->\n<title>Santa B\u00e1rbara de Saman\u00e1 - Saman\u00e1<\/title>\n<meta name=\"description\" content=\"Santa Barbara de Saman\u00e1 est la capitale de la province et la municipalit\u00e9 de Saman\u00e1.\" \/>\n<meta name=\"robots\" content=\"index, follow, max-snippet:-1, max-image-preview:large, max-video-preview:-1\" \/>\n<link rel=\"canonical\" href=\"https:\/\/gosamana.com\/fr\/destinations\/santa-barbara-fr\/\" \/>\n<meta property=\"og:locale\" content=\"fr_FR\" \/>\n<meta property=\"og:type\" content=\"article\" \/>\n<meta property=\"og:title\" content=\"Santa B\u00e1rbara de Saman\u00e1 - Saman\u00e1\" \/>\n<meta property=\"og:description\" content=\"Santa Barbara de Saman\u00e1 est la capitale de la province et la municipalit\u00e9 de Saman\u00e1.\" \/>\n<meta property=\"og:url\" content=\"https:\/\/gosamana.com\/fr\/destinations\/santa-barbara-fr\/\" \/>\n<meta property=\"og:site_name\" content=\"Saman\u00e1\" \/>\n<meta property=\"article:modified_time\" content=\"2015-12-23T20:27:59+00:00\" \/>\n<meta property=\"og:image\" content=\"https:\/\/gosamana.com\/wp-content\/uploads\/2015\/08\/foto_samana_4.jpg\" \/>\n\t<meta property=\"og:image:width\" content=\"1900\" \/>\n\t<meta property=\"og:image:height\" content=\"633\" \/>\n\t<meta property=\"og:image:type\" content=\"image\/jpeg\" \/>\n<meta name=\"twitter:card\" content=\"summary_large_image\" \/>\n<script type=\"application\/ld+json\" class=\"yoast-schema-graph\">{\"@context\":\"https:\/\/schema.org\",\"@graph\":[{\"@type\":\"WebPage\",\"@id\":\"https:\/\/gosamana.com\/fr\/destinations\/santa-barbara-fr\/\",\"url\":\"https:\/\/gosamana.com\/fr\/destinations\/santa-barbara-fr\/\",\"name\":\"Santa B\u00e1rbara de Saman\u00e1 - Saman\u00e1\",\"isPartOf\":{\"@id\":\"https:\/\/gosamana.com\/fr\/#website\"},\"primaryImageOfPage\":{\"@id\":\"https:\/\/gosamana.com\/fr\/destinations\/santa-barbara-fr\/#primaryimage\"},\"image\":{\"@id\":\"https:\/\/gosamana.com\/fr\/destinations\/santa-barbara-fr\/#primaryimage\"},\"thumbnailUrl\":\"https:\/\/gosamana.com\/wp-content\/uploads\/2015\/08\/foto_samana_4.jpg\",\"datePublished\":\"2015-09-18T14:01:27+00:00\",\"dateModified\":\"2015-12-23T20:27:59+00:00\",\"description\":\"Santa Barbara de Saman\u00e1 est la capitale de la province et la municipalit\u00e9 de Saman\u00e1.\",\"breadcrumb\":{\"@id\":\"https:\/\/gosamana.com\/fr\/destinations\/santa-barbara-fr\/#breadcrumb\"},\"inLanguage\":\"fr-FR\",\"potentialAction\":[{\"@type\":\"ReadAction\",\"target\":[\"https:\/\/gosamana.com\/fr\/destinations\/santa-barbara-fr\/\"]}]},{\"@type\":\"ImageObject\",\"inLanguage\":\"fr-FR\",\"@id\":\"https:\/\/gosamana.com\/fr\/destinations\/santa-barbara-fr\/#primaryimage\",\"url\":\"https:\/\/gosamana.com\/wp-content\/uploads\/2015\/08\/foto_samana_4.jpg\",\"contentUrl\":\"https:\/\/gosamana.com\/wp-content\/uploads\/2015\/08\/foto_samana_4.jpg\",\"width\":1900,\"height\":633},{\"@type\":\"BreadcrumbList\",\"@id\":\"https:\/\/gosamana.com\/fr\/destinations\/santa-barbara-fr\/#breadcrumb\",\"itemListElement\":[{\"@type\":\"ListItem\",\"position\":1,\"name\":\"Portada\",\"item\":\"https:\/\/gosamana.com\/fr\/\"},{\"@type\":\"ListItem\",\"position\":2,\"name\":\"Destinations\",\"item\":\"https:\/\/gosamana.com\/fr\/destinations\/\"},{\"@type\":\"ListItem\",\"position\":3,\"name\":\"Santa B\u00e1rbara de Saman\u00e1\"}]},{\"@type\":\"WebSite\",\"@id\":\"https:\/\/gosamana.com\/fr\/#website\",\"url\":\"https:\/\/gosamana.com\/fr\/\",\"name\":\"Saman\u00e1\",\"description\":\"Sitio oficial del destino tur\u00edstico Saman\u00e1\",\"potentialAction\":[{\"@type\":\"SearchAction\",\"target\":{\"@type\":\"EntryPoint\",\"urlTemplate\":\"https:\/\/gosamana.com\/fr\/?s={search_term_string}\"},\"query-input\":{\"@type\":\"PropertyValueSpecification\",\"valueRequired\":true,\"valueName\":\"search_term_string\"}}],\"inLanguage\":\"fr-FR\"}]}<\/script>\n<!-- \/ Yoast SEO plugin. -->","yoast_head_json":{"title":"Santa B\u00e1rbara de Saman\u00e1 - Saman\u00e1","description":"Santa Barbara de Saman\u00e1 est la capitale de la province et la municipalit\u00e9 de Saman\u00e1.","robots":{"index":"index","follow":"follow","max-snippet":"max-snippet:-1","max-image-preview":"max-image-preview:large","max-video-preview":"max-video-preview:-1"},"canonical":"https:\/\/gosamana.com\/fr\/destinations\/santa-barbara-fr\/","og_locale":"fr_FR","og_type":"article","og_title":"Santa B\u00e1rbara de Saman\u00e1 - Saman\u00e1","og_description":"Santa Barbara de Saman\u00e1 est la capitale de la province et la municipalit\u00e9 de Saman\u00e1.","og_url":"https:\/\/gosamana.com\/fr\/destinations\/santa-barbara-fr\/","og_site_name":"Saman\u00e1","article_modified_time":"2015-12-23T20:27:59+00:00","og_image":[{"width":1900,"height":633,"url":"https:\/\/gosamana.com\/wp-content\/uploads\/2015\/08\/foto_samana_4.jpg","type":"image\/jpeg"}],"twitter_card":"summary_large_image","schema":{"@context":"https:\/\/schema.org","@graph":[{"@type":"WebPage","@id":"https:\/\/gosamana.com\/fr\/destinations\/santa-barbara-fr\/","url":"https:\/\/gosamana.com\/fr\/destinations\/santa-barbara-fr\/","name":"Santa B\u00e1rbara de Saman\u00e1 - Saman\u00e1","isPartOf":{"@id":"https:\/\/gosamana.com\/fr\/#website"},"primaryImageOfPage":{"@id":"https:\/\/gosamana.com\/fr\/destinations\/santa-barbara-fr\/#primaryimage"},"image":{"@id":"https:\/\/gosamana.com\/fr\/destinations\/santa-barbara-fr\/#primaryimage"},"thumbnailUrl":"https:\/\/gosamana.com\/wp-content\/uploads\/2015\/08\/foto_samana_4.jpg","datePublished":"2015-09-18T14:01:27+00:00","dateModified":"2015-12-23T20:27:59+00:00","description":"Santa Barbara de Saman\u00e1 est la capitale de la province et la municipalit\u00e9 de Saman\u00e1.","breadcrumb":{"@id":"https:\/\/gosamana.com\/fr\/destinations\/santa-barbara-fr\/#breadcrumb"},"inLanguage":"fr-FR","potentialAction":[{"@type":"ReadAction","target":["https:\/\/gosamana.com\/fr\/destinations\/santa-barbara-fr\/"]}]},{"@type":"ImageObject","inLanguage":"fr-FR","@id":"https:\/\/gosamana.com\/fr\/destinations\/santa-barbara-fr\/#primaryimage","url":"https:\/\/gosamana.com\/wp-content\/uploads\/2015\/08\/foto_samana_4.jpg","contentUrl":"https:\/\/gosamana.com\/wp-content\/uploads\/2015\/08\/foto_samana_4.jpg","width":1900,"height":633},{"@type":"BreadcrumbList","@id":"https:\/\/gosamana.com\/fr\/destinations\/santa-barbara-fr\/#breadcrumb","itemListElement":[{"@type":"ListItem","position":1,"name":"Portada","item":"https:\/\/gosamana.com\/fr\/"},{"@type":"ListItem","position":2,"name":"Destinations","item":"https:\/\/gosamana.com\/fr\/destinations\/"},{"@type":"ListItem","position":3,"name":"Santa B\u00e1rbara de Saman\u00e1"}]},{"@type":"WebSite","@id":"https:\/\/gosamana.com\/fr\/#website","url":"https:\/\/gosamana.com\/fr\/","name":"Saman\u00e1","description":"Sitio oficial del destino tur\u00edstico Saman\u00e1","potentialAction":[{"@type":"SearchAction","target":{"@type":"EntryPoint","urlTemplate":"https:\/\/gosamana.com\/fr\/?s={search_term_string}"},"query-input":{"@type":"PropertyValueSpecification","valueRequired":true,"valueName":"search_term_string"}}],"inLanguage":"fr-FR"}]}},"_links":{"self":[{"href":"https:\/\/gosamana.com\/fr\/wp-json\/wp\/v2\/pages\/696","targetHints":{"allow":["GET"]}}],"collection":[{"href":"https:\/\/gosamana.com\/fr\/wp-json\/wp\/v2\/pages"}],"about":[{"href":"https:\/\/gosamana.com\/fr\/wp-json\/wp\/v2\/types\/page"}],"author":[{"embeddable":true,"href":"https:\/\/gosamana.com\/fr\/wp-json\/wp\/v2\/users\/1"}],"replies":[{"embeddable":true,"href":"https:\/\/gosamana.com\/fr\/wp-json\/wp\/v2\/comments?post=696"}],"version-history":[{"count":5,"href":"https:\/\/gosamana.com\/fr\/wp-json\/wp\/v2\/pages\/696\/revisions"}],"predecessor-version":[{"id":3157,"href":"https:\/\/gosamana.com\/fr\/wp-json\/wp\/v2\/pages\/696\/revisions\/3157"}],"up":[{"embeddable":true,"href":"https:\/\/gosamana.com\/fr\/wp-json\/wp\/v2\/pages\/74"}],"wp:featuredmedia":[{"embeddable":true,"href":"https:\/\/gosamana.com\/fr\/wp-json\/wp\/v2\/media\/2546"}],"wp:attachment":[{"href":"https:\/\/gosamana.com\/fr\/wp-json\/wp\/v2\/media?parent=696"}],"curies":[{"name":"wp","href":"https:\/\/api.w.org\/{rel}","templated":true}]}}