{"id":706,"date":"2015-09-28T19:32:13","date_gmt":"2015-09-28T19:32:13","guid":{"rendered":"http:\/\/localhost\/berrywhale\/samana\/fr\/sobre-el-cluster-turistico-de-samana\/"},"modified":"2026-02-03T18:56:45","modified_gmt":"2026-02-03T18:56:45","slug":"sur-le-cluster-touristique-de-samana","status":"publish","type":"page","link":"https:\/\/gosamana.com\/fr\/parler-du-samana\/sur-le-cluster-touristique-de-samana\/","title":{"rendered":"Sur le Cluster Touristique de Saman\u00e1"},"content":{"rendered":"<p>Le Cluster Touristique de Saman\u00e1 (CTS) est une organisation apolitique et sans but lucratif, qui regroupe des institutions publiques et priv\u00e9es li\u00e9es au secteur du tourisme, soutenue par un plan strat\u00e9gique pour promouvoir le d\u00e9veloppement de la province de Saman\u00e1.<\/p>\n<p>Le Cluster Touristique de Saman\u00e1 (CTS), est r\u00e9gi par la loi No 122-05 du 7 f\u00e9vrier de l&rsquo;ann\u00e9e 2005, sur la r\u00e9gulation et de promotion des associations sans but lucratif et par les dispositions contenues dans ses statuts et les lois de la R\u00e9publique Dominicaine.<\/p>\n<p><strong>Vision<\/strong><br \/>\nTransformer la province de Saman\u00e1 sur une destination touristique d\u2019haute qualit\u00e9 avec une croissance durable, en promouvant le d\u00e9veloppement humain durable, ainsi que le rachat de nos valeurs culturelles et la protection des ressources naturelles et de l&rsquo;environnement continuellement<\/p>\n<p><strong>Mission<\/strong><br \/>\nPromouvoir le concept Cluster, l&rsquo;association \u00e0 travers d\u2019une cha\u00eene de confiance qui permettra de consolider nos produits touristiques, pour une offre touristique de plus en plus comp\u00e9titive.<\/p>\n<p><strong>Objectifs<\/strong><br \/>\n&#8211; Le d\u00e9veloppement de la destination comp\u00e9titive<br \/>\n&#8211; La gestion des Destinations<br \/>\n&#8211; L\u2019Inclusion sociale et le d\u00e9veloppement humain durable<br \/>\n&#8211; L\u2019\u00e9valuation de l&rsquo;environnement et des ressources<br \/>\n&#8211; Soutenir \u00e0 la fois les investissements publics et priv\u00e9s dans les infrastructures, la cr\u00e9ation d&#8217;emplois et la cr\u00e9ation d&rsquo;un climat d&rsquo;affaires durable dans la zone d&rsquo;influence de l&rsquo;institution<br \/>\n&#8211; Fournir des informations actualis\u00e9es \u00e0 tous ses membres et au grand public et de faciliter l&rsquo;\u00e9change d&rsquo;exp\u00e9riences et les le\u00e7ons apprises<\/p>\n<p><strong>Rapports institutionnels<\/strong><\/p>\n<p><a href=\"https:\/\/gosamana.com\/wp-content\/uploads\/2024\/10\/Memoria-2022-2024-Cluster-Turistico-Samana-AHETSA.pdf\" target=\"_blank\" rel=\"noopener noreferrer\">Rapports institutionnels Saman\u00e1 Tourism Cluster &#038; AHETSA 2022-2024<\/a><br \/>\n<a href=\"https:\/\/gosamana.com\/wp-content\/uploads\/2024\/07\/CTS-AHETSA-Memorias-2020-2022-Final.pdf\" target=\"_blank\" rel=\"noopener noreferrer\">Rapports institutionnels Saman\u00e1 Tourism Cluster &#038; AHETSA 2020-2022<\/a><br \/>\n<a href=\"https:\/\/gosamana.com\/wp-content\/uploads\/2024\/07\/Memorias-2018-2020-CTSAHETSA-Final.pdf\" target=\"_blank\" rel=\"noopener noreferrer\">Rapports institutionnels Saman\u00e1 Tourism Cluster &#038; AHETSA 2018-2020<\/a><br \/>\n<a href=\"https:\/\/issuu.com\/gosamana\/docs\/memorias_2016-2018\" target=\"_blank\" rel=\"noopener noreferrer\">Rapports institutionnels Saman\u00e1 Tourism Cluster &#038; AHETSA 2016-2018<\/a><br \/>\n<a href=\"https:\/\/issuu.com\/gosamana\/docs\/memorias_2011-2015\" target=\"_blank\" rel=\"noopener noreferrer\">Rapports institutionnels Saman\u00e1 Tourism Cluster &#038; AHETSA 2011-2015<\/a><\/p>\n<p><strong>Lettre d&rsquo;information \u00e0 propos de Cluster Touristique de Saman\u00e1<\/strong><\/p>\n<ul>\n<li><a href=\"https:\/\/gosamana.com\/wp-content\/uploads\/2026\/02\/Boletin-CTS-AHETSA-Octubre-Diciembre-2025.pdf\" target=\"_blank\" rel=\"noopener noreferrer\">Bulletin Octobre 2025 &#8211; D\u00e9cembre 2025<\/a><\/li>\n<li><a href=\"https:\/\/gosamana.com\/wp-content\/uploads\/2025\/11\/Boletin-CTS-Enero-Septiembre-2025.pdf\" target=\"_blank\" rel=\"noopener noreferrer\">Bulletin March 2025 &#8211; September 2025<\/a><\/li>\n<li><a href=\"https:\/\/gosamana.com\/wp-content\/uploads\/2025\/03\/Boleti\u0301n-Marzo-2025-Edicio\u0301n-Especial-X-Encuentro-Anual.pdf\" target=\"_blank\" rel=\"noopener noreferrer\">Bulletin Mars 2025<\/a><\/li>\n<li><a href=\"https:\/\/gosamana.com\/wp-content\/uploads\/2024\/12\/Boleti\u0301n-Noviembre-2024.pdf\" target=\"_blank\" rel=\"noopener noreferrer\">Bulletin Novembre 2024<\/a><\/li>\n<li><a href=\"https:\/\/gosamana.com\/wp-content\/uploads\/2024\/11\/Boleti\u0301n-Octubre-2024.pdf\" target=\"_blank\" rel=\"noopener noreferrer\">Bulletin Octobre 2024<\/a><\/li>\n<li><a href=\"https:\/\/gosamana.com\/wp-content\/uploads\/2024\/11\/Boleti\u0301n-Agosto-2024.pdf\" target=\"_blank\" rel=\"noopener noreferrer\">Bulletin Ao\u00fbt 2024<\/a><\/li>\n<li><a href=\"https:\/\/gosamana.com\/wp-content\/uploads\/2024\/07\/Boletin-Mayo-2024-Samana.pdf\" target=\"_blank\" rel=\"noopener noreferrer\">Bulletin May 2024<\/a><\/li>\n<li><a href=\"https:\/\/gosamana.com\/wp-content\/uploads\/2023\/10\/Boletin-Octubre-2023.pdf\" target=\"_blank\" rel=\"noopener noreferrer\">Bulletin <\/a><a href=\"http:\/\/gosamana.com\/wp-content\/uploads\/2017\/02\/Boletin-Cl\u00faster-Tur\u00edstico-de-Saman\u00e1-Febrero17.pdf\" target=\"_blank\" rel=\"noopener\">F\u00e9vrier<\/a><a href=\"https:\/\/gosamana.com\/wp-content\/uploads\/2024\/07\/Boleti\u0301n-Especial-9no-Encuentro-Anual-Febrero-2024-Samana.pdf\" target=\"_blank\" rel=\"noopener noreferrer\"> 2024<\/a><\/li>\n<li><a href=\"https:\/\/gosamana.com\/wp-content\/uploads\/2023\/10\/Boletin-Octubre-2023.pdf\" target=\"_blank\" rel=\"noopener noreferrer\">Bulletin Octobre 2023<\/a><\/li>\n<li><a href=\"https:\/\/gosamana.com\/wp-content\/uploads\/2023\/10\/Boletin-Julio-2023.pdf\" target=\"_blank\" rel=\"noopener noreferrer\">Bulletin Juillet 2023<\/a><\/li>\n<li><a href=\"https:\/\/gosamana.com\/wp-content\/uploads\/2023\/10\/Boletin-Junio-2023.pdf\" target=\"_blank\" rel=\"noopener noreferrer\">Bulletin Juin 2023<\/a><\/li>\n<li><a href=\"https:\/\/gosamana.com\/wp-content\/uploads\/2023\/06\/Boletin-Mayo-2023.pdf\" target=\"_blank\" rel=\"noopener noreferrer\">Bulletin Mai 2023<\/a><\/li>\n<li><a href=\"https:\/\/gosamana.com\/wp-content\/uploads\/2023\/06\/Boleti\u0301n-Abril-2023.pdf\" target=\"_blank\" rel=\"noopener noreferrer\">Bulletin Avril 2023<\/a><\/li>\n<li><a href=\"https:\/\/gosamana.com\/wp-content\/uploads\/2023\/06\/Boletin-Marzo-2023.pdf\" target=\"_blank\" rel=\"noopener noreferrer\">Bulletin Mars 2023<\/a><\/li>\n<li><a href=\"https:\/\/gosamana.com\/wp-content\/uploads\/2023\/06\/Boletin-Febrero-2023.pdf\" target=\"_blank\" rel=\"noopener noreferrer\">Bulletin F\u00e9vrier 2023<\/a><\/li>\n<li><a href=\"https:\/\/gosamana.com\/wp-content\/uploads\/2022\/11\/Boletiin-noviembre-2022-Edicioin-especial-VIII-Encuentro-Anual.pdf\" target=\"_blank\" rel=\"noopener\">Bulletin Novembre 2022<\/a><\/li>\n<li><a href=\"https:\/\/gosamana.com\/wp-content\/uploads\/2022\/11\/Boletin-Octubre-2022.pdf\" target=\"_blank\" rel=\"noopener\">Bulletin Octubre 2022<\/a><\/li>\n<li><a href=\"https:\/\/gosamana.com\/wp-content\/uploads\/2022\/10\/Boletin-Septiembre-2022.pdf\" target=\"_blank\" rel=\"noopener\">Bulletin Septembre 2022<\/a><\/li>\n<li><a href=\"https:\/\/gosamana.com\/wp-content\/uploads\/2022\/09\/Boletin-Agosto-2022-goSamana.pdf\" target=\"_blank\" rel=\"noopener\">Bulletin Ao\u00fbt 2022<\/a><\/li>\n<li><a href=\"http:\/\/gosamana.com\/wp-content\/uploads\/2017\/12\/Boletin-Diciembre-2017-Cluster-Turistico-de-Saman\u00e1-4.pdf\" target=\"_blank\" rel=\"noopener\">Bulletin D\u00e9cembre 2017<\/a><\/li>\n<li><a href=\"http:\/\/gosamana.com\/wp-content\/uploads\/2017\/11\/Boletin-Cl\u00faster-Tur\u00edstico-de-Saman\u00e1-Octubre17-3.pdf\" target=\"_blank\" rel=\"noopener\">Bulletin Novembre 2017<\/a><\/li>\n<li><a href=\"http:\/\/gosamana.com\/wp-content\/uploads\/2017\/10\/Boletin-Cuarto-Encuentro-Anual-para-el-Desarrollo-Tur\u00edstico-de-Saman\u00e1-28-Septiembre.pdf\" target=\"_blank\" rel=\"noopener\">Bulletin Octobre 2017<\/a><\/li>\n<li><a href=\"http:\/\/gosamana.com\/wp-content\/uploads\/2017\/09\/Boletin-Cl\u00faster-Tur\u00edstico-de-Saman\u00e1-Septiembre17-3-1.pdf\" target=\"_blank\" rel=\"noopener\">Bulletin Septembre 2017<\/a><\/li>\n<li><a href=\"http:\/\/gosamana.com\/wp-content\/uploads\/2017\/08\/Boletin-Cl\u00faster-Tur\u00edstico-de-Saman\u00e1-Agosto17-3.pdf\" target=\"_blank\" rel=\"noopener\">Bulletin Ao\u00fbt 2017<\/a><\/li>\n<li><a href=\"http:\/\/gosamana.com\/wp-content\/uploads\/2017\/06\/Boletin-Cl\u00faster-Tur\u00edstico-de-Saman\u00e1-Junio17-5.pdf\" target=\"_blank\" rel=\"noopener\">Bulletin Juillet 2017<\/a><\/li>\n<li><a href=\"http:\/\/gosamana.com\/wp-content\/uploads\/2017\/06\/Boletin-Cl\u00faster-Tur\u00edstico-de-Saman\u00e1-Junio17-5.pdf\" target=\"_blank\" rel=\"noopener\">Bulletin Juin 2017<\/a><\/li>\n<li><a href=\"http:\/\/gosamana.com\/wp-content\/uploads\/2017\/05\/Boletin-Cl\u00faster-Tur\u00edstico-de-Saman\u00e1-Mayo17.pdf\" target=\"_blank\" rel=\"noopener\">Bulletin Mai 2017<\/a><\/li>\n<li><a href=\"http:\/\/gosamana.com\/wp-content\/uploads\/2017\/04\/Boletin-Cl\u00faster-Tur\u00edstico-de-Saman\u00e1-Abril17.pdf\" target=\"_blank\" rel=\"noopener\">Bulletin Avril 2017<\/a><\/li>\n<li><a href=\"http:\/\/gosamana.com\/wp-content\/uploads\/2017\/03\/Boletin-Cl\u00faster-Tur\u00edstico-de-Saman\u00e1-Marzo17.pdf\" target=\"_blank\" rel=\"noopener\">Bulletin Mars 2017<\/a><\/li>\n<li><a href=\"http:\/\/gosamana.com\/wp-content\/uploads\/2017\/02\/Boletin-Cl\u00faster-Tur\u00edstico-de-Saman\u00e1-Febrero17.pdf\" target=\"_blank\" rel=\"noopener\">Bulletin F\u00e9vrier 2017<\/a><\/li>\n<li><a href=\"http:\/\/gosamana.com\/wp-content\/uploads\/2017\/01\/Boletin-Cl\u00faster-Tur\u00edstico-de-Saman\u00e1-Enero-17.pdf\" target=\"_blank\" rel=\"noopener\">Bulletin Janvier 2017<\/a><\/li>\n<li><a href=\"http:\/\/gosamana.com\/wp-content\/uploads\/2016\/12\/Boletin-Cluster-Turistico-de-Samana-Diciembre-2016.pdf\" target=\"_blank\" rel=\"noopener\">Bulletin D\u00e9cembre 2016<\/a><\/li>\n<li><a href=\"http:\/\/gosamana.com\/wp-content\/uploads\/2016\/11\/Boletin-Cluster-Turistico-de-Samana-Noviembre-2016.pdf\" target=\"_blank\" rel=\"noopener\">Bulletin Novembre 2016<\/a><\/li>\n<li><a href=\"http:\/\/gosamana.com\/wp-content\/uploads\/2016\/10\/Boletin-Cluster-Turistico-de-Samana-Octubre-2016.pdf\" target=\"_blank\" rel=\"noopener\">Bulletin Octobre 2016<\/a><\/li>\n<li><a href=\"http:\/\/gosamana.com\/wp-content\/uploads\/2016\/10\/boletin-septiembre.pdf\">Bulletin Septembre 2016<\/a><\/li>\n<li><a href=\"http:\/\/gosamana.com\/wp-content\/uploads\/2016\/10\/Boletin-Cluster-Turistico-de-Samana-Agosto-2016.pdf\" target=\"_blank\" rel=\"noopener\">Bulletin Ao\u00fbt 2016<\/a><\/li>\n<li><a href=\"http:\/\/gosamana.com\/wp-content\/uploads\/2017\/12\/Boletin-Cl\u00faster-Tur\u00edstico-de-Saman\u00e1-Julio-2016.pdf\" target=\"_blank\" rel=\"noopener\">Bulletin Juillet 2016<\/a><\/li>\n<li><a href=\"http:\/\/gosamana.com\/wp-content\/uploads\/2015\/09\/Boletin-Cluster-Turistico-de-Samana-Junio-2016.pdf\" target=\"_blank\" rel=\"noopener\">Bulletin Juin 2016<\/a><\/li>\n<li><a href=\"http:\/\/gosamana.com\/wp-content\/uploads\/2015\/09\/Boletin-Clu\u0301ster-Turi\u0301stico-de-Samana\u0301-Mayo-2016.pdf\" target=\"_blank\" rel=\"noopener\">Bulletin Mai 2016<\/a><\/li>\n<li><a href=\"http:\/\/gosamana.com\/wp-content\/uploads\/2016\/04\/Boletin-Cluster-Turistico-de-Samana-Abril-2016.pdf\" target=\"_blank\" rel=\"noopener\">Bulletin Avril 2016<\/a><\/li>\n<li><a href=\"http:\/\/gosamana.com\/wp-content\/uploads\/2016\/03\/Boletin-Clu\u0301ster-Turi\u0301stico-de-Samana\u0301-marzo-2016.pdf\" target=\"_blank\" rel=\"noopener\">Bulletin Mars 2016<\/a><\/li>\n<li><a href=\"http:\/\/gosamana.com\/wp-content\/uploads\/2016\/02\/boletin_CTS_febrero2016.pdf\" target=\"_blank\" rel=\"noopener\">Bulletin F\u00e9vrier 2016<\/a><\/li>\n<li><a href=\"http:\/\/gosamana.com\/wp-content\/uploads\/2016\/01\/boletin_cts_enero_2016.pdf\" target=\"_blank\" rel=\"noopener\">Bulletin January 2016<\/a><\/li>\n<li><a href=\"http:\/\/gosamana.com\/wp-content\/uploads\/2015\/12\/boletin_especial_1er_encuentro_junio_2013.pdf\" target=\"_blank\" rel=\"noopener\">Bulletin sp\u00e9cial 1er. r\u00e9union Juin 2013<\/a><\/li>\n<li><a href=\"http:\/\/gosamana.com\/wp-content\/uploads\/2015\/12\/boletin_especial_2do_encuentro_septiembre_2014.pdf\" target=\"_blank\" rel=\"noopener\">Bulletin sp\u00e9cial 2do. r\u00e9union Septembre 2014<\/a><\/li>\n<li><a href=\"http:\/\/gosamana.com\/wp-content\/uploads\/2015\/12\/boletin_cts_enero_2015.pdf\" target=\"_blank\" rel=\"noopener\">Bulletin Janvier 2015<\/a><\/li>\n<li><a href=\"http:\/\/gosamana.com\/wp-content\/uploads\/2016\/01\/boletin_cts_febrero_2015.pdf\" target=\"_blank\" rel=\"noopener\">Bulletin F\u00e9vrier 2015<\/a><\/li>\n<li><a href=\"http:\/\/gosamana.com\/wp-content\/uploads\/2016\/01\/boletin_cts_marzo_2015.pdf\" target=\"_blank\" rel=\"noopener\">Bulletin Mars\u00a02015<\/a><\/li>\n<li><a href=\"http:\/\/gosamana.com\/wp-content\/uploads\/2015\/12\/boletin_cts_abril_2015.pdf\" target=\"_blank\" rel=\"noopener\">Bulletin Avril\u00a02015<\/a><\/li>\n<li><a href=\"http:\/\/gosamana.com\/wp-content\/uploads\/2015\/12\/boletin_cts_mayo_2015.pdf\" target=\"_blank\" rel=\"noopener\">Bulletin Mai\u00a02015<\/a><\/li>\n<li><a href=\"http:\/\/gosamana.com\/wp-content\/uploads\/2015\/12\/boletin_cts_junio_2015.pdf\" target=\"_blank\" rel=\"noopener\">Bulletin Juin 2015<\/a><\/li>\n<li><a href=\"http:\/\/gosamana.com\/wp-content\/uploads\/2015\/12\/boletin_cts_julio_2015.pdf\" target=\"_blank\" rel=\"noopener\">Bulletin Juillet 2015<\/a><\/li>\n<li><a href=\"http:\/\/gosamana.com\/wp-content\/uploads\/2015\/12\/boletin_cts_agosto_2015.pdf\" target=\"_blank\" rel=\"noopener\">Bulletin Ao\u00fbt 2015<\/a><\/li>\n<li><a href=\"http:\/\/gosamana.com\/wp-content\/uploads\/2015\/12\/boletin_cts_septiembre_2015.pdf\" target=\"_blank\" rel=\"noopener\">Bulletin Septembre 2015<\/a><\/li>\n<li><a href=\"http:\/\/gosamana.com\/wp-content\/uploads\/2015\/12\/boletin_cts_octubre_2015.pdf\" target=\"_blank\" rel=\"noopener\">Bulletin Octobre 2015<\/a><\/li>\n<li><a href=\"http:\/\/gosamana.com\/wp-content\/uploads\/2016\/01\/boletin_cts_noviembre_2015.pdf\" target=\"_blank\" rel=\"noopener\">Bulletin Novembre 2015<\/a><\/li>\n<li><a href=\"http:\/\/gosamana.com\/wp-content\/uploads\/2015\/12\/boletin_cts_diciembre_2015.pdf\" target=\"_blank\" rel=\"noopener\">Bulletin D\u00e9cembre 2015<\/a><\/li>\n<\/ul>\n","protected":false},"excerpt":{"rendered":"<p>Le Cluster Touristique de Saman\u00e1 (CTS) est une organisation apolitique et sans but lucratif, qui regroupe des institutions publiques et priv\u00e9es li\u00e9es au secteur du tourisme, soutenue par un plan strat\u00e9gique pour promouvoir le d\u00e9veloppement de la province de Saman\u00e1. Le Cluster Touristique de Saman\u00e1 (CTS), est r\u00e9gi par la loi No 122-05 du 7 [&hellip;]<\/p>\n","protected":false},"author":1,"featured_media":431,"parent":76,"menu_order":0,"comment_status":"closed","ping_status":"closed","template":"sobrenosotros.php","meta":{"footnotes":""},"class_list":["post-706","page","type-page","status-publish","has-post-thumbnail","hentry"],"yoast_head":"<!-- This site is optimized with the Yoast SEO plugin v25.8 - https:\/\/yoast.com\/wordpress\/plugins\/seo\/ -->\n<title>Sur le Cluster Touristique de Saman\u00e1 - Saman\u00e1<\/title>\n<meta name=\"description\" content=\"Le Cluster Touristique de Saman\u00e1 est une organisation apolitique et sans but lucratif, qui regroupe des institutions publiques et priv\u00e9es li\u00e9es au secteur.\" \/>\n<meta name=\"robots\" content=\"index, follow, max-snippet:-1, max-image-preview:large, max-video-preview:-1\" \/>\n<link rel=\"canonical\" href=\"https:\/\/gosamana.com\/fr\/parler-du-samana\/sur-le-cluster-touristique-de-samana\/\" \/>\n<meta property=\"og:locale\" content=\"fr_FR\" \/>\n<meta property=\"og:type\" content=\"article\" \/>\n<meta property=\"og:title\" content=\"Sur le Cluster Touristique de Saman\u00e1 - Saman\u00e1\" \/>\n<meta property=\"og:description\" content=\"Le Cluster Touristique de Saman\u00e1 est une organisation apolitique et sans but lucratif, qui regroupe des institutions publiques et priv\u00e9es li\u00e9es au secteur.\" \/>\n<meta property=\"og:url\" content=\"https:\/\/gosamana.com\/fr\/parler-du-samana\/sur-le-cluster-touristique-de-samana\/\" \/>\n<meta property=\"og:site_name\" content=\"Saman\u00e1\" \/>\n<meta property=\"article:modified_time\" content=\"2026-02-03T18:56:45+00:00\" \/>\n<meta property=\"og:image\" content=\"https:\/\/gosamana.com\/wp-content\/uploads\/2015\/09\/lindo.jpg\" \/>\n\t<meta property=\"og:image:width\" content=\"1900\" \/>\n\t<meta property=\"og:image:height\" content=\"609\" \/>\n\t<meta property=\"og:image:type\" content=\"image\/jpeg\" \/>\n<meta name=\"twitter:card\" content=\"summary_large_image\" \/>\n<meta name=\"twitter:label1\" content=\"Dur\u00e9e de lecture estim\u00e9e\" \/>\n\t<meta name=\"twitter:data1\" content=\"3 minutes\" \/>\n<script type=\"application\/ld+json\" class=\"yoast-schema-graph\">{\"@context\":\"https:\/\/schema.org\",\"@graph\":[{\"@type\":\"WebPage\",\"@id\":\"https:\/\/gosamana.com\/fr\/parler-du-samana\/sur-le-cluster-touristique-de-samana\/\",\"url\":\"https:\/\/gosamana.com\/fr\/parler-du-samana\/sur-le-cluster-touristique-de-samana\/\",\"name\":\"Sur le Cluster Touristique de Saman\u00e1 - Saman\u00e1\",\"isPartOf\":{\"@id\":\"https:\/\/gosamana.com\/fr\/#website\"},\"primaryImageOfPage\":{\"@id\":\"https:\/\/gosamana.com\/fr\/parler-du-samana\/sur-le-cluster-touristique-de-samana\/#primaryimage\"},\"image\":{\"@id\":\"https:\/\/gosamana.com\/fr\/parler-du-samana\/sur-le-cluster-touristique-de-samana\/#primaryimage\"},\"thumbnailUrl\":\"https:\/\/gosamana.com\/wp-content\/uploads\/2015\/09\/lindo.jpg\",\"datePublished\":\"2015-09-28T19:32:13+00:00\",\"dateModified\":\"2026-02-03T18:56:45+00:00\",\"description\":\"Le Cluster Touristique de Saman\u00e1 est une organisation apolitique et sans but lucratif, qui regroupe des institutions publiques et priv\u00e9es li\u00e9es au secteur.\",\"breadcrumb\":{\"@id\":\"https:\/\/gosamana.com\/fr\/parler-du-samana\/sur-le-cluster-touristique-de-samana\/#breadcrumb\"},\"inLanguage\":\"fr-FR\",\"potentialAction\":[{\"@type\":\"ReadAction\",\"target\":[\"https:\/\/gosamana.com\/fr\/parler-du-samana\/sur-le-cluster-touristique-de-samana\/\"]}]},{\"@type\":\"ImageObject\",\"inLanguage\":\"fr-FR\",\"@id\":\"https:\/\/gosamana.com\/fr\/parler-du-samana\/sur-le-cluster-touristique-de-samana\/#primaryimage\",\"url\":\"https:\/\/gosamana.com\/wp-content\/uploads\/2015\/09\/lindo.jpg\",\"contentUrl\":\"https:\/\/gosamana.com\/wp-content\/uploads\/2015\/09\/lindo.jpg\",\"width\":1900,\"height\":609},{\"@type\":\"BreadcrumbList\",\"@id\":\"https:\/\/gosamana.com\/fr\/parler-du-samana\/sur-le-cluster-touristique-de-samana\/#breadcrumb\",\"itemListElement\":[{\"@type\":\"ListItem\",\"position\":1,\"name\":\"Portada\",\"item\":\"https:\/\/gosamana.com\/fr\/\"},{\"@type\":\"ListItem\",\"position\":2,\"name\":\"Parler du Saman\u00e1\",\"item\":\"https:\/\/gosamana.com\/fr\/parler-du-samana\/\"},{\"@type\":\"ListItem\",\"position\":3,\"name\":\"Sur le Cluster Touristique de Saman\u00e1\"}]},{\"@type\":\"WebSite\",\"@id\":\"https:\/\/gosamana.com\/fr\/#website\",\"url\":\"https:\/\/gosamana.com\/fr\/\",\"name\":\"Saman\u00e1\",\"description\":\"Sitio oficial del destino tur\u00edstico Saman\u00e1\",\"potentialAction\":[{\"@type\":\"SearchAction\",\"target\":{\"@type\":\"EntryPoint\",\"urlTemplate\":\"https:\/\/gosamana.com\/fr\/?s={search_term_string}\"},\"query-input\":{\"@type\":\"PropertyValueSpecification\",\"valueRequired\":true,\"valueName\":\"search_term_string\"}}],\"inLanguage\":\"fr-FR\"}]}<\/script>\n<!-- \/ Yoast SEO plugin. -->","yoast_head_json":{"title":"Sur le Cluster Touristique de Saman\u00e1 - Saman\u00e1","description":"Le Cluster Touristique de Saman\u00e1 est une organisation apolitique et sans but lucratif, qui regroupe des institutions publiques et priv\u00e9es li\u00e9es au secteur.","robots":{"index":"index","follow":"follow","max-snippet":"max-snippet:-1","max-image-preview":"max-image-preview:large","max-video-preview":"max-video-preview:-1"},"canonical":"https:\/\/gosamana.com\/fr\/parler-du-samana\/sur-le-cluster-touristique-de-samana\/","og_locale":"fr_FR","og_type":"article","og_title":"Sur le Cluster Touristique de Saman\u00e1 - Saman\u00e1","og_description":"Le Cluster Touristique de Saman\u00e1 est une organisation apolitique et sans but lucratif, qui regroupe des institutions publiques et priv\u00e9es li\u00e9es au secteur.","og_url":"https:\/\/gosamana.com\/fr\/parler-du-samana\/sur-le-cluster-touristique-de-samana\/","og_site_name":"Saman\u00e1","article_modified_time":"2026-02-03T18:56:45+00:00","og_image":[{"width":1900,"height":609,"url":"https:\/\/gosamana.com\/wp-content\/uploads\/2015\/09\/lindo.jpg","type":"image\/jpeg"}],"twitter_card":"summary_large_image","twitter_misc":{"Dur\u00e9e de lecture estim\u00e9e":"3 minutes"},"schema":{"@context":"https:\/\/schema.org","@graph":[{"@type":"WebPage","@id":"https:\/\/gosamana.com\/fr\/parler-du-samana\/sur-le-cluster-touristique-de-samana\/","url":"https:\/\/gosamana.com\/fr\/parler-du-samana\/sur-le-cluster-touristique-de-samana\/","name":"Sur le Cluster Touristique de Saman\u00e1 - Saman\u00e1","isPartOf":{"@id":"https:\/\/gosamana.com\/fr\/#website"},"primaryImageOfPage":{"@id":"https:\/\/gosamana.com\/fr\/parler-du-samana\/sur-le-cluster-touristique-de-samana\/#primaryimage"},"image":{"@id":"https:\/\/gosamana.com\/fr\/parler-du-samana\/sur-le-cluster-touristique-de-samana\/#primaryimage"},"thumbnailUrl":"https:\/\/gosamana.com\/wp-content\/uploads\/2015\/09\/lindo.jpg","datePublished":"2015-09-28T19:32:13+00:00","dateModified":"2026-02-03T18:56:45+00:00","description":"Le Cluster Touristique de Saman\u00e1 est une organisation apolitique et sans but lucratif, qui regroupe des institutions publiques et priv\u00e9es li\u00e9es au secteur.","breadcrumb":{"@id":"https:\/\/gosamana.com\/fr\/parler-du-samana\/sur-le-cluster-touristique-de-samana\/#breadcrumb"},"inLanguage":"fr-FR","potentialAction":[{"@type":"ReadAction","target":["https:\/\/gosamana.com\/fr\/parler-du-samana\/sur-le-cluster-touristique-de-samana\/"]}]},{"@type":"ImageObject","inLanguage":"fr-FR","@id":"https:\/\/gosamana.com\/fr\/parler-du-samana\/sur-le-cluster-touristique-de-samana\/#primaryimage","url":"https:\/\/gosamana.com\/wp-content\/uploads\/2015\/09\/lindo.jpg","contentUrl":"https:\/\/gosamana.com\/wp-content\/uploads\/2015\/09\/lindo.jpg","width":1900,"height":609},{"@type":"BreadcrumbList","@id":"https:\/\/gosamana.com\/fr\/parler-du-samana\/sur-le-cluster-touristique-de-samana\/#breadcrumb","itemListElement":[{"@type":"ListItem","position":1,"name":"Portada","item":"https:\/\/gosamana.com\/fr\/"},{"@type":"ListItem","position":2,"name":"Parler du Saman\u00e1","item":"https:\/\/gosamana.com\/fr\/parler-du-samana\/"},{"@type":"ListItem","position":3,"name":"Sur le Cluster Touristique de Saman\u00e1"}]},{"@type":"WebSite","@id":"https:\/\/gosamana.com\/fr\/#website","url":"https:\/\/gosamana.com\/fr\/","name":"Saman\u00e1","description":"Sitio oficial del destino tur\u00edstico Saman\u00e1","potentialAction":[{"@type":"SearchAction","target":{"@type":"EntryPoint","urlTemplate":"https:\/\/gosamana.com\/fr\/?s={search_term_string}"},"query-input":{"@type":"PropertyValueSpecification","valueRequired":true,"valueName":"search_term_string"}}],"inLanguage":"fr-FR"}]}},"_links":{"self":[{"href":"https:\/\/gosamana.com\/fr\/wp-json\/wp\/v2\/pages\/706","targetHints":{"allow":["GET"]}}],"collection":[{"href":"https:\/\/gosamana.com\/fr\/wp-json\/wp\/v2\/pages"}],"about":[{"href":"https:\/\/gosamana.com\/fr\/wp-json\/wp\/v2\/types\/page"}],"author":[{"embeddable":true,"href":"https:\/\/gosamana.com\/fr\/wp-json\/wp\/v2\/users\/1"}],"replies":[{"embeddable":true,"href":"https:\/\/gosamana.com\/fr\/wp-json\/wp\/v2\/comments?post=706"}],"version-history":[{"count":45,"href":"https:\/\/gosamana.com\/fr\/wp-json\/wp\/v2\/pages\/706\/revisions"}],"predecessor-version":[{"id":5141,"href":"https:\/\/gosamana.com\/fr\/wp-json\/wp\/v2\/pages\/706\/revisions\/5141"}],"up":[{"embeddable":true,"href":"https:\/\/gosamana.com\/fr\/wp-json\/wp\/v2\/pages\/76"}],"wp:featuredmedia":[{"embeddable":true,"href":"https:\/\/gosamana.com\/fr\/wp-json\/wp\/v2\/media\/431"}],"wp:attachment":[{"href":"https:\/\/gosamana.com\/fr\/wp-json\/wp\/v2\/media?parent=706"}],"curies":[{"name":"wp","href":"https:\/\/api.w.org\/{rel}","templated":true}]}}