{"id":72,"date":"2015-08-12T20:23:43","date_gmt":"2015-08-12T20:23:43","guid":{"rendered":"http:\/\/localhost\/berrywhale\/samana\/fr\/?page_id=72"},"modified":"2019-05-02T16:17:55","modified_gmt":"2019-05-02T16:17:55","slug":"comment-arriver","status":"publish","type":"page","link":"https:\/\/gosamana.com\/fr\/comment-arriver\/","title":{"rendered":"Comment arriver"},"content":{"rendered":"<p><strong>Pour voyager \u00e0 Saman\u00e1.<\/strong><br \/>\nPour faire un voyage aller retour de Saint-Domingue a Saman\u00e1, \u00a0les utilisateurs de v\u00e9hicules l\u00e9gers doivent payer RD $1,956.00 pour les quatre stations de p\u00e9age.<\/p>\n<p>Dans la premi\u00e8re station les automobiles, camionnettes, v\u00e9hicules 4&#215;4 et van familiales paient RD $56; dans la deuxi\u00e8me, RD $181; dans la troisi\u00e8me, RD $213 et \u00e0 la quatri\u00e8me, RD $528. Lorsqu&rsquo;il s&rsquo;agit de minibus, les tarifs varient, car ils doivent payer RD $110, RD $358, RD $440 et RD $1075.<\/p>\n<p><b>\u00a1<\/b><b>ATTENTION<\/b><b>! <\/b>\u00a0Le p\u00e9age doit \u00eatre pay\u00e9 en esp\u00e8ces, seulement en monnaie dominicaine et de pr\u00e9f\u00e9rence en billets de moins de RD $1000.<\/p>\n<p><strong>Bus\u00a0<\/strong><br \/>\nCeci est probablement l&rsquo;option \u00a0plus simple et le moins cher pour\u00a0voyager \u00e0 Samana<br \/>\nIl ya plusieurs compagnies de transport priv\u00e9es qui assurent le service \u00e0 Samana avec des taux de RD $340<\/p>\n<p><strong>Heure de d\u00e9part<\/strong><\/p>\n<p><strong>-T<span lang=\"fr\">erminal Santo Domingo<\/span><\/strong><\/p>\n<p><a href=\"http:\/\/gosamana.com\/wp-content\/uploads\/2015\/08\/IMG_6955.jpg\"><img loading=\"lazy\" decoding=\"async\" class=\"alignnone size-medium wp-image-3980\" src=\"http:\/\/gosamana.com\/wp-content\/uploads\/2015\/08\/IMG_6955-300x169.jpg\" alt=\"\" width=\"300\" height=\"169\" srcset=\"https:\/\/gosamana.com\/wp-content\/uploads\/2015\/08\/IMG_6955-300x169.jpg 300w, https:\/\/gosamana.com\/wp-content\/uploads\/2015\/08\/IMG_6955-768x432.jpg 768w, https:\/\/gosamana.com\/wp-content\/uploads\/2015\/08\/IMG_6955-1024x576.jpg 1024w, https:\/\/gosamana.com\/wp-content\/uploads\/2015\/08\/IMG_6955.jpg 1280w\" sizes=\"auto, (max-width: 300px) 100vw, 300px\" \/><\/a><br \/>\n<iframe loading=\"lazy\" style=\"border: 0;\" src=\"https:\/\/www.google.com\/maps\/embed?pb=!1m18!1m12!1m3!1d3181.9918870209112!2d-69.89330781919205!3d18.481512397118085!2m3!1f0!2f0!3f0!3m2!1i1024!2i768!4f13.1!3m3!1m2!1s0x8eaf88388ff551af%3A0xedeba2475cb0f4e7!2sTerminal+ASOTRAPUSA!5e0!3m2!1sja!2sjp!4v1506438093616\" width=\"400\" height=\"300\" frameborder=\"0\" allowfullscreen=\"allowfullscreen\"><\/iframe><\/p>\n<p>&nbsp;<\/p>\n<p><strong>-Terminal Las Terrenas<\/strong><\/p>\n<p><a href=\"http:\/\/gosamana.com\/wp-content\/uploads\/2015\/08\/IMG_6956.jpg\"><img loading=\"lazy\" decoding=\"async\" class=\"alignnone size-medium wp-image-3991\" src=\"http:\/\/gosamana.com\/wp-content\/uploads\/2015\/08\/IMG_6956-300x169.jpg\" alt=\"\" width=\"300\" height=\"169\" srcset=\"https:\/\/gosamana.com\/wp-content\/uploads\/2015\/08\/IMG_6956-300x169.jpg 300w, https:\/\/gosamana.com\/wp-content\/uploads\/2015\/08\/IMG_6956-768x432.jpg 768w, https:\/\/gosamana.com\/wp-content\/uploads\/2015\/08\/IMG_6956-1024x576.jpg 1024w, https:\/\/gosamana.com\/wp-content\/uploads\/2015\/08\/IMG_6956.jpg 1280w\" sizes=\"auto, (max-width: 300px) 100vw, 300px\" \/><\/a><br \/>\n<iframe loading=\"lazy\" style=\"border: 0;\" src=\"https:\/\/www.google.com\/maps\/embed?pb=!1m18!1m12!1m3!1d3765.4974082403737!2d-69.55090896051814!3d19.304210591783686!2m3!1f0!2f0!3f0!3m2!1i1024!2i768!4f13.1!3m3!1m2!1s0x8eaefa6aa7fa6a27%3A0x3673ecc26e3a61c4!2sTerminal+Asotrapusa!5e0!3m2!1sja!2sjp!4v1506438399693\" width=\"400\" height=\"300\" frameborder=\"0\" allowfullscreen=\"allowfullscreen\"><\/iframe><\/p>\n<p>(Carte termale pour santo domingo)<\/p>\n","protected":false},"excerpt":{"rendered":"<p>Pour voyager \u00e0 Saman\u00e1. Pour faire un voyage aller retour de Saint-Domingue a Saman\u00e1, \u00a0les utilisateurs de v\u00e9hicules l\u00e9gers doivent payer RD $1,956.00 pour les quatre stations de p\u00e9age. Dans la premi\u00e8re station les automobiles, camionnettes, v\u00e9hicules 4&#215;4 et van familiales paient RD $56; dans la deuxi\u00e8me, RD $181; dans la troisi\u00e8me, RD $213 et [&hellip;]<\/p>\n","protected":false},"author":1,"featured_media":0,"parent":0,"menu_order":0,"comment_status":"open","ping_status":"closed","template":"comollegar.php","meta":{"footnotes":""},"class_list":["post-72","page","type-page","status-publish","hentry"],"yoast_head":"<!-- This site is optimized with the Yoast SEO plugin v25.8 - https:\/\/yoast.com\/wordpress\/plugins\/seo\/ -->\n<title>Comment arriver - Saman\u00e1<\/title>\n<meta name=\"description\" content=\"D\u00e9couvrez les moyens d&#039;arriver \u00e1 Saman\u00e1\" \/>\n<meta name=\"robots\" content=\"index, follow, max-snippet:-1, max-image-preview:large, max-video-preview:-1\" \/>\n<link rel=\"canonical\" href=\"https:\/\/gosamana.com\/fr\/comment-arriver\/\" \/>\n<meta property=\"og:locale\" content=\"fr_FR\" \/>\n<meta property=\"og:type\" content=\"article\" \/>\n<meta property=\"og:title\" content=\"Comment arriver - Saman\u00e1\" \/>\n<meta property=\"og:description\" content=\"D\u00e9couvrez les moyens d&#039;arriver \u00e1 Saman\u00e1\" \/>\n<meta property=\"og:url\" content=\"https:\/\/gosamana.com\/fr\/comment-arriver\/\" \/>\n<meta property=\"og:site_name\" content=\"Saman\u00e1\" \/>\n<meta property=\"article:modified_time\" content=\"2019-05-02T16:17:55+00:00\" \/>\n<meta property=\"og:image\" content=\"http:\/\/gosamana.com\/wp-content\/uploads\/2015\/08\/IMG_6955-300x169.jpg\" \/>\n<meta name=\"twitter:card\" content=\"summary_large_image\" \/>\n<meta name=\"twitter:label1\" content=\"Dur\u00e9e de lecture estim\u00e9e\" \/>\n\t<meta name=\"twitter:data1\" content=\"1 minute\" \/>\n<script type=\"application\/ld+json\" class=\"yoast-schema-graph\">{\"@context\":\"https:\/\/schema.org\",\"@graph\":[{\"@type\":\"WebPage\",\"@id\":\"https:\/\/gosamana.com\/fr\/comment-arriver\/\",\"url\":\"https:\/\/gosamana.com\/fr\/comment-arriver\/\",\"name\":\"Comment arriver - Saman\u00e1\",\"isPartOf\":{\"@id\":\"https:\/\/gosamana.com\/fr\/#website\"},\"primaryImageOfPage\":{\"@id\":\"https:\/\/gosamana.com\/fr\/comment-arriver\/#primaryimage\"},\"image\":{\"@id\":\"https:\/\/gosamana.com\/fr\/comment-arriver\/#primaryimage\"},\"thumbnailUrl\":\"http:\/\/gosamana.com\/wp-content\/uploads\/2015\/08\/IMG_6955-300x169.jpg\",\"datePublished\":\"2015-08-12T20:23:43+00:00\",\"dateModified\":\"2019-05-02T16:17:55+00:00\",\"description\":\"D\u00e9couvrez les moyens d'arriver \u00e1 Saman\u00e1\",\"breadcrumb\":{\"@id\":\"https:\/\/gosamana.com\/fr\/comment-arriver\/#breadcrumb\"},\"inLanguage\":\"fr-FR\",\"potentialAction\":[{\"@type\":\"ReadAction\",\"target\":[\"https:\/\/gosamana.com\/fr\/comment-arriver\/\"]}]},{\"@type\":\"ImageObject\",\"inLanguage\":\"fr-FR\",\"@id\":\"https:\/\/gosamana.com\/fr\/comment-arriver\/#primaryimage\",\"url\":\"http:\/\/gosamana.com\/wp-content\/uploads\/2015\/08\/IMG_6955-300x169.jpg\",\"contentUrl\":\"http:\/\/gosamana.com\/wp-content\/uploads\/2015\/08\/IMG_6955-300x169.jpg\"},{\"@type\":\"BreadcrumbList\",\"@id\":\"https:\/\/gosamana.com\/fr\/comment-arriver\/#breadcrumb\",\"itemListElement\":[{\"@type\":\"ListItem\",\"position\":1,\"name\":\"Portada\",\"item\":\"https:\/\/gosamana.com\/fr\/\"},{\"@type\":\"ListItem\",\"position\":2,\"name\":\"Comment arriver\"}]},{\"@type\":\"WebSite\",\"@id\":\"https:\/\/gosamana.com\/fr\/#website\",\"url\":\"https:\/\/gosamana.com\/fr\/\",\"name\":\"Saman\u00e1\",\"description\":\"Sitio oficial del destino tur\u00edstico Saman\u00e1\",\"potentialAction\":[{\"@type\":\"SearchAction\",\"target\":{\"@type\":\"EntryPoint\",\"urlTemplate\":\"https:\/\/gosamana.com\/fr\/?s={search_term_string}\"},\"query-input\":{\"@type\":\"PropertyValueSpecification\",\"valueRequired\":true,\"valueName\":\"search_term_string\"}}],\"inLanguage\":\"fr-FR\"}]}<\/script>\n<!-- \/ Yoast SEO plugin. -->","yoast_head_json":{"title":"Comment arriver - Saman\u00e1","description":"D\u00e9couvrez les moyens d'arriver \u00e1 Saman\u00e1","robots":{"index":"index","follow":"follow","max-snippet":"max-snippet:-1","max-image-preview":"max-image-preview:large","max-video-preview":"max-video-preview:-1"},"canonical":"https:\/\/gosamana.com\/fr\/comment-arriver\/","og_locale":"fr_FR","og_type":"article","og_title":"Comment arriver - Saman\u00e1","og_description":"D\u00e9couvrez les moyens d'arriver \u00e1 Saman\u00e1","og_url":"https:\/\/gosamana.com\/fr\/comment-arriver\/","og_site_name":"Saman\u00e1","article_modified_time":"2019-05-02T16:17:55+00:00","og_image":[{"url":"http:\/\/gosamana.com\/wp-content\/uploads\/2015\/08\/IMG_6955-300x169.jpg","type":"","width":"","height":""}],"twitter_card":"summary_large_image","twitter_misc":{"Dur\u00e9e de lecture estim\u00e9e":"1 minute"},"schema":{"@context":"https:\/\/schema.org","@graph":[{"@type":"WebPage","@id":"https:\/\/gosamana.com\/fr\/comment-arriver\/","url":"https:\/\/gosamana.com\/fr\/comment-arriver\/","name":"Comment arriver - Saman\u00e1","isPartOf":{"@id":"https:\/\/gosamana.com\/fr\/#website"},"primaryImageOfPage":{"@id":"https:\/\/gosamana.com\/fr\/comment-arriver\/#primaryimage"},"image":{"@id":"https:\/\/gosamana.com\/fr\/comment-arriver\/#primaryimage"},"thumbnailUrl":"http:\/\/gosamana.com\/wp-content\/uploads\/2015\/08\/IMG_6955-300x169.jpg","datePublished":"2015-08-12T20:23:43+00:00","dateModified":"2019-05-02T16:17:55+00:00","description":"D\u00e9couvrez les moyens d'arriver \u00e1 Saman\u00e1","breadcrumb":{"@id":"https:\/\/gosamana.com\/fr\/comment-arriver\/#breadcrumb"},"inLanguage":"fr-FR","potentialAction":[{"@type":"ReadAction","target":["https:\/\/gosamana.com\/fr\/comment-arriver\/"]}]},{"@type":"ImageObject","inLanguage":"fr-FR","@id":"https:\/\/gosamana.com\/fr\/comment-arriver\/#primaryimage","url":"http:\/\/gosamana.com\/wp-content\/uploads\/2015\/08\/IMG_6955-300x169.jpg","contentUrl":"http:\/\/gosamana.com\/wp-content\/uploads\/2015\/08\/IMG_6955-300x169.jpg"},{"@type":"BreadcrumbList","@id":"https:\/\/gosamana.com\/fr\/comment-arriver\/#breadcrumb","itemListElement":[{"@type":"ListItem","position":1,"name":"Portada","item":"https:\/\/gosamana.com\/fr\/"},{"@type":"ListItem","position":2,"name":"Comment arriver"}]},{"@type":"WebSite","@id":"https:\/\/gosamana.com\/fr\/#website","url":"https:\/\/gosamana.com\/fr\/","name":"Saman\u00e1","description":"Sitio oficial del destino tur\u00edstico Saman\u00e1","potentialAction":[{"@type":"SearchAction","target":{"@type":"EntryPoint","urlTemplate":"https:\/\/gosamana.com\/fr\/?s={search_term_string}"},"query-input":{"@type":"PropertyValueSpecification","valueRequired":true,"valueName":"search_term_string"}}],"inLanguage":"fr-FR"}]}},"_links":{"self":[{"href":"https:\/\/gosamana.com\/fr\/wp-json\/wp\/v2\/pages\/72","targetHints":{"allow":["GET"]}}],"collection":[{"href":"https:\/\/gosamana.com\/fr\/wp-json\/wp\/v2\/pages"}],"about":[{"href":"https:\/\/gosamana.com\/fr\/wp-json\/wp\/v2\/types\/page"}],"author":[{"embeddable":true,"href":"https:\/\/gosamana.com\/fr\/wp-json\/wp\/v2\/users\/1"}],"replies":[{"embeddable":true,"href":"https:\/\/gosamana.com\/fr\/wp-json\/wp\/v2\/comments?post=72"}],"version-history":[{"count":12,"href":"https:\/\/gosamana.com\/fr\/wp-json\/wp\/v2\/pages\/72\/revisions"}],"predecessor-version":[{"id":4210,"href":"https:\/\/gosamana.com\/fr\/wp-json\/wp\/v2\/pages\/72\/revisions\/4210"}],"wp:attachment":[{"href":"https:\/\/gosamana.com\/fr\/wp-json\/wp\/v2\/media?parent=72"}],"curies":[{"name":"wp","href":"https:\/\/api.w.org\/{rel}","templated":true}]}}