{"id":73,"date":"2015-08-11T23:20:40","date_gmt":"2015-08-11T23:20:40","guid":{"rendered":"http:\/\/localhost\/berrywhale\/samana\/fr\/?page_id=73"},"modified":"2019-05-02T16:17:32","modified_gmt":"2019-05-02T16:17:32","slug":"choses-a-faire","status":"publish","type":"page","link":"https:\/\/gosamana.com\/fr\/choses-a-faire\/","title":{"rendered":"Choses \u00e0 faire"},"content":{"rendered":"<h1>Activit\u00e9s et tours<\/h1>\n<p>B\u00e9n\u00e9ficiant soleil et la plage, plong\u00e9e, randonn\u00e9e, voile, visite des grottes colombienne, devenir un \u00e9claireur, choyer votre palais, tomber en amour. D\u00e9couvrez Saman\u00e1 propose des milliers de choses \u00e0 faire et &#8230;. plus.<\/p>\n","protected":false},"excerpt":{"rendered":"<p>Activit\u00e9s et tours B\u00e9n\u00e9ficiant soleil et la plage, plong\u00e9e, randonn\u00e9e, voile, visite des grottes colombienne, devenir un \u00e9claireur, choyer votre palais, tomber en amour. D\u00e9couvrez Saman\u00e1 propose des milliers de choses \u00e0 faire et &#8230;. plus.<\/p>\n","protected":false},"author":1,"featured_media":2451,"parent":0,"menu_order":0,"comment_status":"open","ping_status":"closed","template":"cosasquehacer.php","meta":{"footnotes":""},"class_list":["post-73","page","type-page","status-publish","has-post-thumbnail","hentry"],"yoast_head":"<!-- This site is optimized with the Yoast SEO plugin v25.8 - https:\/\/yoast.com\/wordpress\/plugins\/seo\/ -->\n<title>Choses \u00e0 Faire - Saman\u00e1<\/title>\n<meta name=\"description\" content=\"Profiter du soleil et de la plage, la plong\u00e9e, la randonn\u00e9e et la voile. D\u00e9couvrez Saman\u00e1 offre tout....et plus.\" \/>\n<meta name=\"robots\" content=\"index, follow, max-snippet:-1, max-image-preview:large, max-video-preview:-1\" \/>\n<link rel=\"canonical\" href=\"https:\/\/gosamana.com\/fr\/choses-a-faire\/\" \/>\n<meta property=\"og:locale\" content=\"fr_FR\" \/>\n<meta property=\"og:type\" content=\"article\" \/>\n<meta property=\"og:title\" content=\"Choses \u00e0 Faire - Saman\u00e1\" \/>\n<meta property=\"og:description\" content=\"Profiter du soleil et de la plage, la plong\u00e9e, la randonn\u00e9e et la voile. D\u00e9couvrez Saman\u00e1 offre tout....et plus.\" \/>\n<meta property=\"og:url\" content=\"https:\/\/gosamana.com\/fr\/choses-a-faire\/\" \/>\n<meta property=\"og:site_name\" content=\"Saman\u00e1\" \/>\n<meta property=\"article:modified_time\" content=\"2019-05-02T16:17:32+00:00\" \/>\n<meta property=\"og:image\" content=\"https:\/\/gosamana.com\/wp-content\/uploads\/2015\/08\/4.jpg\" \/>\n\t<meta property=\"og:image:width\" content=\"1900\" \/>\n\t<meta property=\"og:image:height\" content=\"633\" \/>\n\t<meta property=\"og:image:type\" content=\"image\/jpeg\" \/>\n<meta name=\"twitter:card\" content=\"summary_large_image\" \/>\n<script type=\"application\/ld+json\" class=\"yoast-schema-graph\">{\"@context\":\"https:\/\/schema.org\",\"@graph\":[{\"@type\":\"WebPage\",\"@id\":\"https:\/\/gosamana.com\/fr\/choses-a-faire\/\",\"url\":\"https:\/\/gosamana.com\/fr\/choses-a-faire\/\",\"name\":\"Choses \u00e0 Faire - Saman\u00e1\",\"isPartOf\":{\"@id\":\"https:\/\/gosamana.com\/fr\/#website\"},\"primaryImageOfPage\":{\"@id\":\"https:\/\/gosamana.com\/fr\/choses-a-faire\/#primaryimage\"},\"image\":{\"@id\":\"https:\/\/gosamana.com\/fr\/choses-a-faire\/#primaryimage\"},\"thumbnailUrl\":\"https:\/\/gosamana.com\/wp-content\/uploads\/2015\/08\/4.jpg\",\"datePublished\":\"2015-08-11T23:20:40+00:00\",\"dateModified\":\"2019-05-02T16:17:32+00:00\",\"description\":\"Profiter du soleil et de la plage, la plong\u00e9e, la randonn\u00e9e et la voile. D\u00e9couvrez Saman\u00e1 offre tout....et plus.\",\"breadcrumb\":{\"@id\":\"https:\/\/gosamana.com\/fr\/choses-a-faire\/#breadcrumb\"},\"inLanguage\":\"fr-FR\",\"potentialAction\":[{\"@type\":\"ReadAction\",\"target\":[\"https:\/\/gosamana.com\/fr\/choses-a-faire\/\"]}]},{\"@type\":\"ImageObject\",\"inLanguage\":\"fr-FR\",\"@id\":\"https:\/\/gosamana.com\/fr\/choses-a-faire\/#primaryimage\",\"url\":\"https:\/\/gosamana.com\/wp-content\/uploads\/2015\/08\/4.jpg\",\"contentUrl\":\"https:\/\/gosamana.com\/wp-content\/uploads\/2015\/08\/4.jpg\",\"width\":1900,\"height\":633},{\"@type\":\"BreadcrumbList\",\"@id\":\"https:\/\/gosamana.com\/fr\/choses-a-faire\/#breadcrumb\",\"itemListElement\":[{\"@type\":\"ListItem\",\"position\":1,\"name\":\"Portada\",\"item\":\"https:\/\/gosamana.com\/fr\/\"},{\"@type\":\"ListItem\",\"position\":2,\"name\":\"Choses \u00e0 faire\"}]},{\"@type\":\"WebSite\",\"@id\":\"https:\/\/gosamana.com\/fr\/#website\",\"url\":\"https:\/\/gosamana.com\/fr\/\",\"name\":\"Saman\u00e1\",\"description\":\"Sitio oficial del destino tur\u00edstico Saman\u00e1\",\"potentialAction\":[{\"@type\":\"SearchAction\",\"target\":{\"@type\":\"EntryPoint\",\"urlTemplate\":\"https:\/\/gosamana.com\/fr\/?s={search_term_string}\"},\"query-input\":{\"@type\":\"PropertyValueSpecification\",\"valueRequired\":true,\"valueName\":\"search_term_string\"}}],\"inLanguage\":\"fr-FR\"}]}<\/script>\n<!-- \/ Yoast SEO plugin. -->","yoast_head_json":{"title":"Choses \u00e0 Faire - Saman\u00e1","description":"Profiter du soleil et de la plage, la plong\u00e9e, la randonn\u00e9e et la voile. D\u00e9couvrez Saman\u00e1 offre tout....et plus.","robots":{"index":"index","follow":"follow","max-snippet":"max-snippet:-1","max-image-preview":"max-image-preview:large","max-video-preview":"max-video-preview:-1"},"canonical":"https:\/\/gosamana.com\/fr\/choses-a-faire\/","og_locale":"fr_FR","og_type":"article","og_title":"Choses \u00e0 Faire - Saman\u00e1","og_description":"Profiter du soleil et de la plage, la plong\u00e9e, la randonn\u00e9e et la voile. D\u00e9couvrez Saman\u00e1 offre tout....et plus.","og_url":"https:\/\/gosamana.com\/fr\/choses-a-faire\/","og_site_name":"Saman\u00e1","article_modified_time":"2019-05-02T16:17:32+00:00","og_image":[{"width":1900,"height":633,"url":"https:\/\/gosamana.com\/wp-content\/uploads\/2015\/08\/4.jpg","type":"image\/jpeg"}],"twitter_card":"summary_large_image","schema":{"@context":"https:\/\/schema.org","@graph":[{"@type":"WebPage","@id":"https:\/\/gosamana.com\/fr\/choses-a-faire\/","url":"https:\/\/gosamana.com\/fr\/choses-a-faire\/","name":"Choses \u00e0 Faire - Saman\u00e1","isPartOf":{"@id":"https:\/\/gosamana.com\/fr\/#website"},"primaryImageOfPage":{"@id":"https:\/\/gosamana.com\/fr\/choses-a-faire\/#primaryimage"},"image":{"@id":"https:\/\/gosamana.com\/fr\/choses-a-faire\/#primaryimage"},"thumbnailUrl":"https:\/\/gosamana.com\/wp-content\/uploads\/2015\/08\/4.jpg","datePublished":"2015-08-11T23:20:40+00:00","dateModified":"2019-05-02T16:17:32+00:00","description":"Profiter du soleil et de la plage, la plong\u00e9e, la randonn\u00e9e et la voile. D\u00e9couvrez Saman\u00e1 offre tout....et plus.","breadcrumb":{"@id":"https:\/\/gosamana.com\/fr\/choses-a-faire\/#breadcrumb"},"inLanguage":"fr-FR","potentialAction":[{"@type":"ReadAction","target":["https:\/\/gosamana.com\/fr\/choses-a-faire\/"]}]},{"@type":"ImageObject","inLanguage":"fr-FR","@id":"https:\/\/gosamana.com\/fr\/choses-a-faire\/#primaryimage","url":"https:\/\/gosamana.com\/wp-content\/uploads\/2015\/08\/4.jpg","contentUrl":"https:\/\/gosamana.com\/wp-content\/uploads\/2015\/08\/4.jpg","width":1900,"height":633},{"@type":"BreadcrumbList","@id":"https:\/\/gosamana.com\/fr\/choses-a-faire\/#breadcrumb","itemListElement":[{"@type":"ListItem","position":1,"name":"Portada","item":"https:\/\/gosamana.com\/fr\/"},{"@type":"ListItem","position":2,"name":"Choses \u00e0 faire"}]},{"@type":"WebSite","@id":"https:\/\/gosamana.com\/fr\/#website","url":"https:\/\/gosamana.com\/fr\/","name":"Saman\u00e1","description":"Sitio oficial del destino tur\u00edstico Saman\u00e1","potentialAction":[{"@type":"SearchAction","target":{"@type":"EntryPoint","urlTemplate":"https:\/\/gosamana.com\/fr\/?s={search_term_string}"},"query-input":{"@type":"PropertyValueSpecification","valueRequired":true,"valueName":"search_term_string"}}],"inLanguage":"fr-FR"}]}},"_links":{"self":[{"href":"https:\/\/gosamana.com\/fr\/wp-json\/wp\/v2\/pages\/73","targetHints":{"allow":["GET"]}}],"collection":[{"href":"https:\/\/gosamana.com\/fr\/wp-json\/wp\/v2\/pages"}],"about":[{"href":"https:\/\/gosamana.com\/fr\/wp-json\/wp\/v2\/types\/page"}],"author":[{"embeddable":true,"href":"https:\/\/gosamana.com\/fr\/wp-json\/wp\/v2\/users\/1"}],"replies":[{"embeddable":true,"href":"https:\/\/gosamana.com\/fr\/wp-json\/wp\/v2\/comments?post=73"}],"version-history":[{"count":13,"href":"https:\/\/gosamana.com\/fr\/wp-json\/wp\/v2\/pages\/73\/revisions"}],"predecessor-version":[{"id":4207,"href":"https:\/\/gosamana.com\/fr\/wp-json\/wp\/v2\/pages\/73\/revisions\/4207"}],"wp:featuredmedia":[{"embeddable":true,"href":"https:\/\/gosamana.com\/fr\/wp-json\/wp\/v2\/media\/2451"}],"wp:attachment":[{"href":"https:\/\/gosamana.com\/fr\/wp-json\/wp\/v2\/media?parent=73"}],"curies":[{"name":"wp","href":"https:\/\/api.w.org\/{rel}","templated":true}]}}