{"id":76,"date":"2015-08-11T23:20:10","date_gmt":"2015-08-11T23:20:10","guid":{"rendered":"http:\/\/localhost\/berrywhale\/samana\/fr\/?page_id=76"},"modified":"2019-05-02T16:11:14","modified_gmt":"2019-05-02T16:11:14","slug":"parler-du-samana","status":"publish","type":"page","link":"https:\/\/gosamana.com\/fr\/parler-du-samana\/","title":{"rendered":"Parler du Saman\u00e1"},"content":{"rendered":"<p>Conna\u00eetre l&rsquo;histoire d&rsquo;un endroit que vous visitez, peut transformer un s\u00e9jour dans un \u00e9change culturel rentable.<\/p>\n<p>L&rsquo;histoire riche et color\u00e9e de Saman\u00e1 a commenc\u00e9 comme un domaine Taino, des si\u00e8cles avant l&rsquo;arriv\u00e9e de Christophe Colomb en 1492.<br \/>\nLa ville de Saman\u00e1 a \u00e9t\u00e9 fond\u00e9e en 1756 par des familles espagnoles et en 1802 a \u00e9t\u00e9 envahi par la flotte fran\u00e7aise de Napol\u00e9on Bonaparte avec des instructions de qu\u2019elle soit la capitale de la colonie, avec le nom de ville Napol\u00e9on.<\/p>\n<p>Les Colons fran\u00e7ais qui fuyaient d\u2019Ha\u00efti se sont joints aux espagnols dans le d\u00e9veloppement des plantations de canne \u00e0 sucre, caf\u00e9, cacao et coco.<\/p>\n<p>La formation de la migration creuset raciale a continu\u00e9 en 1824 avec l&rsquo;arriv\u00e9e de 300 familles des esclaves lib\u00e9r\u00e9s des \u00c9tats-Unis, gr\u00e2ce \u00e0 des accords avec l&rsquo;Eglise m\u00e9thodiste \u00e9piscopale africaine en Am\u00e9rique.<\/p>\n<p>Au d\u00e9but du 20me si\u00e8cle des \u00c9tats-Unis ont particip\u00e9 \u00e0 plusieurs n\u00e9gociations pour louer la p\u00e9ninsule.<\/p>\n<p>Saman\u00e1 a \u00e9t\u00e9 une partie importante de l&rsquo;histoire de la R\u00e9publique Dominicaine et a contribu\u00e9e au d\u00e9veloppement du tourisme dans le pays comme l&rsquo;un des dirigeants de la r\u00e9gion des Cara\u00efbes et du monde.<\/p>\n","protected":false},"excerpt":{"rendered":"<p>Conna\u00eetre l&rsquo;histoire d&rsquo;un endroit que vous visitez, peut transformer un s\u00e9jour dans un \u00e9change culturel rentable. L&rsquo;histoire riche et color\u00e9e de Saman\u00e1 a commenc\u00e9 comme un domaine Taino, des si\u00e8cles avant l&rsquo;arriv\u00e9e de Christophe Colomb en 1492. La ville de Saman\u00e1 a \u00e9t\u00e9 fond\u00e9e en 1756 par des familles espagnoles et en 1802 a \u00e9t\u00e9 [&hellip;]<\/p>\n","protected":false},"author":1,"featured_media":1679,"parent":0,"menu_order":0,"comment_status":"open","ping_status":"closed","template":"hablamedesamana.php","meta":{"footnotes":""},"class_list":["post-76","page","type-page","status-publish","has-post-thumbnail","hentry"],"yoast_head":"<!-- This site is optimized with the Yoast SEO plugin v25.8 - https:\/\/yoast.com\/wordpress\/plugins\/seo\/ -->\n<title>Histoire\u00a0du Saman\u00e1<\/title>\n<meta name=\"description\" content=\"Saman\u00e1 a \u00e9t\u00e9 une partie importante de l&#039;histoire de la R\u00e9publique Dominicaine et a contribu\u00e9e au d\u00e9veloppement du tourisme.\" \/>\n<meta name=\"robots\" content=\"index, follow, max-snippet:-1, max-image-preview:large, max-video-preview:-1\" \/>\n<link rel=\"canonical\" href=\"https:\/\/gosamana.com\/fr\/parler-du-samana\/\" \/>\n<meta property=\"og:locale\" content=\"fr_FR\" \/>\n<meta property=\"og:type\" content=\"article\" \/>\n<meta property=\"og:title\" content=\"Histoire\u00a0du Saman\u00e1\" \/>\n<meta property=\"og:description\" content=\"Saman\u00e1 a \u00e9t\u00e9 une partie importante de l&#039;histoire de la R\u00e9publique Dominicaine et a contribu\u00e9e au d\u00e9veloppement du tourisme.\" \/>\n<meta property=\"og:url\" content=\"https:\/\/gosamana.com\/fr\/parler-du-samana\/\" \/>\n<meta property=\"og:site_name\" content=\"Saman\u00e1\" \/>\n<meta property=\"article:modified_time\" content=\"2019-05-02T16:11:14+00:00\" \/>\n<meta property=\"og:image\" content=\"https:\/\/gosamana.com\/wp-content\/uploads\/2015\/10\/samana.jpg\" \/>\n\t<meta property=\"og:image:width\" content=\"1900\" \/>\n\t<meta property=\"og:image:height\" content=\"633\" \/>\n\t<meta property=\"og:image:type\" content=\"image\/jpeg\" \/>\n<meta name=\"twitter:card\" content=\"summary_large_image\" \/>\n<meta name=\"twitter:label1\" content=\"Dur\u00e9e de lecture estim\u00e9e\" \/>\n\t<meta name=\"twitter:data1\" content=\"1 minute\" \/>\n<script type=\"application\/ld+json\" class=\"yoast-schema-graph\">{\"@context\":\"https:\/\/schema.org\",\"@graph\":[{\"@type\":\"WebPage\",\"@id\":\"https:\/\/gosamana.com\/fr\/parler-du-samana\/\",\"url\":\"https:\/\/gosamana.com\/fr\/parler-du-samana\/\",\"name\":\"Histoire\u00a0du Saman\u00e1\",\"isPartOf\":{\"@id\":\"https:\/\/gosamana.com\/fr\/#website\"},\"primaryImageOfPage\":{\"@id\":\"https:\/\/gosamana.com\/fr\/parler-du-samana\/#primaryimage\"},\"image\":{\"@id\":\"https:\/\/gosamana.com\/fr\/parler-du-samana\/#primaryimage\"},\"thumbnailUrl\":\"https:\/\/gosamana.com\/wp-content\/uploads\/2015\/10\/samana.jpg\",\"datePublished\":\"2015-08-11T23:20:10+00:00\",\"dateModified\":\"2019-05-02T16:11:14+00:00\",\"description\":\"Saman\u00e1 a \u00e9t\u00e9 une partie importante de l'histoire de la R\u00e9publique Dominicaine et a contribu\u00e9e au d\u00e9veloppement du tourisme.\",\"breadcrumb\":{\"@id\":\"https:\/\/gosamana.com\/fr\/parler-du-samana\/#breadcrumb\"},\"inLanguage\":\"fr-FR\",\"potentialAction\":[{\"@type\":\"ReadAction\",\"target\":[\"https:\/\/gosamana.com\/fr\/parler-du-samana\/\"]}]},{\"@type\":\"ImageObject\",\"inLanguage\":\"fr-FR\",\"@id\":\"https:\/\/gosamana.com\/fr\/parler-du-samana\/#primaryimage\",\"url\":\"https:\/\/gosamana.com\/wp-content\/uploads\/2015\/10\/samana.jpg\",\"contentUrl\":\"https:\/\/gosamana.com\/wp-content\/uploads\/2015\/10\/samana.jpg\",\"width\":1900,\"height\":633},{\"@type\":\"BreadcrumbList\",\"@id\":\"https:\/\/gosamana.com\/fr\/parler-du-samana\/#breadcrumb\",\"itemListElement\":[{\"@type\":\"ListItem\",\"position\":1,\"name\":\"Portada\",\"item\":\"https:\/\/gosamana.com\/fr\/\"},{\"@type\":\"ListItem\",\"position\":2,\"name\":\"Parler du Saman\u00e1\"}]},{\"@type\":\"WebSite\",\"@id\":\"https:\/\/gosamana.com\/fr\/#website\",\"url\":\"https:\/\/gosamana.com\/fr\/\",\"name\":\"Saman\u00e1\",\"description\":\"Sitio oficial del destino tur\u00edstico Saman\u00e1\",\"potentialAction\":[{\"@type\":\"SearchAction\",\"target\":{\"@type\":\"EntryPoint\",\"urlTemplate\":\"https:\/\/gosamana.com\/fr\/?s={search_term_string}\"},\"query-input\":{\"@type\":\"PropertyValueSpecification\",\"valueRequired\":true,\"valueName\":\"search_term_string\"}}],\"inLanguage\":\"fr-FR\"}]}<\/script>\n<!-- \/ Yoast SEO plugin. -->","yoast_head_json":{"title":"Histoire\u00a0du Saman\u00e1","description":"Saman\u00e1 a \u00e9t\u00e9 une partie importante de l'histoire de la R\u00e9publique Dominicaine et a contribu\u00e9e au d\u00e9veloppement du tourisme.","robots":{"index":"index","follow":"follow","max-snippet":"max-snippet:-1","max-image-preview":"max-image-preview:large","max-video-preview":"max-video-preview:-1"},"canonical":"https:\/\/gosamana.com\/fr\/parler-du-samana\/","og_locale":"fr_FR","og_type":"article","og_title":"Histoire\u00a0du Saman\u00e1","og_description":"Saman\u00e1 a \u00e9t\u00e9 une partie importante de l'histoire de la R\u00e9publique Dominicaine et a contribu\u00e9e au d\u00e9veloppement du tourisme.","og_url":"https:\/\/gosamana.com\/fr\/parler-du-samana\/","og_site_name":"Saman\u00e1","article_modified_time":"2019-05-02T16:11:14+00:00","og_image":[{"width":1900,"height":633,"url":"https:\/\/gosamana.com\/wp-content\/uploads\/2015\/10\/samana.jpg","type":"image\/jpeg"}],"twitter_card":"summary_large_image","twitter_misc":{"Dur\u00e9e de lecture estim\u00e9e":"1 minute"},"schema":{"@context":"https:\/\/schema.org","@graph":[{"@type":"WebPage","@id":"https:\/\/gosamana.com\/fr\/parler-du-samana\/","url":"https:\/\/gosamana.com\/fr\/parler-du-samana\/","name":"Histoire\u00a0du Saman\u00e1","isPartOf":{"@id":"https:\/\/gosamana.com\/fr\/#website"},"primaryImageOfPage":{"@id":"https:\/\/gosamana.com\/fr\/parler-du-samana\/#primaryimage"},"image":{"@id":"https:\/\/gosamana.com\/fr\/parler-du-samana\/#primaryimage"},"thumbnailUrl":"https:\/\/gosamana.com\/wp-content\/uploads\/2015\/10\/samana.jpg","datePublished":"2015-08-11T23:20:10+00:00","dateModified":"2019-05-02T16:11:14+00:00","description":"Saman\u00e1 a \u00e9t\u00e9 une partie importante de l'histoire de la R\u00e9publique Dominicaine et a contribu\u00e9e au d\u00e9veloppement du tourisme.","breadcrumb":{"@id":"https:\/\/gosamana.com\/fr\/parler-du-samana\/#breadcrumb"},"inLanguage":"fr-FR","potentialAction":[{"@type":"ReadAction","target":["https:\/\/gosamana.com\/fr\/parler-du-samana\/"]}]},{"@type":"ImageObject","inLanguage":"fr-FR","@id":"https:\/\/gosamana.com\/fr\/parler-du-samana\/#primaryimage","url":"https:\/\/gosamana.com\/wp-content\/uploads\/2015\/10\/samana.jpg","contentUrl":"https:\/\/gosamana.com\/wp-content\/uploads\/2015\/10\/samana.jpg","width":1900,"height":633},{"@type":"BreadcrumbList","@id":"https:\/\/gosamana.com\/fr\/parler-du-samana\/#breadcrumb","itemListElement":[{"@type":"ListItem","position":1,"name":"Portada","item":"https:\/\/gosamana.com\/fr\/"},{"@type":"ListItem","position":2,"name":"Parler du Saman\u00e1"}]},{"@type":"WebSite","@id":"https:\/\/gosamana.com\/fr\/#website","url":"https:\/\/gosamana.com\/fr\/","name":"Saman\u00e1","description":"Sitio oficial del destino tur\u00edstico Saman\u00e1","potentialAction":[{"@type":"SearchAction","target":{"@type":"EntryPoint","urlTemplate":"https:\/\/gosamana.com\/fr\/?s={search_term_string}"},"query-input":{"@type":"PropertyValueSpecification","valueRequired":true,"valueName":"search_term_string"}}],"inLanguage":"fr-FR"}]}},"_links":{"self":[{"href":"https:\/\/gosamana.com\/fr\/wp-json\/wp\/v2\/pages\/76","targetHints":{"allow":["GET"]}}],"collection":[{"href":"https:\/\/gosamana.com\/fr\/wp-json\/wp\/v2\/pages"}],"about":[{"href":"https:\/\/gosamana.com\/fr\/wp-json\/wp\/v2\/types\/page"}],"author":[{"embeddable":true,"href":"https:\/\/gosamana.com\/fr\/wp-json\/wp\/v2\/users\/1"}],"replies":[{"embeddable":true,"href":"https:\/\/gosamana.com\/fr\/wp-json\/wp\/v2\/comments?post=76"}],"version-history":[{"count":8,"href":"https:\/\/gosamana.com\/fr\/wp-json\/wp\/v2\/pages\/76\/revisions"}],"predecessor-version":[{"id":3159,"href":"https:\/\/gosamana.com\/fr\/wp-json\/wp\/v2\/pages\/76\/revisions\/3159"}],"wp:featuredmedia":[{"embeddable":true,"href":"https:\/\/gosamana.com\/fr\/wp-json\/wp\/v2\/media\/1679"}],"wp:attachment":[{"href":"https:\/\/gosamana.com\/fr\/wp-json\/wp\/v2\/media?parent=76"}],"curies":[{"name":"wp","href":"https:\/\/api.w.org\/{rel}","templated":true}]}}